{"id":92,"date":"2017-12-13T18:38:34","date_gmt":"2017-12-13T21:38:34","guid":{"rendered":"https:\/\/centroredes.miurl.com.ar\/?page_id=92"},"modified":"2018-02-24T11:35:43","modified_gmt":"2018-02-24T14:35:43","slug":"gestion-institucional-y-de-proyectos","status":"publish","type":"page","link":"https:\/\/centroredes.org.ar\/index.php\/integrantes\/gestion-institucional-y-de-proyectos\/","title":{"rendered":"Gesti\u00f3n institucional y de proyectos"},"content":{"rendered":"<div class=\"no-filters\">\r\n\t\t<div class=\"pgafu-filter-wrp \">\r\n\t\t\t<ul class=\"pgafu-filter\" id=\"pgafu-filtr-1\">\r\n\t\t\t\t<li class=\"pgafu-filtr-cat pgafu-active-filtr\" data-filter=\"*\"><a href=\"javascript:void(0);\">All<\/a><\/li>\r\n\t\t\t\t\t\t\t\t\t<li class=\"pgafu-filtr-cat\" data-filter=\".pgafu-43\"><a href=\"javascript:void(0);\">GESTI\u00d3N INSTITUCIONAL Y DE PROYECTO<\/a><\/li>\r\n\t\t\t\t\t\t\t<\/ul>\r\n\r\n\t\t\t<div class=\"pgafu-filtr-container\" id=\"pgafu-post-filtr-1\">\r\n\t\t\t\t<div class=\"pgafu-post-grid-main pgafu-post-filter pgafu-design-1 pgafu-image-fit has-no-animation pgafu-clearfix\">\r\n\r\n\t\t\t\t\r\n\t\t\t\t\t<div class=\"pgafu-medium-4 pgafu-columns filtr-item pgafu-post-cnt pgafu-43 pgafu-46\">\r\n\t\t\t\t\t\r\n<div class=\"pgafu-post-grid\">\r\n\t<div class=\"pgafu-post-grid-content no-thumb-image\">\r\n\t\t\t\t<h2 class=\"pgafu-post-title\">\r\n\t\t\t<a href=\"https:\/\/centroredes.org.ar\/index.php\/jorge-atrio\/\">Atrio, Jorge Luis<\/a>\r\n\t\t<\/h2>\r\n\r\n\t\t\t\t\t<div class=\"pgafu-post-date\">\r\n\t\t\t\t\t\t\t<\/div>\r\n\t\t\t\t\t<div class=\"pgafu-post-content\">\r\n\t\t\t\t<div class=\"pgafu-post-short-content\">Doctor en Ciencias Sociales de la Universidad Nacional de General Sarmiento, Magister en Ciencia, Tecnolog\u00eda y Sociedad de la Universidad Nacional de Quilmes, es Licenciado en Sistemas y posee especializaciones de posgrado. En el per\u00edodo 2009-2013 fue director del Centro Argentino de Informaci\u00f3n Cient\u00edfica y Tecnol\u00f3gica (CAICYT) perteneciente al Consejo...<\/div>\r\n\t\t\t\t\t\t\t\t\t<a href=\"https:\/\/centroredes.org.ar\/index.php\/jorge-atrio\/\" class=\"readmorebtn\">Read More<\/a>\r\n\t\t\t\t\t\t\t<\/div>\r\n\t\t\t<\/div>\r\n<\/div>\t\t\t\t\t<\/div>\r\n\r\n\t\t\t\t\t\r\n\t\t\t\t\t<div class=\"pgafu-medium-4 pgafu-columns filtr-item pgafu-post-cnt pgafu-43 pgafu-46\">\r\n\t\t\t\t\t\r\n<div class=\"pgafu-post-grid\">\r\n\t<div class=\"pgafu-post-grid-content no-thumb-image\">\r\n\t\t\t\t<h2 class=\"pgafu-post-title\">\r\n\t\t\t<a href=\"https:\/\/centroredes.org.ar\/index.php\/magdalena-atrio\/\">Atrio, Magdalena<\/a>\r\n\t\t<\/h2>\r\n\r\n\t\t\t\t\t<div class=\"pgafu-post-date\">\r\n\t\t\t\t\t\t\t<\/div>\r\n\t\t\t\t\t<div class=\"pgafu-post-content\">\r\n\t\t\t\t<div class=\"pgafu-post-short-content\">Licenciada en Letras y Correctora Literaria de la Universidad del Salvador. Traductora P\u00fablica de idioma italiano de la Universidad del Salvador. Ha realizado cursos de perfeccionamiento, escritura y correcci\u00f3n\u00a0 de textos acad\u00e9micos, literarios, ling\u00fc\u00edsticos y de humanidades. Es colaboradora permanente en la organizaci\u00f3n del \u00e1rea de capacitaci\u00f3n a distancia del...<\/div>\r\n\t\t\t\t\t\t\t\t\t<a href=\"https:\/\/centroredes.org.ar\/index.php\/magdalena-atrio\/\" class=\"readmorebtn\">Read More<\/a>\r\n\t\t\t\t\t\t\t<\/div>\r\n\t\t\t<\/div>\r\n<\/div>\t\t\t\t\t<\/div>\r\n\r\n\t\t\t\t\t\r\n\t\t\t\t\t<div class=\"pgafu-medium-4 pgafu-columns filtr-item pgafu-post-cnt pgafu-62 pgafu-43 pgafu-46\">\r\n\t\t\t\t\t\r\n<div class=\"pgafu-post-grid\">\r\n\t<div class=\"pgafu-post-grid-content no-thumb-image\">\r\n\t\t\t\t<h2 class=\"pgafu-post-title\">\r\n\t\t\t<a href=\"https:\/\/centroredes.org.ar\/index.php\/maria-laura-yambrucic\/\">Yambrucic, Mar\u00eda Laura<\/a>\r\n\t\t<\/h2>\r\n\r\n\t\t\t\t\t<div class=\"pgafu-post-date\">\r\n\t\t\t\t\t\t\t<\/div>\r\n\t\t\t\t\t<div class=\"pgafu-post-content\">\r\n\t\t\t\t<div class=\"pgafu-post-short-content\">Desde el a\u00f1o 2009 hasta la fecha presta servicios en la Asociaci\u00f3n Civil Grupo REDES. Centro de Estudios sobre Ciencia, Desarrollo y Educaci\u00f3n Superior (Centro REDES \u2013 Unidad Asociada al CONICET). Capacitadora de la aplicaci\u00f3n GeoGebra para los niveles inicial e intermedio. Software libre de matem\u00e1ticas, din\u00e1mico e interactivo, orientado...<\/div>\r\n\t\t\t\t\t\t\t\t\t<a href=\"https:\/\/centroredes.org.ar\/index.php\/maria-laura-yambrucic\/\" class=\"readmorebtn\">Read More<\/a>\r\n\t\t\t\t\t\t\t<\/div>\r\n\t\t\t<\/div>\r\n<\/div>\t\t\t\t\t<\/div>\r\n\r\n\t\t\t\t\t\r\n\t\t\t\t<\/div>\r\n\t\t\t<\/div>\r\n\t\t<\/div>\r\n\r\n\t\t<\/div>\n","protected":false},"excerpt":{"rendered":"","protected":false},"author":1,"featured_media":0,"parent":299,"menu_order":0,"comment_status":"closed","ping_status":"closed","template":"","meta":{"_acf_changed":false,"_uag_custom_page_level_css":"","footnotes":""},"class_list":["post-92","page","type-page","status-publish","hentry"],"acf":[],"uagb_featured_image_src":{"full":false,"thumbnail":false,"medium":false,"medium_large":false,"large":false,"tf-client-image-size":false,"1536x1536":false,"2048x2048":false,"trp-custom-language-flag":false,"widget-thumbnail":false,"education-zone-banner":false,"education-zone-image-full":false,"education-zone-image":false,"education-zone-recent-post":false,"education-zone-search-result":false,"education-zone-featured-course":false,"education-zone-testimonial":false,"education-zone-blog-full":false,"sow-carousel-default":false},"uagb_author_info":{"display_name":"geminis","author_link":"https:\/\/centroredes.org.ar\/index.php\/author\/geminis\/"},"uagb_comment_info":0,"uagb_excerpt":null,"rttpg_featured_image_url":null,"rttpg_author":{"display_name":"geminis","author_link":"https:\/\/centroredes.org.ar\/index.php\/author\/geminis\/"},"rttpg_comment":0,"rttpg_category":"","rttpg_excerpt":null,"_links":{"self":[{"href":"https:\/\/centroredes.org.ar\/index.php\/wp-json\/wp\/v2\/pages\/92","targetHints":{"allow":["GET"]}}],"collection":[{"href":"https:\/\/centroredes.org.ar\/index.php\/wp-json\/wp\/v2\/pages"}],"about":[{"href":"https:\/\/centroredes.org.ar\/index.php\/wp-json\/wp\/v2\/types\/page"}],"author":[{"embeddable":true,"href":"https:\/\/centroredes.org.ar\/index.php\/wp-json\/wp\/v2\/users\/1"}],"replies":[{"embeddable":true,"href":"https:\/\/centroredes.org.ar\/index.php\/wp-json\/wp\/v2\/comments?post=92"}],"version-history":[{"count":5,"href":"https:\/\/centroredes.org.ar\/index.php\/wp-json\/wp\/v2\/pages\/92\/revisions"}],"predecessor-version":[{"id":1777,"href":"https:\/\/centroredes.org.ar\/index.php\/wp-json\/wp\/v2\/pages\/92\/revisions\/1777"}],"up":[{"embeddable":true,"href":"https:\/\/centroredes.org.ar\/index.php\/wp-json\/wp\/v2\/pages\/299"}],"wp:attachment":[{"href":"https:\/\/centroredes.org.ar\/index.php\/wp-json\/wp\/v2\/media?parent=92"}],"curies":[{"name":"wp","href":"https:\/\/api.w.org\/{rel}","templated":true}]}}