{"id":84,"date":"2017-12-13T18:26:35","date_gmt":"2017-12-13T21:26:35","guid":{"rendered":"https:\/\/centroredes.miurl.com.ar\/?page_id=84"},"modified":"2025-12-18T15:38:49","modified_gmt":"2025-12-18T18:38:49","slug":"investigadores-responsables-de-proyectos","status":"publish","type":"page","link":"https:\/\/centroredes.org.ar\/index.php\/integrantes\/investigadores-responsables-de-proyectos\/","title":{"rendered":"Investigadores Redes"},"content":{"rendered":"<div class=\"no-filters\">\r\n\t\t<div class=\"pgafu-filter-wrp \">\r\n\t\t\t<ul class=\"pgafu-filter\" id=\"pgafu-filtr-1\">\r\n\t\t\t\t<li class=\"pgafu-filtr-cat pgafu-active-filtr\" data-filter=\"*\"><a href=\"javascript:void(0);\">All<\/a><\/li>\r\n\t\t\t\t\t\t\t\t\t<li class=\"pgafu-filtr-cat\" data-filter=\".pgafu-39\"><a href=\"javascript:void(0);\">----INVESTIGADORES REDES<\/a><\/li>\r\n\t\t\t\t\t\t\t<\/ul>\r\n\r\n\t\t\t<div class=\"pgafu-filtr-container\" id=\"pgafu-post-filtr-1\">\r\n\t\t\t\t<div class=\"pgafu-post-grid-main pgafu-post-filter pgafu-design-1 pgafu-image-fit has-no-animation pgafu-clearfix\">\r\n\r\n\t\t\t\t\r\n\t\t\t\t\t<div class=\"pgafu-medium-4 pgafu-columns filtr-item pgafu-post-cnt pgafu-39 pgafu-51 pgafu-62 pgafu-46 pgafu-47\">\r\n\t\t\t\t\t\r\n<div class=\"pgafu-post-grid\">\r\n\t<div class=\"pgafu-post-grid-content no-thumb-image\">\r\n\t\t\t\t<h2 class=\"pgafu-post-title\">\r\n\t\t\t<a href=\"https:\/\/centroredes.org.ar\/index.php\/mario-albornoz\/\">Albornoz, Mario<\/a>\r\n\t\t<\/h2>\r\n\r\n\t\t\t\t\t<div class=\"pgafu-post-date\">\r\n\t\t\t\t\t\t\t<\/div>\r\n\t\t\t\t\t<div class=\"pgafu-post-content\">\r\n\t\t\t\t<div class=\"pgafu-post-short-content\">Profesor de filosof\u00eda. Es Investigador Principal del Consejo Nacional de Investigaciones Cient\u00edficas y T\u00e9cnicas (CONICET) en el \u00e1rea de pol\u00edticas de ciencia y tecnolog\u00eda. Su experiencia profesional incluye la consultor\u00eda especializada en pol\u00edtica y gesti\u00f3n de la ciencia, la tecnolog\u00eda y la educaci\u00f3n superior para organismos nacionales e internacionales. Es...<\/div>\r\n\t\t\t\t\t\t\t\t\t<a href=\"https:\/\/centroredes.org.ar\/index.php\/mario-albornoz\/\" class=\"readmorebtn\">Read More<\/a>\r\n\t\t\t\t\t\t\t<\/div>\r\n\t\t\t<\/div>\r\n<\/div>\t\t\t\t\t<\/div>\r\n\r\n\t\t\t\t\t\r\n\t\t\t\t\t<div class=\"pgafu-medium-4 pgafu-columns filtr-item pgafu-post-cnt pgafu-39 pgafu-62 pgafu-46 pgafu-50\">\r\n\t\t\t\t\t\r\n<div class=\"pgafu-post-grid\">\r\n\t<div class=\"pgafu-post-grid-content no-thumb-image\">\r\n\t\t\t\t<h2 class=\"pgafu-post-title\">\r\n\t\t\t<a href=\"https:\/\/centroredes.org.ar\/index.php\/carina-cortassa\/\">Cortassa, Carina<\/a>\r\n\t\t<\/h2>\r\n\r\n\t\t\t\t\t<div class=\"pgafu-post-date\">\r\n\t\t\t\t\t\t\t<\/div>\r\n\t\t\t\t\t<div class=\"pgafu-post-content\">\r\n\t\t\t\t<div class=\"pgafu-post-short-content\">Es Doctora en Ciencia y Cultura por la Universidad Aut\u00f3noma de Madrid. Master en Ciencia, Tecnolog\u00eda y Sociedad por la Universidad de Salamanca. Licenciada en Comunicaci\u00f3n Social por la Universidad Nacional de Entre R\u00edos. Es investigadora en la l\u00ednea de Percepci\u00f3n y Comunicaci\u00f3n de la Ciencia en REDES, y profesora...<\/div>\r\n\t\t\t\t\t\t\t\t\t<a href=\"https:\/\/centroredes.org.ar\/index.php\/carina-cortassa\/\" class=\"readmorebtn\">Read More<\/a>\r\n\t\t\t\t\t\t\t<\/div>\r\n\t\t\t<\/div>\r\n<\/div>\t\t\t\t\t<\/div>\r\n\r\n\t\t\t\t\t\r\n\t\t\t\t\t<div class=\"pgafu-medium-4 pgafu-columns filtr-item pgafu-post-cnt pgafu-39 pgafu-51 pgafu-62 pgafu-46\">\r\n\t\t\t\t\t\r\n<div class=\"pgafu-post-grid\">\r\n\t<div class=\"pgafu-post-grid-content no-thumb-image\">\r\n\t\t\t\t<h2 class=\"pgafu-post-title\">\r\n\t\t\t<a href=\"https:\/\/centroredes.org.ar\/index.php\/estebanez-maria-elina\/\">Est\u00e9banez, Mar\u00eda Elina<\/a>\r\n\t\t<\/h2>\r\n\r\n\t\t\t\t\t<div class=\"pgafu-post-date\">\r\n\t\t\t\t\t\t\t<\/div>\r\n\t\t\t\t\t<div class=\"pgafu-post-content\">\r\n\t\t\t\t<div class=\"pgafu-post-short-content\">Lic. en Sociolog\u00eda\u00a0 y Magister en Pol\u00edtica y Gesti\u00f3n de la Ciencia y la Tecnolog\u00eda\u00a0 de la Universidad de Buenos Aires (UBA) Especialista y consultora en sociolog\u00eda de la ciencia, y pol\u00edticas cient\u00edficas y tecnol\u00f3gicas y enfoque de g\u00e9nero en CTS. Profesora titular de sociolog\u00eda de la ciencia (UBA).\u00a0 Profesora...<\/div>\r\n\t\t\t\t\t\t\t\t\t<a href=\"https:\/\/centroredes.org.ar\/index.php\/estebanez-maria-elina\/\" class=\"readmorebtn\">Read More<\/a>\r\n\t\t\t\t\t\t\t<\/div>\r\n\t\t\t<\/div>\r\n<\/div>\t\t\t\t\t<\/div>\r\n\r\n\t\t\t\t\t\r\n\t\t\t\t\t<div class=\"pgafu-medium-4 pgafu-columns filtr-item pgafu-post-cnt pgafu-39 pgafu-62 pgafu-49 pgafu-46\">\r\n\t\t\t\t\t\r\n<div class=\"pgafu-post-grid\">\r\n\t<div class=\"pgafu-post-grid-content no-thumb-image\">\r\n\t\t\t\t<h2 class=\"pgafu-post-title\">\r\n\t\t\t<a href=\"https:\/\/centroredes.org.ar\/index.php\/lucas-luchilo\/\">Luchilo, Lucas<\/a>\r\n\t\t<\/h2>\r\n\r\n\t\t\t\t\t<div class=\"pgafu-post-date\">\r\n\t\t\t\t\t\t\t<\/div>\r\n\t\t\t\t\t<div class=\"pgafu-post-content\">\r\n\t\t\t\t<div class=\"pgafu-post-short-content\">Profesor de Historia (UBA). Mag\u00edster en Pol\u00edtica y Gesti\u00f3n de la Ciencia y la Tecnolog\u00eda (CEA-UBA). Profesor de grado (UBA y UB) y de posgrado en la Maestr\u00eda en Gesti\u00f3n de la Ciencia, la Tecnolog\u00eda y la Innovaci\u00f3n (UNGS-IDES-Centro REDES) y en el Programa de Especializaci\u00f3n en Gesti\u00f3n de la...<\/div>\r\n\t\t\t\t\t\t\t\t\t<a href=\"https:\/\/centroredes.org.ar\/index.php\/lucas-luchilo\/\" class=\"readmorebtn\">Read More<\/a>\r\n\t\t\t\t\t\t\t<\/div>\r\n\t\t\t<\/div>\r\n<\/div>\t\t\t\t\t<\/div>\r\n\r\n\t\t\t\t\t\r\n\t\t\t\t<\/div>\r\n\t\t\t<\/div>\r\n\t\t<\/div>\r\n\r\n\t\t<\/div>\n","protected":false},"excerpt":{"rendered":"","protected":false},"author":1,"featured_media":0,"parent":299,"menu_order":0,"comment_status":"closed","ping_status":"closed","template":"","meta":{"_acf_changed":false,"_uag_custom_page_level_css":"","footnotes":""},"class_list":["post-84","page","type-page","status-publish","hentry"],"acf":[],"uagb_featured_image_src":{"full":false,"thumbnail":false,"medium":false,"medium_large":false,"large":false,"tf-client-image-size":false,"1536x1536":false,"2048x2048":false,"trp-custom-language-flag":false,"widget-thumbnail":false,"education-zone-banner":false,"education-zone-image-full":false,"education-zone-image":false,"education-zone-recent-post":false,"education-zone-search-result":false,"education-zone-featured-course":false,"education-zone-testimonial":false,"education-zone-blog-full":false,"sow-carousel-default":false},"uagb_author_info":{"display_name":"geminis","author_link":"https:\/\/centroredes.org.ar\/index.php\/author\/geminis\/"},"uagb_comment_info":0,"uagb_excerpt":null,"rttpg_featured_image_url":null,"rttpg_author":{"display_name":"geminis","author_link":"https:\/\/centroredes.org.ar\/index.php\/author\/geminis\/"},"rttpg_comment":0,"rttpg_category":"","rttpg_excerpt":null,"_links":{"self":[{"href":"https:\/\/centroredes.org.ar\/index.php\/wp-json\/wp\/v2\/pages\/84","targetHints":{"allow":["GET"]}}],"collection":[{"href":"https:\/\/centroredes.org.ar\/index.php\/wp-json\/wp\/v2\/pages"}],"about":[{"href":"https:\/\/centroredes.org.ar\/index.php\/wp-json\/wp\/v2\/types\/page"}],"author":[{"embeddable":true,"href":"https:\/\/centroredes.org.ar\/index.php\/wp-json\/wp\/v2\/users\/1"}],"replies":[{"embeddable":true,"href":"https:\/\/centroredes.org.ar\/index.php\/wp-json\/wp\/v2\/comments?post=84"}],"version-history":[{"count":6,"href":"https:\/\/centroredes.org.ar\/index.php\/wp-json\/wp\/v2\/pages\/84\/revisions"}],"predecessor-version":[{"id":10263,"href":"https:\/\/centroredes.org.ar\/index.php\/wp-json\/wp\/v2\/pages\/84\/revisions\/10263"}],"up":[{"embeddable":true,"href":"https:\/\/centroredes.org.ar\/index.php\/wp-json\/wp\/v2\/pages\/299"}],"wp:attachment":[{"href":"https:\/\/centroredes.org.ar\/index.php\/wp-json\/wp\/v2\/media?parent=84"}],"curies":[{"name":"wp","href":"https:\/\/api.w.org\/{rel}","templated":true}]}}