{"id":76,"date":"2017-12-13T18:24:18","date_gmt":"2017-12-13T21:24:18","guid":{"rendered":"https:\/\/centroredes.miurl.com.ar\/?page_id=76"},"modified":"2025-12-18T16:05:40","modified_gmt":"2025-12-18T19:05:40","slug":"ciencia-tecnologia-y-sociedad","status":"publish","type":"page","link":"https:\/\/centroredes.org.ar\/index.php\/areas\/ciencia-tecnologia-y-sociedad\/","title":{"rendered":"Ciencia, innovaci\u00f3n y sociedad"},"content":{"rendered":"<p>Desde la creaci\u00f3n del Centro Redes, se han desarrollado en el \u00e1rea tres l\u00edneas de trabajo basadas en el an\u00e1lisis social de la ciencia y la tecnolog\u00eda contempor\u00e1neas que incluyen un sostenido trabajo de investigaci\u00f3n acad\u00e9mica, \u00a0formaci\u00f3n de posgrado, consultor\u00eda y transferencia al medio social.\u00a0 Han contado con el apoyo de agencias nacionales e extranjeras (ANPCYT, UNESCO, OEA, AECID entre ellas).<br \/>\nSus proyectos incluyen la conformaci\u00f3n de redes de investigaci\u00f3n regionales e internacionales, y activos procesos de cooperaci\u00f3n entre grupos e instituciones latinoamericanas. En ellos se han aplicado enfoques te\u00f3ricos basados en el campo de estudios CTS, particularmente enfoques sociol\u00f3gicos, para analizar los diferentes factores sociales, culturales y pol\u00edticos que operan en la producci\u00f3n y transferencia\u00a0\u00a0de conocimientos cient\u00edficos, en la conformaci\u00f3n de los sistemas de I+D\u00a0 contempor\u00e1neos y en la din\u00e1mica social de la ciencia y la tecnolog\u00eda.\u00a0 Asimismo se ha abierto un espacio espec\u00edfico para el estudio del fen\u00f3meno tecnol\u00f3gico, incluyendo el an\u00e1lisis social de los procesos de difusi\u00f3n, uso e impacto de las tecnolog\u00edas, asi como tambi\u00e9n la reflexi\u00f3n filos\u00f3fica sobre la acci\u00f3n t\u00e9cnica y la labor del ser humano como agente transformador de las tecnolog\u00edas.<br \/>\nUna primera l\u00ednea de trabajo se basa en la aplicaci\u00f3n de un enfoque de g\u00e9nero al an\u00e1lisis de la ciencia, la tecnolog\u00eda y la innovaci\u00f3n en la sociedad contempor\u00e1nea.\u00a0 El trabajo se ha orientado inicialmente al an\u00e1lisis espec\u00edfico de la situaci\u00f3n de la mujer en los sistemas de ciencia y tecnolog\u00eda del pa\u00eds y la regi\u00f3n ibero americana, generando diagn\u00f3sticos y desarrollando indicadores espec\u00edficos para la medici\u00f3n de la situaci\u00f3n de g\u00e9nero. Posteriormente se ampli\u00f3 el estudio a los procesos de transferencia y difusi\u00f3n de innovaciones tecnol\u00f3gicas en la sociedad. Dentro de los campos tecnol\u00f3gicos que se estudian se encuentran las TICS y la producci\u00f3n algodonera transg\u00e9nica.<\/p>\n<p>Una segunda l\u00ednea se dirige ampliar la compresi\u00f3n de los procesos mediante los cuales las instituciones cient\u00edficas y tecnol\u00f3gicas iberoamericanas, y sus \u00f3rganos de gesti\u00f3n y pol\u00edtica de CTI, dan respuestas a los problemas sociales de su entorno mediante la producci\u00f3n, uso, transferencia y gesti\u00f3n de conocimientos cient\u00edficos y tecnol\u00f3gicos\u00a0 Se ha realizado un trabajo de discusi\u00f3n conceptual y desarrollo metodol\u00f3gico inicialmente a partir del an\u00e1lisis del impacto social de la CyT, y\u00a0 del estudio de los procesos de vinculaci\u00f3n y transferencia al medio social del sistema cient\u00edfico . Actualmente se realizan estudios de caso de vinculaci\u00f3n entre productores de conocimiento cient\u00edfico y tecnol\u00f3gico, y actores del campo del desarrollo social, en diversos pa\u00edses bajo un enfoque de redes. Se han incluido casos del sector de la salud p\u00fablica, la vivienda social, agricultura familiar. Se ha abierto un area especifico para aplicar este esquema al estudio de las redes vinculadas a la atenci\u00f3n y prevenci\u00f3n de cat\u00e1strofes y emergencias socio ambientales.<\/p>\n<ul>\n<li><strong>G\u00c9NERO E INNOVACION<\/strong><\/li>\n<\/ul>\n<p>Estudios sobre la participaci\u00f3n de la mujer en los sistemas de I+D<br \/>\nDise\u00f1o de indicadores de ciencia y tecnolog\u00eda con enfoque de g\u00e9nero<br \/>\nEstudios sobre difusi\u00f3n e impacto de nuevas tecnolog\u00edas\u00a0 con enfoque de g\u00e9nero<\/p>\n<ul>\n<li><strong>CIENCIA, TECNOLOG\u00cdA Y DESARROLLO SOCIAL \u00a0<\/strong><\/li>\n<\/ul>\n<p>Impacto social de la ciencia y la tecnolog\u00eda<br \/>\nRedes de producci\u00f3n, difusi\u00f3n y uso de conocimientos cient\u00edficos y tecnol\u00f3gicos para la atenci\u00f3n de problemas sociales<\/p>\n<ul>\n<li><strong>FILOSOF\u00cdA DE LA CIENCIA Y LA TECNOLOG\u00cdA<\/strong><\/li>\n<\/ul>\n<p>Filosof\u00eda de la tecnolog\u00eda<br \/>\nFilosof\u00eda de la acci\u00f3n y de la mente<\/p>\n","protected":false},"excerpt":{"rendered":"<p>Desde la creaci\u00f3n del Centro Redes, se han desarrollado en el \u00e1rea tres l\u00edneas de trabajo basadas en el an\u00e1lisis &hellip; <\/p>\n","protected":false},"author":1,"featured_media":0,"parent":297,"menu_order":0,"comment_status":"closed","ping_status":"closed","template":"","meta":{"_acf_changed":false,"_uag_custom_page_level_css":"","footnotes":""},"class_list":["post-76","page","type-page","status-publish","hentry"],"acf":[],"uagb_featured_image_src":{"full":false,"thumbnail":false,"medium":false,"medium_large":false,"large":false,"tf-client-image-size":false,"1536x1536":false,"2048x2048":false,"trp-custom-language-flag":false,"widget-thumbnail":false,"education-zone-banner":false,"education-zone-image-full":false,"education-zone-image":false,"education-zone-recent-post":false,"education-zone-search-result":false,"education-zone-featured-course":false,"education-zone-testimonial":false,"education-zone-blog-full":false,"sow-carousel-default":false},"uagb_author_info":{"display_name":"geminis","author_link":"https:\/\/centroredes.org.ar\/index.php\/author\/geminis\/"},"uagb_comment_info":0,"uagb_excerpt":"Desde la creaci\u00f3n del Centro Redes, se han desarrollado en el \u00e1rea tres l\u00edneas de trabajo basadas en el an\u00e1lisis &hellip;","rttpg_featured_image_url":null,"rttpg_author":{"display_name":"geminis","author_link":"https:\/\/centroredes.org.ar\/index.php\/author\/geminis\/"},"rttpg_comment":0,"rttpg_category":null,"rttpg_excerpt":"Desde la creaci\u00f3n del Centro Redes, se han desarrollado en el \u00e1rea tres l\u00edneas de trabajo basadas en el an\u00e1lisis &hellip;","_links":{"self":[{"href":"https:\/\/centroredes.org.ar\/index.php\/wp-json\/wp\/v2\/pages\/76","targetHints":{"allow":["GET"]}}],"collection":[{"href":"https:\/\/centroredes.org.ar\/index.php\/wp-json\/wp\/v2\/pages"}],"about":[{"href":"https:\/\/centroredes.org.ar\/index.php\/wp-json\/wp\/v2\/types\/page"}],"author":[{"embeddable":true,"href":"https:\/\/centroredes.org.ar\/index.php\/wp-json\/wp\/v2\/users\/1"}],"replies":[{"embeddable":true,"href":"https:\/\/centroredes.org.ar\/index.php\/wp-json\/wp\/v2\/comments?post=76"}],"version-history":[{"count":3,"href":"https:\/\/centroredes.org.ar\/index.php\/wp-json\/wp\/v2\/pages\/76\/revisions"}],"predecessor-version":[{"id":10270,"href":"https:\/\/centroredes.org.ar\/index.php\/wp-json\/wp\/v2\/pages\/76\/revisions\/10270"}],"up":[{"embeddable":true,"href":"https:\/\/centroredes.org.ar\/index.php\/wp-json\/wp\/v2\/pages\/297"}],"wp:attachment":[{"href":"https:\/\/centroredes.org.ar\/index.php\/wp-json\/wp\/v2\/media?parent=76"}],"curies":[{"name":"wp","href":"https:\/\/api.w.org\/{rel}","templated":true}]}}