{"id":68,"date":"2017-12-13T18:22:04","date_gmt":"2017-12-13T21:22:04","guid":{"rendered":"https:\/\/centroredes.miurl.com.ar\/?page_id=68"},"modified":"2025-12-18T16:08:33","modified_gmt":"2025-12-18T19:08:33","slug":"percepcion-y-comunicacion-de-la-ciencia","status":"publish","type":"page","link":"https:\/\/centroredes.org.ar\/index.php\/areas\/percepcion-y-comunicacion-de-la-ciencia\/","title":{"rendered":"Percepci\u00f3n y comunicaci\u00f3n de la ciencia y la tecnologia"},"content":{"rendered":"<p>Desde su creaci\u00f3n, el Centro REDES ha desarrollado una l\u00ednea de trabajo espec\u00edfica dedicada a la investigaci\u00f3n y a la consultor\u00eda t\u00e9cnico-profesional en los campos de percepci\u00f3n social y comunicaci\u00f3n de la ciencia. En la actualidad, el \u00e1rea cuenta con una trayectoria acad\u00e9mica y profesional ampliamente consolidada.<\/p>\n<p>El perfil de los investigadores que conforman el \u00e1rea, as\u00ed como la experiencia acumulada, permiten encarar la organizaci\u00f3n integral de proyectos de estudios demosc\u00f3picos que se complementan con metodolog\u00edas cualitativas de trabajo, entre las que destacan grupos focales y entrevistas grupales, entrevistas en profundidad, y an\u00e1lisis de contenido. Estas competencias se traducen en la capacidad de abordar todas las etapas relevantes del proceso, tanto en lo que respecta a las fases iniciales de dise\u00f1o como en la organizaci\u00f3n y supervisi\u00f3n de trabajos de campo, an\u00e1lisis e interpretaci\u00f3n de la informaci\u00f3n y elaboraci\u00f3n de informes.<\/p>\n<p>Asimismo, el Centro REDES coordina proyectos a escala regional en temas de percepci\u00f3n social, cultura cient\u00edfica y participaci\u00f3n ciudadana, tanto las encuestas realizadas como otros estudios de comunicaci\u00f3n de la ciencia han sido objeto de publicaciones acad\u00e9micas, presentaciones p\u00fablicas, organizaci\u00f3n de eventos especializados y actividades de formaci\u00f3n de recursos humanos.<\/p>\n<p>Adem\u00e1s, la activa participaci\u00f3n de los investigadores del \u00e1rea en el \u00e1mbito de la RICYT y el Observatorio de Ciencia, Tecnolog\u00eda y Sociedad de la OEI, han propiciado que el Centro REDES sea considerado una de las instituciones de referencia en el fomento de la discusi\u00f3n metodol\u00f3gica sobre la construcci\u00f3n de indicadores de percepci\u00f3n social de la ciencia y cultura cient\u00edfica entre los organismos e instituciones de ciencia y tecnolog\u00eda de Iberoam\u00e9rica. Este trabajo ha sido reconocido internacionalmente con la invitaci\u00f3n a participar, representando a Iberoam\u00e9rica, en la construcci\u00f3n de una \u201cagenda internacional\u201d para la medici\u00f3n de esta tem\u00e1tica en colaboraci\u00f3n con la Uni\u00f3n Europea, Estados Unidos y los pa\u00edses asi\u00e1ticos.<\/p>\n<p>De la misma forma, el \u00c1rea de Percepci\u00f3n y Comunicaci\u00f3n de la Ciencia del Centro REDES, en colaboraci\u00f3n con la RICYT, ayud\u00f3 a la implementaci\u00f3n de encuestas nacionales de percepci\u00f3n en pa\u00edses como Brasil, Ecuador, Panam\u00e1, Rep\u00fablica Dominicana y Venezuela, as\u00ed como brind\u00f3 asistencia t\u00e9cnica para la realizaci\u00f3n de estudios de similares caracter\u00edsticas en esos y otros pa\u00edses de la regi\u00f3n.<\/p>\n<p>Tanto la estructura organizativa como las vinculaciones institucionales, la experiencia acumulada y la calidad del trabajo realizado, han otorgado al \u00c1rea de Percepci\u00f3n y Comunicaci\u00f3n de la Ciencia del Centro REDES un perfil especializado y reconocido a nivel regional.<\/p>\n","protected":false},"excerpt":{"rendered":"<p>Desde su creaci\u00f3n, el Centro REDES ha desarrollado una l\u00ednea de trabajo espec\u00edfica dedicada a la investigaci\u00f3n y a la &hellip; <\/p>\n","protected":false},"author":1,"featured_media":0,"parent":297,"menu_order":0,"comment_status":"closed","ping_status":"closed","template":"","meta":{"_acf_changed":false,"_uag_custom_page_level_css":"","footnotes":""},"class_list":["post-68","page","type-page","status-publish","hentry"],"acf":[],"uagb_featured_image_src":{"full":false,"thumbnail":false,"medium":false,"medium_large":false,"large":false,"tf-client-image-size":false,"1536x1536":false,"2048x2048":false,"trp-custom-language-flag":false,"widget-thumbnail":false,"education-zone-banner":false,"education-zone-image-full":false,"education-zone-image":false,"education-zone-recent-post":false,"education-zone-search-result":false,"education-zone-featured-course":false,"education-zone-testimonial":false,"education-zone-blog-full":false,"sow-carousel-default":false},"uagb_author_info":{"display_name":"geminis","author_link":"https:\/\/centroredes.org.ar\/index.php\/author\/geminis\/"},"uagb_comment_info":0,"uagb_excerpt":"Desde su creaci\u00f3n, el Centro REDES ha desarrollado una l\u00ednea de trabajo espec\u00edfica dedicada a la investigaci\u00f3n y a la &hellip;","rttpg_featured_image_url":null,"rttpg_author":{"display_name":"geminis","author_link":"https:\/\/centroredes.org.ar\/index.php\/author\/geminis\/"},"rttpg_comment":0,"rttpg_category":null,"rttpg_excerpt":"Desde su creaci\u00f3n, el Centro REDES ha desarrollado una l\u00ednea de trabajo espec\u00edfica dedicada a la investigaci\u00f3n y a la &hellip;","_links":{"self":[{"href":"https:\/\/centroredes.org.ar\/index.php\/wp-json\/wp\/v2\/pages\/68","targetHints":{"allow":["GET"]}}],"collection":[{"href":"https:\/\/centroredes.org.ar\/index.php\/wp-json\/wp\/v2\/pages"}],"about":[{"href":"https:\/\/centroredes.org.ar\/index.php\/wp-json\/wp\/v2\/types\/page"}],"author":[{"embeddable":true,"href":"https:\/\/centroredes.org.ar\/index.php\/wp-json\/wp\/v2\/users\/1"}],"replies":[{"embeddable":true,"href":"https:\/\/centroredes.org.ar\/index.php\/wp-json\/wp\/v2\/comments?post=68"}],"version-history":[{"count":2,"href":"https:\/\/centroredes.org.ar\/index.php\/wp-json\/wp\/v2\/pages\/68\/revisions"}],"predecessor-version":[{"id":10271,"href":"https:\/\/centroredes.org.ar\/index.php\/wp-json\/wp\/v2\/pages\/68\/revisions\/10271"}],"up":[{"embeddable":true,"href":"https:\/\/centroredes.org.ar\/index.php\/wp-json\/wp\/v2\/pages\/297"}],"wp:attachment":[{"href":"https:\/\/centroredes.org.ar\/index.php\/wp-json\/wp\/v2\/media?parent=68"}],"curies":[{"name":"wp","href":"https:\/\/api.w.org\/{rel}","templated":true}]}}