{"id":37,"date":"2017-12-13T18:10:07","date_gmt":"2017-12-13T21:10:07","guid":{"rendered":"https:\/\/centroredes.miurl.com.ar\/?page_id=37"},"modified":"2018-02-14T12:27:15","modified_gmt":"2018-02-14T15:27:15","slug":"actividades","status":"publish","type":"page","link":"https:\/\/centroredes.org.ar\/index.php\/institucional\/actividades\/","title":{"rendered":"Actividades"},"content":{"rendered":"<p>El compromiso de actuaci\u00f3n pol\u00edtica y cultural del Grupo REDES se ha plasmado siempre en el an\u00e1lisis de problemas de alta relevancia social y pol\u00edtica para la sociedad argentina:<\/p>\n<ul>\n<li>Las relaciones entre ciencia, tecnolog\u00eda y desarrollo.<\/li>\n<li>Las relaciones entre ciencia, tecnolog\u00eda y educaci\u00f3n superior.<\/li>\n<li>La innovaci\u00f3n como problema te\u00f3rico y como desaf\u00edo para la sociedad argentina.<\/li>\n<li>Las pol\u00edticas p\u00fablicas en ciencia, tecnolog\u00eda e innovaci\u00f3n.<\/li>\n<li>Las relaciones entre ciencia, tecnolog\u00eda y sociedad.<\/li>\n<\/ul>\n<p>&nbsp;<\/p>\n<p>Dicha intervenci\u00f3n pol\u00edtica y cultural s\u00f3lo puede ser efectiva en la medida en que se disponga de informaci\u00f3n y capacidad de reflexi\u00f3n y an\u00e1lisis para acercar propuestas que integren la ciencia y la tecnolog\u00eda a la din\u00e1mica social y productiva.<\/p>\n<p>Estas preocupaciones motivaron al Grupo REDES a crear el Centro, otorg\u00e1ndole la misi\u00f3n de realizar las siguientes actividades:<\/p>\n<ul>\n<li>Investigaci\u00f3n<\/li>\n<li>Asistencia t\u00e9cnica y consultor\u00eda<\/li>\n<li>Docencia<\/li>\n<li>Prestaci\u00f3n de servicios<\/li>\n<li>Extensi\u00f3n<\/li>\n<\/ul>\n<p>&nbsp;<\/p>\n<p>Con el tiempo, el Centro REDES ha ido ampliando y consolidando sus l\u00edneas de investigaci\u00f3n y sus contactos con instituciones nacionales y extranjeras; prestando asistencia t\u00e9cnica a diversas instituciones y organismos del \u00e1mbito local e internacional; dictando clases de posgrado en asociaci\u00f3n con otras instituciones locales; publicando libros, manuales y una revista acad\u00e9mica iberoamericana; organizando talleres y seminarios; y recibiendo la visita de investigadores del exterior, as\u00ed como de diversos funcionarios de organismos del pa\u00eds y el extranjero.<\/p>\n","protected":false},"excerpt":{"rendered":"<p>El compromiso de actuaci\u00f3n pol\u00edtica y cultural del Grupo REDES se ha plasmado siempre en el an\u00e1lisis de problemas de &hellip; <\/p>\n","protected":false},"author":1,"featured_media":0,"parent":31,"menu_order":1,"comment_status":"closed","ping_status":"closed","template":"","meta":{"_acf_changed":false,"_uag_custom_page_level_css":"","footnotes":""},"class_list":["post-37","page","type-page","status-publish","hentry"],"acf":[],"uagb_featured_image_src":{"full":false,"thumbnail":false,"medium":false,"medium_large":false,"large":false,"tf-client-image-size":false,"1536x1536":false,"2048x2048":false,"trp-custom-language-flag":false,"widget-thumbnail":false,"education-zone-banner":false,"education-zone-image-full":false,"education-zone-image":false,"education-zone-recent-post":false,"education-zone-search-result":false,"education-zone-featured-course":false,"education-zone-testimonial":false,"education-zone-blog-full":false,"sow-carousel-default":false},"uagb_author_info":{"display_name":"geminis","author_link":"https:\/\/centroredes.org.ar\/index.php\/author\/geminis\/"},"uagb_comment_info":0,"uagb_excerpt":"El compromiso de actuaci\u00f3n pol\u00edtica y cultural del Grupo REDES se ha plasmado siempre en el an\u00e1lisis de problemas de &hellip;","rttpg_featured_image_url":null,"rttpg_author":{"display_name":"geminis","author_link":"https:\/\/centroredes.org.ar\/index.php\/author\/geminis\/"},"rttpg_comment":0,"rttpg_category":null,"rttpg_excerpt":"El compromiso de actuaci\u00f3n pol\u00edtica y cultural del Grupo REDES se ha plasmado siempre en el an\u00e1lisis de problemas de &hellip;","_links":{"self":[{"href":"https:\/\/centroredes.org.ar\/index.php\/wp-json\/wp\/v2\/pages\/37","targetHints":{"allow":["GET"]}}],"collection":[{"href":"https:\/\/centroredes.org.ar\/index.php\/wp-json\/wp\/v2\/pages"}],"about":[{"href":"https:\/\/centroredes.org.ar\/index.php\/wp-json\/wp\/v2\/types\/page"}],"author":[{"embeddable":true,"href":"https:\/\/centroredes.org.ar\/index.php\/wp-json\/wp\/v2\/users\/1"}],"replies":[{"embeddable":true,"href":"https:\/\/centroredes.org.ar\/index.php\/wp-json\/wp\/v2\/comments?post=37"}],"version-history":[{"count":2,"href":"https:\/\/centroredes.org.ar\/index.php\/wp-json\/wp\/v2\/pages\/37\/revisions"}],"predecessor-version":[{"id":1508,"href":"https:\/\/centroredes.org.ar\/index.php\/wp-json\/wp\/v2\/pages\/37\/revisions\/1508"}],"up":[{"embeddable":true,"href":"https:\/\/centroredes.org.ar\/index.php\/wp-json\/wp\/v2\/pages\/31"}],"wp:attachment":[{"href":"https:\/\/centroredes.org.ar\/index.php\/wp-json\/wp\/v2\/media?parent=37"}],"curies":[{"name":"wp","href":"https:\/\/api.w.org\/{rel}","templated":true}]}}