{"id":356,"date":"2017-12-21T13:07:07","date_gmt":"2017-12-21T16:07:07","guid":{"rendered":"https:\/\/centroredes.miurl.com.ar\/?page_id=356"},"modified":"2024-06-06T22:24:50","modified_gmt":"2024-06-07T01:24:50","slug":"promociones-y-descuentos","status":"publish","type":"page","link":"https:\/\/centroredes.org.ar\/index.php\/cursos\/formas-de-pago\/promociones-y-descuentos\/","title":{"rendered":"Promociones y Descuentos"},"content":{"rendered":"<p>El Centro REDES otorga descuentos en sus cursos virtuales en funci\u00f3n de convenios y\/o acuerdos previos de cooperaci\u00f3n mutua con otras instituciones. Tanto este tipo de descuentos\u00a0generales como los particulares que pudieran tener algunos cursos\u00a0<u><strong>NO SON ACUMULATIVOS<\/strong><\/u>\u00a0en ning\u00fan caso. Los alumnos que apliquen en alguna de las categor\u00edas de descuento deber\u00e1n solicitarlo para hacerlo efectivo escribiendo un correo a\u00a0<a href=\"mailto:cursos@centroredes.org.ar\">cursos@centroredes.org.ar<\/a>\u00a0con el asunto &#8220;Link de pago especial&#8221;, incluyendo en el cuerpo del mail el\u00a0nombre del\u00a0curso, fecha de inicio, la categor\u00eda de descuento solicitada y enviando la documentaci\u00f3n respaldatoria que avale la pertinencia del beneficio solicitado. <span style=\"text-decoration: underline;\">No se realizan descuentos ni devoluciones sobre pagos ya abonados<\/span>.<\/p>\n<p>&nbsp;<\/p>\n<p><strong>CATEGOR\u00cdAS DE DESCUENTOS<\/strong><\/p>\n<p>&nbsp;<\/p>\n<div class=\"tablaProgramas\">\n<p><strong>10%\u00a0\u00a0de descuento para el personal del CONICET. \u00a0\u00a0 <img loading=\"lazy\" decoding=\"async\" src=\"https:\/\/centroredes.org.ar\/wp-content\/uploads\/2020\/03\/index.png\" alt=\"logo CONICET\" width=\"50\" height=\"29\" \/><br \/>\n<\/strong><\/p>\n<p>Para investigadores, becarios, personal de apoyo y administrativos del CONICET, el Centro REDES como Unidad Asociada a la instituci\u00f3n otorga un 10% de descuento sobre el valor vigente de los cursos virtuales a la fecha de pago. Recuerde solicitar por correo electr\u00f3nico a<a href=\"mailto:cursos@centroredes.org.ar\">cursos@centroredes.org.ar<\/a>\u00a0el link de pago especial con el descuento, ya sea por cuotas o para el pago total del curso. Se deber\u00e1 adjuntar una constancia fehaciente que acredite la pertenencia del solicitante al CONICET (por ejemplo: el \u00faltimo recibo de haberes o estipendio).<\/p>\n<\/div>\n<p>&nbsp;<\/p>\n<p><strong>10%\u00a0\u00a0de descuento para el personal de la UAI.\u00a0 \u00a0\u00a0 <img loading=\"lazy\" decoding=\"async\" class=\"\" src=\"https:\/\/centroredes.org.ar\/wp-content\/uploads\/2020\/03\/Universidad-Abierta-Interamericana-UAI-02.png\" width=\"70\" height=\"21\" \/><br \/>\n<\/strong><\/p>\n<p>Para docentes, investigadores y alumnos activos de la Universidad Abierta Interamericana (UAI), el Centro REDES otorga un 10% de descuento sobre el valor vigente de los cursos virtuales a la fecha de pago. Recuerde solicitar por correo electr\u00f3nico a\u00a0 <a href=\"mailto:cursos@centroredes.org.ar\">cursos@centroredes.org.ar<\/a>\u00a0el link de pago especial con el descuento, ya sea por cuotas o para el pago total del curso. Se deber\u00e1 adjuntar una constancia fehaciente que acredite la pertenencia del solicitante a la UAI (\u00faltimo recibo de haberes para docentes e investigadores y constancia de alumno regular para alumnos).<\/p>\n<p>&nbsp;<\/p>\n<p><strong>10%\u00a0\u00a0de descuento para el personal de la Universidad del Gran Rosario.<br \/>\n<\/strong><\/p>\n<p>En el marco del convenio firmado entre la Universidad del Gran Rosario y el Centro Redes, Unidad Asociada al CONICET, se ha establecido un descuento del diez (10%) por ciento sobre los aranceles vigentes de cualquiera de los cursos virtuales ofrecidos por el Centro Redes. Para hacer uso del beneficio, los interesados deben presentar al Centro Redes al momento de inscribirse la identificaci\u00f3n correspondiente que lo acredite como docente, investigador, personal de gesti\u00f3n o estudiante de la UGR (enviando constancia de asignaci\u00f3n de funciones docentes o constancia de alumno\/a regular).<\/p>\n<p>El descuento se aplica sobre los aranceles publicados en la difusi\u00f3n de cada curso al momento del pago. La oferta completa de cursos virtuales est\u00e1 disponible en www.centroredes.org.ar<\/p>\n<p>Por consultas, la Secretar\u00eda de Investigaci\u00f3n ofrece asesoramiento escribiendo a investigacion@ugr.edu.ar<\/p>\n<p>&nbsp;<\/p>\n<div class=\"tablaProgramas\">\n<p><strong>10%\u00a0\u00a0de descuento para alumnos de la Maestr\u00eda en Gesti\u00f3n de la Ciencia, la Tecnolog\u00eda y la Innovaci\u00f3n (MGCTI).<\/strong><\/p>\n<p>La Maestr\u00eda en Gesti\u00f3n de la Ciencia, la Tecnolog\u00eda y la Innovaci\u00f3n (MGCTI) es un emprendimiento conjunto entre el Centro REDES, el Instituto de Industria de la Universidad Nacional de General Sarmiento (UNGS) y el Instituto de Desarrollo Econ\u00f3mico y Social (IDES). Como parte de las acciones conducentes al fortalecimiento de este proyecto educativo, el Centro REDES otorga un 10% de descuento sobre el valor vigente de sus cursos virtuales a la fecha de pago. Recuerde solicitar por correo electr\u00f3nico a\u00a0<a href=\"mailto:cursos@centroredes.org.ar\">cursos@centroredes.org.ar<\/a>\u00a0el link de pago especial con el descuento, ya sea por cuotas o para el pago total del curso. Se deber\u00e1 adjuntar una constancia fehaciente que acredite la pertenencia del alumno a la MGCTI.<\/p>\n<p>&nbsp;<\/p>\n<\/div>\n<p><strong>10%\u00a0\u00a0de descuento por participaciones grupales de la misma instituci\u00f3n.<\/strong><\/p>\n<p>En el caso de inscribirse en el mismo curso (misma cohorte) dos o m\u00e1s personas de la misma instituci\u00f3n, se otorgar\u00e1 un 10% de descuento sobre el valor vigente del curso a la fecha de pago. Recuerde solicitar por correo electr\u00f3nico a\u00a0<a href=\"mailto:cursos@centroredes.org.ar\">cursos@centroredes.org.ar<\/a>\u00a0el link de pago especial con el descuento y por el monto correspondiente (cuota o total) a todos los miembros del grupo. Dicho e-mail deber\u00e1 incluir en &#8220;Con Copia a:&#8221; el nombre del\/los colegas inscriptos. Este descuento se mantendr\u00e1 durante todas las cuotas mientras contin\u00faen cursando m\u00e1s de un alumno de la instituci\u00f3n. Se deber\u00e1 adjuntar una constancia fehaciente que acredite la pertenencia de todos los miembros del grupo a la misma instituci\u00f3n. Se emitir\u00e1 una \u00fanica factura por cada pago realizado por la totalidad del grupo.<\/p>\n<p>&nbsp;<\/p>\n<p><strong>M\u00e1s informaci\u00f3n y contacto<\/strong><br \/>\nPARA TODOS LOS CURSOS DE REDES:<br \/>\n<strong><u><\/u><u><span style=\"color: #0066cc;\"><a href=\"mailto:cursos@centroredes.org.ar\">cursos@centroredes.org.ar<\/a><\/span><\/u><\/strong><\/p>\n","protected":false},"excerpt":{"rendered":"<p>El Centro REDES otorga descuentos en sus cursos virtuales en funci\u00f3n de convenios y\/o acuerdos previos de cooperaci\u00f3n mutua con &hellip; <\/p>\n","protected":false},"author":1,"featured_media":0,"parent":311,"menu_order":0,"comment_status":"closed","ping_status":"closed","template":"","meta":{"_acf_changed":false,"_uag_custom_page_level_css":"","footnotes":""},"class_list":["post-356","page","type-page","status-publish","hentry"],"acf":[],"uagb_featured_image_src":{"full":false,"thumbnail":false,"medium":false,"medium_large":false,"large":false,"tf-client-image-size":false,"1536x1536":false,"2048x2048":false,"trp-custom-language-flag":false,"widget-thumbnail":false,"education-zone-banner":false,"education-zone-image-full":false,"education-zone-image":false,"education-zone-recent-post":false,"education-zone-search-result":false,"education-zone-featured-course":false,"education-zone-testimonial":false,"education-zone-blog-full":false,"sow-carousel-default":false},"uagb_author_info":{"display_name":"geminis","author_link":"https:\/\/centroredes.org.ar\/index.php\/author\/geminis\/"},"uagb_comment_info":0,"uagb_excerpt":"El Centro REDES otorga descuentos en sus cursos virtuales en funci\u00f3n de convenios y\/o acuerdos previos de cooperaci\u00f3n mutua con &hellip;","rttpg_featured_image_url":null,"rttpg_author":{"display_name":"geminis","author_link":"https:\/\/centroredes.org.ar\/index.php\/author\/geminis\/"},"rttpg_comment":0,"rttpg_category":null,"rttpg_excerpt":"El Centro REDES otorga descuentos en sus cursos virtuales en funci\u00f3n de convenios y\/o acuerdos previos de cooperaci\u00f3n mutua con &hellip;","_links":{"self":[{"href":"https:\/\/centroredes.org.ar\/index.php\/wp-json\/wp\/v2\/pages\/356","targetHints":{"allow":["GET"]}}],"collection":[{"href":"https:\/\/centroredes.org.ar\/index.php\/wp-json\/wp\/v2\/pages"}],"about":[{"href":"https:\/\/centroredes.org.ar\/index.php\/wp-json\/wp\/v2\/types\/page"}],"author":[{"embeddable":true,"href":"https:\/\/centroredes.org.ar\/index.php\/wp-json\/wp\/v2\/users\/1"}],"replies":[{"embeddable":true,"href":"https:\/\/centroredes.org.ar\/index.php\/wp-json\/wp\/v2\/comments?post=356"}],"version-history":[{"count":9,"href":"https:\/\/centroredes.org.ar\/index.php\/wp-json\/wp\/v2\/pages\/356\/revisions"}],"predecessor-version":[{"id":7907,"href":"https:\/\/centroredes.org.ar\/index.php\/wp-json\/wp\/v2\/pages\/356\/revisions\/7907"}],"up":[{"embeddable":true,"href":"https:\/\/centroredes.org.ar\/index.php\/wp-json\/wp\/v2\/pages\/311"}],"wp:attachment":[{"href":"https:\/\/centroredes.org.ar\/index.php\/wp-json\/wp\/v2\/media?parent=356"}],"curies":[{"name":"wp","href":"https:\/\/api.w.org\/{rel}","templated":true}]}}