{"id":325,"date":"2017-12-21T00:31:59","date_gmt":"2017-12-21T03:31:59","guid":{"rendered":"https:\/\/centroredes.miurl.com.ar\/?page_id=325"},"modified":"2017-12-22T10:48:27","modified_gmt":"2017-12-22T13:48:27","slug":"programa-capacitacion-distancia","status":"publish","type":"page","link":"https:\/\/centroredes.org.ar\/index.php\/cursos\/programa-capacitacion-distancia\/","title":{"rendered":"Sobre el programa de capacitaci\u00f3n a distancia"},"content":{"rendered":"<p>Con una perspectiva de alcance regional, a partir del a\u00f1o 2012 el Centro REDES implement\u00f3 este programa con el dictado de cursos a distancia en el \u00e1rea de Educaci\u00f3n y Sociedad. Esta propuesta inicial se fortaleci\u00f3 en el a\u00f1o 2013 con la incorporaci\u00f3n de otras curr\u00edculas acad\u00e9micas entre las que se destacaron las capacitaciones en Estad\u00edstica. En el segundo semestre de este per\u00edodo se reorganiza el programa incorporando nuevas propuestas de formaci\u00f3n virtual que reflejan los distintos temas de investigaci\u00f3n que lleva adelante el Centro, sustentando as\u00ed las distintas \u00e1reas que promueven los cursos actuales. A inicios del a\u00f1o 2014 se reinstala la plataforma tecnol\u00f3gica especializada para esta actividad en nuevos servidores inform\u00e1ticos radicados en la ciudad de Quebec. A partir de ese momento se completa la agenda acad\u00e9mica anual del Centro REDES con el dictado de cursos virtuales de verano para un gran n\u00famero alumnos que requer\u00edan este calendario.<\/p>\n<p>Actualmente el Programa de formaci\u00f3n a distancia del Centro REDES ofrece cerca de treinta cursos virtuales a trav\u00e9s de los que capacita a un n\u00famero cercano a los mil quinientos alumnos por a\u00f1o. Esta oferta acad\u00e9mica se distribuye en las siguientes \u00e1reas:<\/p>\n<p>1-\u00a0\u00a0\u00a0\u00a0\u00a0<strong><u><em>\u00c1rea de Ciencia, Tecnolog\u00eda y Sociedad (CTS) y Educaci\u00f3n Superior<\/em><\/u>:<\/strong>\u00a0En esta \u00e1rea se desarrollan temas que se derivan de investigaciones relacionadas con la construcci\u00f3n de indicadores bibliom\u00e9tricos, el an\u00e1lisis de redes de conocimiento, filosof\u00eda de las ciencias, aspectos que hacen a las cuestiones de g\u00e9nero en la gesti\u00f3n de las entidades cient\u00edfico-tecnol\u00f3gicos, al enfoque feminista en la filosof\u00eda de la ciencia y en cuanto a temas del \u00e1mbito universitario.<\/p>\n<p>2-\u00a0\u00a0\u00a0\u00a0\u00a0<strong>\u00a0<u><em>\u00c1rea de Percepci\u00f3n y Comunicaci\u00f3n de la Ciencia<\/em><\/u>:<\/strong>\u00a0Esta \u00e1rea pone a disposici\u00f3n p\u00fablica otros temas espec\u00edficos de investigaci\u00f3n en las l\u00edneas de divulgaci\u00f3n cient\u00edfica. En este sentido se desarrollan programas acad\u00e9micos que indagan sobre la historia social y cultural de la divulgaci\u00f3n cient\u00edfica. Esto adem\u00e1s de estudiar tem\u00e1ticas que abordan la relaci\u00f3n entre los investigadores y la comunicaci\u00f3n p\u00fablica de la ciencia.<\/p>\n<p>3-\u00a0\u00a0\u00a0\u00a0\u00a0\u00a0<strong><u><em>\u00c1rea de Educaci\u00f3n y Sociedad<\/em><\/u>:<\/strong>\u00a0En forma conjunta con la Universidad Nacional de La Plata (UNLP) los cursos\/seminarios de esta \u00e1rea forman parte de tres Diplomaturas Universitarias con titulaci\u00f3n de la UNLP.<\/p>\n<p>4-\u00a0\u00a0\u00a0\u00a0\u00a0\u00a0<strong><u><em>\u00c1rea de Estad\u00edstica<\/em><\/u>:<\/strong>\u00a0El \u00e1rea de estad\u00edstica es un \u00e1mbito de estudio que cuenta con un programa consolidado hace varios a\u00f1os y que hoy se desarrolla en el Centro REDES como un instrumento de an\u00e1lisis para estudios sociales de distinta \u00edndole.<\/p>\n<p>5.-\u00a0\u00a0\u00a0\u00a0<em><strong><u>\u00c1rea de Econom\u00eda de la Innovaci\u00f3n<\/u><\/strong><\/em>: En esta \u00e1rea se propone el abordaje de temas actuales de marcada vigencia en los \u00e1mbitos del desarrollo de la ciencia, la tecnolog\u00eda y la innovaci\u00f3n. En su primera etapa se comienza con una capacitaci\u00f3n introductoria que marca el inicio de un plan acad\u00e9mico pensado para una amplia cobertura de la tem\u00e1tica.<\/p>\n<p>6-\u00a0 \u00a0\u00a0\u00a0<strong><u><em>Formaci\u00f3n para la difusi\u00f3n de contenidos cient\u00edficos<\/em><\/u>:<\/strong>\u00a0La programaci\u00f3n orientada a la difusi\u00f3n de contenidos cient\u00edficos busca el perfeccionamiento de los participantes en herramientas y tecnolog\u00edas modernas para hacer frente a los complejos procesos actuales que implican llevar adelante s\u00f3lidas iniciativas que permitan vincular las sociedades de nuestros pa\u00edses con los contenidos cient\u00edficos.<\/p>\n","protected":false},"excerpt":{"rendered":"<p>Con una perspectiva de alcance regional, a partir del a\u00f1o 2012 el Centro REDES implement\u00f3 este programa con el dictado &hellip; <\/p>\n","protected":false},"author":1,"featured_media":0,"parent":197,"menu_order":0,"comment_status":"closed","ping_status":"closed","template":"","meta":{"_acf_changed":false,"_uag_custom_page_level_css":"","footnotes":""},"class_list":["post-325","page","type-page","status-publish","hentry"],"acf":[],"uagb_featured_image_src":{"full":false,"thumbnail":false,"medium":false,"medium_large":false,"large":false,"tf-client-image-size":false,"1536x1536":false,"2048x2048":false,"trp-custom-language-flag":false,"widget-thumbnail":false,"education-zone-banner":false,"education-zone-image-full":false,"education-zone-image":false,"education-zone-recent-post":false,"education-zone-search-result":false,"education-zone-featured-course":false,"education-zone-testimonial":false,"education-zone-blog-full":false,"sow-carousel-default":false},"uagb_author_info":{"display_name":"geminis","author_link":"https:\/\/centroredes.org.ar\/index.php\/author\/geminis\/"},"uagb_comment_info":0,"uagb_excerpt":"Con una perspectiva de alcance regional, a partir del a\u00f1o 2012 el Centro REDES implement\u00f3 este programa con el dictado &hellip;","rttpg_featured_image_url":null,"rttpg_author":{"display_name":"geminis","author_link":"https:\/\/centroredes.org.ar\/index.php\/author\/geminis\/"},"rttpg_comment":0,"rttpg_category":null,"rttpg_excerpt":"Con una perspectiva de alcance regional, a partir del a\u00f1o 2012 el Centro REDES implement\u00f3 este programa con el dictado &hellip;","_links":{"self":[{"href":"https:\/\/centroredes.org.ar\/index.php\/wp-json\/wp\/v2\/pages\/325","targetHints":{"allow":["GET"]}}],"collection":[{"href":"https:\/\/centroredes.org.ar\/index.php\/wp-json\/wp\/v2\/pages"}],"about":[{"href":"https:\/\/centroredes.org.ar\/index.php\/wp-json\/wp\/v2\/types\/page"}],"author":[{"embeddable":true,"href":"https:\/\/centroredes.org.ar\/index.php\/wp-json\/wp\/v2\/users\/1"}],"replies":[{"embeddable":true,"href":"https:\/\/centroredes.org.ar\/index.php\/wp-json\/wp\/v2\/comments?post=325"}],"version-history":[{"count":1,"href":"https:\/\/centroredes.org.ar\/index.php\/wp-json\/wp\/v2\/pages\/325\/revisions"}],"predecessor-version":[{"id":326,"href":"https:\/\/centroredes.org.ar\/index.php\/wp-json\/wp\/v2\/pages\/325\/revisions\/326"}],"up":[{"embeddable":true,"href":"https:\/\/centroredes.org.ar\/index.php\/wp-json\/wp\/v2\/pages\/197"}],"wp:attachment":[{"href":"https:\/\/centroredes.org.ar\/index.php\/wp-json\/wp\/v2\/media?parent=325"}],"curies":[{"name":"wp","href":"https:\/\/api.w.org\/{rel}","templated":true}]}}