{"id":315,"date":"2017-12-21T00:24:12","date_gmt":"2017-12-21T03:24:12","guid":{"rendered":"https:\/\/centroredes.miurl.com.ar\/?page_id=315"},"modified":"2018-04-10T09:13:53","modified_gmt":"2018-04-10T12:13:53","slug":"pautas-adminstrativas","status":"publish","type":"page","link":"https:\/\/centroredes.org.ar\/index.php\/cursos\/pautas-adminstrativas\/","title":{"rendered":"Pautas administrativas para los alumnos"},"content":{"rendered":"<p>En esta p\u00e1gina encontrar\u00e1 un resumen de los principales aspectos administrativos que deber\u00e1n tener en cuenta los alumnos durante la cursada. Para ampliar la informci\u00f3n se pueden consultar las distintas opciones del men\u00fa de cursos en la web principal del Centro REDES o directamente en la <a href=\"https:\/\/centroredes.org.ar\/index.php\/cursos\/\">agenda de cursos<\/a>.<\/p>\n<p>En el transcurso del d\u00eda de inicio del curso al que se ha inscripto se habilitar\u00e1 a los alumnos el ingreso al aula virtual donde encontrar\u00e1n los contenidos iniciales y comenzar\u00e1n a interactuar con los docentes. Es indispensable que recuerde <strong>el usuario y la contrase\u00f1a<\/strong> con el que hizo su inscripci\u00f3n, esos datos ser\u00e1n los que usar\u00e1 para ingresar durante todo el desarrollo del curso virtual.<\/p>\n<p>Es importante tener en cuenta que <strong><u>la vacante del curso s\u00f3lo queda confirmada mediante el pago del arancel, ya sea de la totalidad del curso o de la primera cuota, seg\u00fan corresponda.<\/u><\/strong><\/p>\n<div>\n<p>El arancel del curso -o la primera cuota- deber\u00e1 estar pago al inicio del curso.<\/p>\n<\/div>\n<p>El pago se realizar\u00e1 por el sistema de MercadoPago para alumnos residentes en la Rep\u00fablica Argentina y con tarjeta de cr\u00e9dito a trav\u00e9s del sistema de PayU para alumnos residentes fuera del pa\u00eds. A trav\u00e9s de Mercado Pago es posible realizar el pago con tarjeta de cr\u00e9dito, as\u00ed como por sistemas como Rapipago o PagoFac\u00edl, y tambi\u00e9n por medio de cajero autom\u00e1tico a trav\u00e9s de la red Link. <u>El email utilizado en estos sistemas de pago deber\u00e1 ser el mismo que utiliz\u00f3 para inscribirse al curso<\/u>, esto es importante para una correcta identificaci\u00f3n del pago de cada alumno.<\/p>\n<p>En los casos de cursos de m\u00e1s de una cuota, para el pago en RapiPago o PagoF\u00e1cil deber\u00e1n acceder al link de pago correspondiente cada mes, el sistma los guiar\u00e1 a imprimir un cup\u00f3n. Nunca se deben reutilizar cupones de pago impresos para cuotas anteriores. Para el pago por cajero el sistema les dar\u00e1 un c\u00f3digo de seguridad y un CBU. En esta foram de pago tambi\u00e9n es importante que vuelvan a hacer click todos los meses, dado que si reutilizan los mismos datos bancarios sin hacer click en el link nuevamente, el dinero no ser\u00e1 enviado a nuestra cuenta y el alumno figurar\u00e1 como impago.<\/p>\n<p><strong>Para acceder a los botones de pago debe ingresar en la p\u00e1gina web del curso, la misma desde donde realiz\u00f3 su inscripci\u00f3n. Al pie de esta p\u00e1gina encontrar\u00e1 el cuadro de aranceles del curso en el que est\u00e1n los botones para acceder a los medios de pago.<\/strong><\/p>\n<p>Nuestra principal v\u00eda de comunicaci\u00f3n para todo lo relacionado a la organizaci\u00f3n del curso ser\u00e1 esta direcci\u00f3n de correo electr\u00f3nico:<\/p>\n<p><span style=\"font-size: 22px;\"><a href=\"mailto:cursos@centroredes.org.ar\"><strong>cursos@centroredes.org.ar<\/strong><\/a><\/span><\/p>\n<p>Ante cualquier duda o consulta, no dejen de comunicarse con nosotros.<\/p>\n<p><strong>\u00c1reas de cursos<br \/>\nCentro REDES<br \/>\n<a href=\"https:\/\/centroredes.org.ar\/\" target=\"_blank\" rel=\"noopener\">www.centroredes.org.ar<\/a> <\/strong><\/p>\n","protected":false},"excerpt":{"rendered":"<p>En esta p\u00e1gina encontrar\u00e1 un resumen de los principales aspectos administrativos que deber\u00e1n tener en cuenta los alumnos durante la &hellip; <\/p>\n","protected":false},"author":1,"featured_media":0,"parent":197,"menu_order":0,"comment_status":"closed","ping_status":"closed","template":"","meta":{"_acf_changed":false,"_uag_custom_page_level_css":"","footnotes":""},"class_list":["post-315","page","type-page","status-publish","hentry"],"acf":[],"uagb_featured_image_src":{"full":false,"thumbnail":false,"medium":false,"medium_large":false,"large":false,"tf-client-image-size":false,"1536x1536":false,"2048x2048":false,"trp-custom-language-flag":false,"widget-thumbnail":false,"education-zone-banner":false,"education-zone-image-full":false,"education-zone-image":false,"education-zone-recent-post":false,"education-zone-search-result":false,"education-zone-featured-course":false,"education-zone-testimonial":false,"education-zone-blog-full":false,"sow-carousel-default":false},"uagb_author_info":{"display_name":"geminis","author_link":"https:\/\/centroredes.org.ar\/index.php\/author\/geminis\/"},"uagb_comment_info":0,"uagb_excerpt":"En esta p\u00e1gina encontrar\u00e1 un resumen de los principales aspectos administrativos que deber\u00e1n tener en cuenta los alumnos durante la &hellip;","rttpg_featured_image_url":null,"rttpg_author":{"display_name":"geminis","author_link":"https:\/\/centroredes.org.ar\/index.php\/author\/geminis\/"},"rttpg_comment":0,"rttpg_category":null,"rttpg_excerpt":"En esta p\u00e1gina encontrar\u00e1 un resumen de los principales aspectos administrativos que deber\u00e1n tener en cuenta los alumnos durante la &hellip;","_links":{"self":[{"href":"https:\/\/centroredes.org.ar\/index.php\/wp-json\/wp\/v2\/pages\/315","targetHints":{"allow":["GET"]}}],"collection":[{"href":"https:\/\/centroredes.org.ar\/index.php\/wp-json\/wp\/v2\/pages"}],"about":[{"href":"https:\/\/centroredes.org.ar\/index.php\/wp-json\/wp\/v2\/types\/page"}],"author":[{"embeddable":true,"href":"https:\/\/centroredes.org.ar\/index.php\/wp-json\/wp\/v2\/users\/1"}],"replies":[{"embeddable":true,"href":"https:\/\/centroredes.org.ar\/index.php\/wp-json\/wp\/v2\/comments?post=315"}],"version-history":[{"count":7,"href":"https:\/\/centroredes.org.ar\/index.php\/wp-json\/wp\/v2\/pages\/315\/revisions"}],"predecessor-version":[{"id":1498,"href":"https:\/\/centroredes.org.ar\/index.php\/wp-json\/wp\/v2\/pages\/315\/revisions\/1498"}],"up":[{"embeddable":true,"href":"https:\/\/centroredes.org.ar\/index.php\/wp-json\/wp\/v2\/pages\/197"}],"wp:attachment":[{"href":"https:\/\/centroredes.org.ar\/index.php\/wp-json\/wp\/v2\/media?parent=315"}],"curies":[{"name":"wp","href":"https:\/\/api.w.org\/{rel}","templated":true}]}}