{"id":311,"date":"2017-12-21T00:22:18","date_gmt":"2017-12-21T03:22:18","guid":{"rendered":"https:\/\/centroredes.miurl.com.ar\/?page_id=311"},"modified":"2025-10-30T11:11:57","modified_gmt":"2025-10-30T14:11:57","slug":"formas-de-pago","status":"publish","type":"page","link":"https:\/\/centroredes.org.ar\/index.php\/cursos\/formas-de-pago\/","title":{"rendered":"Formas de pago"},"content":{"rendered":"<p>Los sistemas de pago utilizados son los provistos por los servicios de cobro de Mercado Pago para alumnos residentes en Argentina y de PayU para quienes se encuentren radicados en el exterior. Para el pago de un curso hay que dirigirse a la web del curso que es la misma desde donde ser realiza la inscripci\u00f3n. En estas webs encontrar\u00e1n un bot\u00f3n que dice\u00a0<img loading=\"lazy\" decoding=\"async\" src=\"https:\/\/centroredes.org.ar\/wp-content\/uploads\/2017\/12\/pagar3.png\" alt=\"\" width=\"118\" height=\"24\" \/>\u00a0para cada opci\u00f3n disponible seg\u00fan el curso (pagos totales y por cuotas, tanto para alumnos residentes en Argentina como en el extranjero). Una vez que se ingresa por el bot\u00f3n correspondiente los sistemas de Mercado Pago y PayU lo guiar\u00e1n en el proceso ofreci\u00e9ndole las distintas opciones de pago (tarjetas de cr\u00e9ditos, Rapipago y Pagof\u00e1cil).<\/p>\n<p>&nbsp;<\/p>\n<p><strong>S\u00f3lo mediante el pago del arancel se asegura la vacante.<\/strong><\/p>\n<p>\u2022\u00a0<u>Alumnos residentes en Argentina<\/u>:\u00a0<strong>Pago con Mercado Pago<\/strong><\/p>\n<p><img loading=\"lazy\" decoding=\"async\" class=\"alignnone size-full wp-image-312\" src=\"https:\/\/centroredes.org.ar\/wp-content\/uploads\/2017\/12\/pagos001.gif\" alt=\"\" width=\"199\" height=\"16\" \/><\/p>\n<p>El sistema Mercado Pago permite el pago online por medio de tarjetas de cr\u00e9dio o pago indirecto por Rapipago y PagoF\u00e1cil, as\u00ed como por cajero autom\u00e1tico a traves de la red Link.<\/p>\n<p><strong>\u00a0 +++ M\u00e1s Beneficios, accede aqu\u00ed a las\u00a0<a href=\"https:\/\/www.mercadopago.com\/mla\/credit_card_promos.htm\"><em>promociones especiales de Mercado Pago<\/em><\/a>.\u00a0<\/strong><\/p>\n<p>\u2022\u00a0<u>Alumnos residentes en otros pa\u00edses<\/u>:\u00a0<strong>Pago con Payu<\/strong><\/p>\n<p><img loading=\"lazy\" decoding=\"async\" class=\"alignnone size-full wp-image-313\" src=\"https:\/\/centroredes.org.ar\/wp-content\/uploads\/2017\/12\/pagos002.jpg\" alt=\"\" width=\"213\" height=\"26\" \/><br \/>\nEl sistema Payu permite el pago online por medio de tarjetas de cr\u00e9dio desde el exterior de la Rep\u00fablica Argentina.<\/p>\n<p>&nbsp;<\/p>\n<p>.\u00a0<strong>Para pagar debe ingresar a la web del curso -la misma desde donde realiz\u00f3 su inscripci\u00f3n- y en la parte inferior de la misma encontrar\u00e1 los botones de pago correspondientes.<\/strong><\/p>\n<p>&nbsp;<\/p>\n<p>En todos los pagos, realizados en ambos sistemas, es necesario que se registre el mismo correo electr\u00f3nico con el que se registr\u00f3 en la plataforma de cursos del Centro REDES. De esta forma luego se pueden identifcar los pagos de cada alumno.<\/p>\n<p><u>IMPORTANTE<\/u>: los datos suministrados por Mercado Pago para el dep\u00f3sito o transferencia bancaria en Argentina, as\u00ed como los cupones de RapiPago o PagoF\u00e1cil, no son reutilizables para las pro\u00f3ximas cuotas. LOS ALUMNOS DEBEN VOLVER A HACER CLICK EN EL BOT\u00d3N DE PAGO CADA MES, de modo que el sistema le brindar\u00e1 nuevos datos bancarios o un nuevo cup\u00f3n. En caso de reutilizarlos,\u00a0<em>el dinero no ser\u00e1 acreditado en nuestra cuenta<\/em>, por lo cual el alumno ser\u00e1 considerado impago.<\/p>\n<p><a href=\"https:\/\/centroredes.org.ar\/index.php\/cursos\/formas-de-pago\/promociones-y-descuentos\/\"><strong>Ver descuentos generales<\/strong><\/a><\/p>\n<p><u>IMPORTANTE<\/u>: tanto los descuentos\u00a0generales como los particulares que pudieran tener los cursos\u00a0NO SON ACUMULATIVOS en ning\u00fan caso. Los alumnos que apliquen a las categor\u00edas de descuento deber\u00e1n escribir un correo a\u00a0<a href=\"mailto:cursos@centroredes.org.ar\">cursos@centroredes.org.ar<\/a>\u00a0con el asunto &#8220;Link de pago especial&#8221;, incluyendo en el cuerpo del mail el\u00a0nombre del\u00a0curso y la categor\u00eda de descuento (grupal o personal CONICET). En el caso de los alumnos con descuentos grupales, el e-mail deber\u00e1 incluir en &#8220;Con Copia a:&#8221; el nombre del o\u00a0los colegas inscriptos. Este descuento se mantendr\u00e1 durante todas las cuotas mientras contin\u00faen cursando m\u00e1s de un alumno de la instituci\u00f3n. En el caso de descuentos por pertenencia a instituciones espec\u00edficas deber\u00e1n adjuntar al correo alguna certificaci\u00f3n que as\u00ed lo acredite.<\/p>\n<p><strong>Facturas:<\/strong>\u00a0Todas las facturas (sin excepci\u00f3n) se emitir\u00e1n en moneda argentina (pesos).<\/p>\n<p><strong>\u00a0<\/strong><\/p>\n<p><span style=\"font-size: 14pt;\"><strong>Botones de pago personalizados para extranjeros:<\/strong><\/span><\/p>\n<p><span style=\"color: #ff0000;\"><strong><span style=\"text-decoration: underline;\">Solo para utilizar por los titulares que figuran en la columna del nombre<\/span><\/strong><\/span><\/p>\n<table style=\"width: 1183.48px;\" border=\"1\" cellspacing=\"0\" cellpadding=\"0\">\n<tbody>\n<tr>\n<td style=\"width: 644px;\"><strong>NOMBRE de la persona habilitada para utilizar estos links de pago<br \/>\n<\/strong><\/td>\n<td style=\"text-align: center; width: 111px;\"><strong>CUOTA<\/strong><\/td>\n<td style=\"text-align: center; width: 399.483px;\"><strong>TOTAL<\/strong><\/td>\n<\/tr>\n<tr>\n<td style=\"width: 644px;\"><span style=\"font-size: 11pt; color: #808080;\"><strong>\u00a0<\/strong> <strong>Henry Alfredo Perez Eslava\u00a0 (T\u00e9cnicas cualitativas I y II + Encuestas)<\/strong><\/span><\/p>\n<p><span style=\"font-size: 11pt; color: #808080;\">(El valor corresponde a 3 matr\u00edculas con descuento)<\/span><\/td>\n<td style=\"text-align: center; width: 111px;\"><span style=\"color: #808080;\">\u00danica<\/span><\/td>\n<td style=\"text-align: center; width: 399.483px;\"><span style=\"color: #808080;\">u$s 340,20 (d\u00f3lares estadounidenses)<\/span><img loading=\"lazy\" decoding=\"async\" class=\"aligncenter size-full\" src=\"https:\/\/centroredes.org.ar\/wp-content\/uploads\/2024\/03\/boton-pagar-2.jpeg\" width=\"142\" height=\"29\" \/><\/td>\n<\/tr>\n<tr>\n<td style=\"width: 644px;\"><span style=\"font-size: 11pt; color: #333333;\"><strong>\u00a0<span style=\"color: #808080;\"> Carlos Pati\u00f1o Torres <\/span><\/strong><span style=\"color: #808080;\"><strong>(Sig y satelitales para el agro)<\/strong><\/span><\/span><\/p>\n<p><span style=\"font-size: 11pt; color: #333333;\"><span style=\"color: #808080;\">(Media beca)<\/span> <\/span><\/td>\n<td style=\"text-align: center; width: 111px;\"><span style=\"color: #808080;\">\u00danica<\/span><\/td>\n<td style=\"text-align: center; width: 399.483px;\"><span style=\"color: #808080;\">u$s 67,50 (d\u00f3lares estadounidenses)<img loading=\"lazy\" decoding=\"async\" class=\"aligncenter size-full\" src=\"https:\/\/centroredes.org.ar\/wp-content\/uploads\/2024\/03\/boton-pagar-2.jpeg\" width=\"142\" height=\"29\" \/><\/span><\/td>\n<\/tr>\n<\/tbody>\n<\/table>\n<p>&nbsp;<\/p>\n<p><strong>M\u00e1s informaci\u00f3n y contacto<\/strong><\/p>\n<p>PARA TODOS LOS CURSOS DE REDES:<br \/>\n<strong><u><\/u><u><span style=\"color: #0066cc;\"><a href=\"mailto:cursos@centroredes.org.ar\">cursos@centroredes.org.ar<\/a><\/span><\/u><\/strong><\/p>\n","protected":false},"excerpt":{"rendered":"<p>Los sistemas de pago utilizados son los provistos por los servicios de cobro de Mercado Pago para alumnos residentes en &hellip; <\/p>\n","protected":false},"author":1,"featured_media":0,"parent":197,"menu_order":0,"comment_status":"closed","ping_status":"closed","template":"","meta":{"_acf_changed":false,"_uag_custom_page_level_css":"","footnotes":""},"class_list":["post-311","page","type-page","status-publish","hentry"],"acf":[],"uagb_featured_image_src":{"full":false,"thumbnail":false,"medium":false,"medium_large":false,"large":false,"tf-client-image-size":false,"1536x1536":false,"2048x2048":false,"trp-custom-language-flag":false,"widget-thumbnail":false,"education-zone-banner":false,"education-zone-image-full":false,"education-zone-image":false,"education-zone-recent-post":false,"education-zone-search-result":false,"education-zone-featured-course":false,"education-zone-testimonial":false,"education-zone-blog-full":false,"sow-carousel-default":false},"uagb_author_info":{"display_name":"geminis","author_link":"https:\/\/centroredes.org.ar\/index.php\/author\/geminis\/"},"uagb_comment_info":0,"uagb_excerpt":"Los sistemas de pago utilizados son los provistos por los servicios de cobro de Mercado Pago para alumnos residentes en &hellip;","rttpg_featured_image_url":null,"rttpg_author":{"display_name":"geminis","author_link":"https:\/\/centroredes.org.ar\/index.php\/author\/geminis\/"},"rttpg_comment":0,"rttpg_category":null,"rttpg_excerpt":"Los sistemas de pago utilizados son los provistos por los servicios de cobro de Mercado Pago para alumnos residentes en &hellip;","_links":{"self":[{"href":"https:\/\/centroredes.org.ar\/index.php\/wp-json\/wp\/v2\/pages\/311","targetHints":{"allow":["GET"]}}],"collection":[{"href":"https:\/\/centroredes.org.ar\/index.php\/wp-json\/wp\/v2\/pages"}],"about":[{"href":"https:\/\/centroredes.org.ar\/index.php\/wp-json\/wp\/v2\/types\/page"}],"author":[{"embeddable":true,"href":"https:\/\/centroredes.org.ar\/index.php\/wp-json\/wp\/v2\/users\/1"}],"replies":[{"embeddable":true,"href":"https:\/\/centroredes.org.ar\/index.php\/wp-json\/wp\/v2\/comments?post=311"}],"version-history":[{"count":75,"href":"https:\/\/centroredes.org.ar\/index.php\/wp-json\/wp\/v2\/pages\/311\/revisions"}],"predecessor-version":[{"id":10104,"href":"https:\/\/centroredes.org.ar\/index.php\/wp-json\/wp\/v2\/pages\/311\/revisions\/10104"}],"up":[{"embeddable":true,"href":"https:\/\/centroredes.org.ar\/index.php\/wp-json\/wp\/v2\/pages\/197"}],"wp:attachment":[{"href":"https:\/\/centroredes.org.ar\/index.php\/wp-json\/wp\/v2\/media?parent=311"}],"curies":[{"name":"wp","href":"https:\/\/api.w.org\/{rel}","templated":true}]}}