{"id":31,"date":"2017-12-13T18:08:09","date_gmt":"2017-12-13T21:08:09","guid":{"rendered":"https:\/\/centroredes.miurl.com.ar\/?page_id=31"},"modified":"2017-12-22T10:48:33","modified_gmt":"2017-12-22T13:48:33","slug":"institucional","status":"publish","type":"page","link":"https:\/\/centroredes.org.ar\/index.php\/institucional\/","title":{"rendered":"Institucional"},"content":{"rendered":"<p>El Centro de Estudios sobre Ciencia, Desarrollo y Educaci\u00f3n Superior, fundado en el a\u00f1o 2002, es una instituci\u00f3n dedicada a la investigaci\u00f3n interdisciplinaria, la docencia y la prestaci\u00f3n de servicios t\u00e9cnicos, que tiene por objeto el abordaje de problemas relacionados con la ciencia, la tecnolog\u00eda, la innovaci\u00f3n, las estrategias de desarrollo y la educaci\u00f3n superior en Argentina y Am\u00e9rica Latina. En el a\u00f1o 2003, luego de un proceso de evaluaci\u00f3n institucional, el CONICET le otorg\u00f3 el car\u00e1cter de Unidad Asociada.<\/p>\n<p>El Centro depende de la Asociaci\u00f3n Civil \u201cGRUPO REDES\u201d, una entidad sin fines de lucro fundada en el a\u00f1o 1996. La finalidad del \u201cGRUPO REDES\u201d es actuar en el campo de los estudios sociales de la ciencia y la tecnolog\u00eda realizando investigaciones y formulando propuestas sobre temas de relevancia social, econ\u00f3mica y pol\u00edtica que competen a la producci\u00f3n y administraci\u00f3n de la ciencia, la tecnolog\u00eda y la innovaci\u00f3n. Entre los recursos humanos que forman parte de esta estructura se incluyen investigadores, docentes y especialistas nacionales, de Am\u00e9rica Latina y Europa.<\/p>\n","protected":false},"excerpt":{"rendered":"<p>El Centro de Estudios sobre Ciencia, Desarrollo y Educaci\u00f3n Superior, fundado en el a\u00f1o 2002, es una instituci\u00f3n dedicada a &hellip; <\/p>\n","protected":false},"author":1,"featured_media":0,"parent":0,"menu_order":0,"comment_status":"closed","ping_status":"closed","template":"","meta":{"_acf_changed":false,"_uag_custom_page_level_css":"","footnotes":""},"class_list":["post-31","page","type-page","status-publish","hentry"],"acf":[],"uagb_featured_image_src":{"full":false,"thumbnail":false,"medium":false,"medium_large":false,"large":false,"tf-client-image-size":false,"1536x1536":false,"2048x2048":false,"trp-custom-language-flag":false,"widget-thumbnail":false,"education-zone-banner":false,"education-zone-image-full":false,"education-zone-image":false,"education-zone-recent-post":false,"education-zone-search-result":false,"education-zone-featured-course":false,"education-zone-testimonial":false,"education-zone-blog-full":false,"sow-carousel-default":false},"uagb_author_info":{"display_name":"geminis","author_link":"https:\/\/centroredes.org.ar\/index.php\/author\/geminis\/"},"uagb_comment_info":0,"uagb_excerpt":"El Centro de Estudios sobre Ciencia, Desarrollo y Educaci\u00f3n Superior, fundado en el a\u00f1o 2002, es una instituci\u00f3n dedicada a &hellip;","rttpg_featured_image_url":null,"rttpg_author":{"display_name":"geminis","author_link":"https:\/\/centroredes.org.ar\/index.php\/author\/geminis\/"},"rttpg_comment":0,"rttpg_category":null,"rttpg_excerpt":"El Centro de Estudios sobre Ciencia, Desarrollo y Educaci\u00f3n Superior, fundado en el a\u00f1o 2002, es una instituci\u00f3n dedicada a &hellip;","_links":{"self":[{"href":"https:\/\/centroredes.org.ar\/index.php\/wp-json\/wp\/v2\/pages\/31","targetHints":{"allow":["GET"]}}],"collection":[{"href":"https:\/\/centroredes.org.ar\/index.php\/wp-json\/wp\/v2\/pages"}],"about":[{"href":"https:\/\/centroredes.org.ar\/index.php\/wp-json\/wp\/v2\/types\/page"}],"author":[{"embeddable":true,"href":"https:\/\/centroredes.org.ar\/index.php\/wp-json\/wp\/v2\/users\/1"}],"replies":[{"embeddable":true,"href":"https:\/\/centroredes.org.ar\/index.php\/wp-json\/wp\/v2\/comments?post=31"}],"version-history":[{"count":1,"href":"https:\/\/centroredes.org.ar\/index.php\/wp-json\/wp\/v2\/pages\/31\/revisions"}],"predecessor-version":[{"id":32,"href":"https:\/\/centroredes.org.ar\/index.php\/wp-json\/wp\/v2\/pages\/31\/revisions\/32"}],"wp:attachment":[{"href":"https:\/\/centroredes.org.ar\/index.php\/wp-json\/wp\/v2\/media?parent=31"}],"curies":[{"name":"wp","href":"https:\/\/api.w.org\/{rel}","templated":true}]}}