{"id":299,"date":"2017-12-20T17:03:44","date_gmt":"2017-12-20T20:03:44","guid":{"rendered":"https:\/\/centroredes.miurl.com.ar\/?page_id=299"},"modified":"2018-02-24T11:33:52","modified_gmt":"2018-02-24T14:33:52","slug":"integrantes","status":"publish","type":"page","link":"https:\/\/centroredes.org.ar\/index.php\/integrantes\/","title":{"rendered":"Integrantes"},"content":{"rendered":"\r\n\t\t<div class=\"pgafu-filter-wrp \">\r\n\t\t\t<ul class=\"pgafu-filter\" id=\"pgafu-filtr-1\">\r\n\t\t\t\t<li class=\"pgafu-filtr-cat pgafu-active-filtr\" data-filter=\"*\"><a href=\"javascript:void(0);\">All<\/a><\/li>\r\n\t\t\t\t\t\t\t\t\t<li class=\"pgafu-filtr-cat\" data-filter=\".pgafu-39\"><a href=\"javascript:void(0);\">----INVESTIGADORES REDES<\/a><\/li>\r\n\t\t\t\t\t\t\t\t\t<li class=\"pgafu-filtr-cat\" data-filter=\".pgafu-40\"><a href=\"javascript:void(0);\">---INVESTIGADORES INVITADOS<\/a><\/li>\r\n\t\t\t\t\t\t\t\t\t<li class=\"pgafu-filtr-cat\" data-filter=\".pgafu-41\"><a href=\"javascript:void(0);\">--BECARIOS<\/a><\/li>\r\n\t\t\t\t\t\t\t\t\t<li class=\"pgafu-filtr-cat\" data-filter=\".pgafu-43\"><a href=\"javascript:void(0);\">GESTI\u00d3N INSTITUCIONAL Y DE PROYECTO<\/a><\/li>\r\n\t\t\t\t\t\t\t<\/ul>\r\n\r\n\t\t\t<div class=\"pgafu-filtr-container\" id=\"pgafu-post-filtr-1\">\r\n\t\t\t\t<div class=\"pgafu-post-grid-main pgafu-post-filter pgafu-design-1 pgafu-image-fit has-no-animation pgafu-clearfix\">\r\n\r\n\t\t\t\t\r\n\t\t\t\t\t<div class=\"pgafu-medium-4 pgafu-columns filtr-item pgafu-post-cnt pgafu-39 pgafu-51 pgafu-62 pgafu-46 pgafu-47\">\r\n\t\t\t\t\t\r\n<div class=\"pgafu-post-grid\">\r\n\t<div class=\"pgafu-post-grid-content no-thumb-image\">\r\n\t\t\t\t<h2 class=\"pgafu-post-title\">\r\n\t\t\t<a href=\"https:\/\/centroredes.org.ar\/index.php\/mario-albornoz\/\">Albornoz, Mario<\/a>\r\n\t\t<\/h2>\r\n\r\n\t\t\t\t\t<div class=\"pgafu-post-date\">\r\n\t\t\t\t\t\t\t<\/div>\r\n\t\t\t\t\t<div class=\"pgafu-post-content\">\r\n\t\t\t\t<div class=\"pgafu-post-short-content\">Profesor de filosof\u00eda. Es Investigador Principal del Consejo Nacional de Investigaciones Cient\u00edficas y T\u00e9cnicas (CONICET) en el \u00e1rea de pol\u00edticas de ciencia y tecnolog\u00eda. Su experiencia profesional incluye la consultor\u00eda especializada en pol\u00edtica y gesti\u00f3n de la ciencia, la tecnolog\u00eda y la educaci\u00f3n superior para organismos nacionales e internacionales. Es...<\/div>\r\n\t\t\t\t\t\t\t\t\t<a href=\"https:\/\/centroredes.org.ar\/index.php\/mario-albornoz\/\" class=\"readmorebtn\">Read More<\/a>\r\n\t\t\t\t\t\t\t<\/div>\r\n\t\t\t<\/div>\r\n<\/div>\t\t\t\t\t<\/div>\r\n\r\n\t\t\t\t\t\r\n\t\t\t\t\t<div class=\"pgafu-medium-4 pgafu-columns filtr-item pgafu-post-cnt pgafu-43 pgafu-46\">\r\n\t\t\t\t\t\r\n<div class=\"pgafu-post-grid\">\r\n\t<div class=\"pgafu-post-grid-content no-thumb-image\">\r\n\t\t\t\t<h2 class=\"pgafu-post-title\">\r\n\t\t\t<a href=\"https:\/\/centroredes.org.ar\/index.php\/jorge-atrio\/\">Atrio, Jorge Luis<\/a>\r\n\t\t<\/h2>\r\n\r\n\t\t\t\t\t<div class=\"pgafu-post-date\">\r\n\t\t\t\t\t\t\t<\/div>\r\n\t\t\t\t\t<div class=\"pgafu-post-content\">\r\n\t\t\t\t<div class=\"pgafu-post-short-content\">Doctor en Ciencias Sociales de la Universidad Nacional de General Sarmiento, Magister en Ciencia, Tecnolog\u00eda y Sociedad de la Universidad Nacional de Quilmes, es Licenciado en Sistemas y posee especializaciones de posgrado. En el per\u00edodo 2009-2013 fue director del Centro Argentino de Informaci\u00f3n Cient\u00edfica y Tecnol\u00f3gica (CAICYT) perteneciente al Consejo...<\/div>\r\n\t\t\t\t\t\t\t\t\t<a href=\"https:\/\/centroredes.org.ar\/index.php\/jorge-atrio\/\" class=\"readmorebtn\">Read More<\/a>\r\n\t\t\t\t\t\t\t<\/div>\r\n\t\t\t<\/div>\r\n<\/div>\t\t\t\t\t<\/div>\r\n\r\n\t\t\t\t\t\r\n\t\t\t\t\t<div class=\"pgafu-medium-4 pgafu-columns filtr-item pgafu-post-cnt pgafu-43 pgafu-46\">\r\n\t\t\t\t\t\r\n<div class=\"pgafu-post-grid\">\r\n\t<div class=\"pgafu-post-grid-content no-thumb-image\">\r\n\t\t\t\t<h2 class=\"pgafu-post-title\">\r\n\t\t\t<a href=\"https:\/\/centroredes.org.ar\/index.php\/magdalena-atrio\/\">Atrio, Magdalena<\/a>\r\n\t\t<\/h2>\r\n\r\n\t\t\t\t\t<div class=\"pgafu-post-date\">\r\n\t\t\t\t\t\t\t<\/div>\r\n\t\t\t\t\t<div class=\"pgafu-post-content\">\r\n\t\t\t\t<div class=\"pgafu-post-short-content\">Licenciada en Letras y Correctora Literaria de la Universidad del Salvador. Traductora P\u00fablica de idioma italiano de la Universidad del Salvador. Ha realizado cursos de perfeccionamiento, escritura y correcci\u00f3n\u00a0 de textos acad\u00e9micos, literarios, ling\u00fc\u00edsticos y de humanidades. Es colaboradora permanente en la organizaci\u00f3n del \u00e1rea de capacitaci\u00f3n a distancia del...<\/div>\r\n\t\t\t\t\t\t\t\t\t<a href=\"https:\/\/centroredes.org.ar\/index.php\/magdalena-atrio\/\" class=\"readmorebtn\">Read More<\/a>\r\n\t\t\t\t\t\t\t<\/div>\r\n\t\t\t<\/div>\r\n<\/div>\t\t\t\t\t<\/div>\r\n\r\n\t\t\t\t\t\r\n\t\t\t\t\t<div class=\"pgafu-medium-4 pgafu-columns filtr-item pgafu-post-cnt pgafu-40 pgafu-46 pgafu-47\">\r\n\t\t\t\t\t\r\n<div class=\"pgafu-post-grid\">\r\n\t<div class=\"pgafu-post-grid-content no-thumb-image\">\r\n\t\t\t\t<h2 class=\"pgafu-post-title\">\r\n\t\t\t<a href=\"https:\/\/centroredes.org.ar\/index.php\/natalia-bas\/\">Bas, Natalia<\/a>\r\n\t\t<\/h2>\r\n\r\n\t\t\t\t\t<div class=\"pgafu-post-date\">\r\n\t\t\t\t\t\t\t<\/div>\r\n\t\t\t\t\t<div class=\"pgafu-post-content\">\r\n\t\t\t\t<div class=\"pgafu-post-short-content\">Recibi\u00f3 su t\u00edtulo de doctora en Historia por University College London (Inglaterra). Obtuvo tambi\u00e9n un t\u00edtulo de maestr\u00eda en Historia por University of Warwick (Inglaterra) y el titulo de Licenciada en Historia por la Universidad Nacional de Buenos Aires. A su regreso a Argentina trabaj\u00f3 para el Ministerio de Educaci\u00f3n...<\/div>\r\n\t\t\t\t\t\t\t\t\t<a href=\"https:\/\/centroredes.org.ar\/index.php\/natalia-bas\/\" class=\"readmorebtn\">Read More<\/a>\r\n\t\t\t\t\t\t\t<\/div>\r\n\t\t\t<\/div>\r\n<\/div>\t\t\t\t\t<\/div>\r\n\r\n\t\t\t\t\t\r\n\t\t\t\t\t<div class=\"pgafu-medium-4 pgafu-columns filtr-item pgafu-post-cnt pgafu-40 pgafu-51 pgafu-46 pgafu-47\">\r\n\t\t\t\t\t\r\n<div class=\"pgafu-post-grid\">\r\n\t<div class=\"pgafu-post-grid-content no-thumb-image\">\r\n\t\t\t\t<h2 class=\"pgafu-post-title\">\r\n\t\t\t<a href=\"https:\/\/centroredes.org.ar\/index.php\/juan-carlos-carullo\/\">Carullo, Juan Carlos<\/a>\r\n\t\t<\/h2>\r\n\r\n\t\t\t\t\t<div class=\"pgafu-post-date\">\r\n\t\t\t\t\t\t\t<\/div>\r\n\t\t\t\t\t<div class=\"pgafu-post-content\">\r\n\t\t\t\t<div class=\"pgafu-post-short-content\">Profesional Principal del CONICET. Ingeniero en Construcciones (UTN). Diploma Superior de Posgrado en Ciencias Sociales (FLACSO, Programa Buenos Aires). Experiencia en elaboraci\u00f3n de pol\u00edticas p\u00fablicas de biotecnolog\u00eda, gesti\u00f3n de la innovaci\u00f3n y creaci\u00f3n de nuevas empresas de capital de riesgo en calidad de asesor y coordinador de Programas Nacionales de...<\/div>\r\n\t\t\t\t\t\t\t\t\t<a href=\"https:\/\/centroredes.org.ar\/index.php\/juan-carlos-carullo\/\" class=\"readmorebtn\">Read More<\/a>\r\n\t\t\t\t\t\t\t<\/div>\r\n\t\t\t<\/div>\r\n<\/div>\t\t\t\t\t<\/div>\r\n\r\n\t\t\t\t\t\r\n\t\t\t\t\t<div class=\"pgafu-medium-4 pgafu-columns filtr-item pgafu-post-cnt pgafu-39 pgafu-62 pgafu-46 pgafu-50\">\r\n\t\t\t\t\t\r\n<div class=\"pgafu-post-grid\">\r\n\t<div class=\"pgafu-post-grid-content no-thumb-image\">\r\n\t\t\t\t<h2 class=\"pgafu-post-title\">\r\n\t\t\t<a href=\"https:\/\/centroredes.org.ar\/index.php\/carina-cortassa\/\">Cortassa, Carina<\/a>\r\n\t\t<\/h2>\r\n\r\n\t\t\t\t\t<div class=\"pgafu-post-date\">\r\n\t\t\t\t\t\t\t<\/div>\r\n\t\t\t\t\t<div class=\"pgafu-post-content\">\r\n\t\t\t\t<div class=\"pgafu-post-short-content\">Es Doctora en Ciencia y Cultura por la Universidad Aut\u00f3noma de Madrid. Master en Ciencia, Tecnolog\u00eda y Sociedad por la Universidad de Salamanca. Licenciada en Comunicaci\u00f3n Social por la Universidad Nacional de Entre R\u00edos. Es investigadora en la l\u00ednea de Percepci\u00f3n y Comunicaci\u00f3n de la Ciencia en REDES, y profesora...<\/div>\r\n\t\t\t\t\t\t\t\t\t<a href=\"https:\/\/centroredes.org.ar\/index.php\/carina-cortassa\/\" class=\"readmorebtn\">Read More<\/a>\r\n\t\t\t\t\t\t\t<\/div>\r\n\t\t\t<\/div>\r\n<\/div>\t\t\t\t\t<\/div>\r\n\r\n\t\t\t\t\t\r\n\t\t\t\t\t<div class=\"pgafu-medium-4 pgafu-columns filtr-item pgafu-post-cnt pgafu-39 pgafu-51 pgafu-62 pgafu-46\">\r\n\t\t\t\t\t\r\n<div class=\"pgafu-post-grid\">\r\n\t<div class=\"pgafu-post-grid-content no-thumb-image\">\r\n\t\t\t\t<h2 class=\"pgafu-post-title\">\r\n\t\t\t<a href=\"https:\/\/centroredes.org.ar\/index.php\/estebanez-maria-elina\/\">Est\u00e9banez, Mar\u00eda Elina<\/a>\r\n\t\t<\/h2>\r\n\r\n\t\t\t\t\t<div class=\"pgafu-post-date\">\r\n\t\t\t\t\t\t\t<\/div>\r\n\t\t\t\t\t<div class=\"pgafu-post-content\">\r\n\t\t\t\t<div class=\"pgafu-post-short-content\">Lic. en Sociolog\u00eda\u00a0 y Magister en Pol\u00edtica y Gesti\u00f3n de la Ciencia y la Tecnolog\u00eda\u00a0 de la Universidad de Buenos Aires (UBA) Especialista y consultora en sociolog\u00eda de la ciencia, y pol\u00edticas cient\u00edficas y tecnol\u00f3gicas y enfoque de g\u00e9nero en CTS. Profesora titular de sociolog\u00eda de la ciencia (UBA).\u00a0 Profesora...<\/div>\r\n\t\t\t\t\t\t\t\t\t<a href=\"https:\/\/centroredes.org.ar\/index.php\/estebanez-maria-elina\/\" class=\"readmorebtn\">Read More<\/a>\r\n\t\t\t\t\t\t\t<\/div>\r\n\t\t\t<\/div>\r\n<\/div>\t\t\t\t\t<\/div>\r\n\r\n\t\t\t\t\t\r\n\t\t\t\t\t<div class=\"pgafu-medium-4 pgafu-columns filtr-item pgafu-post-cnt pgafu-40 pgafu-51 pgafu-62 pgafu-46\">\r\n\t\t\t\t\t\r\n<div class=\"pgafu-post-grid\">\r\n\t<div class=\"pgafu-post-grid-content no-thumb-image\">\r\n\t\t\t\t<h2 class=\"pgafu-post-title\">\r\n\t\t\t<a href=\"https:\/\/centroredes.org.ar\/index.php\/myriam-garcia\/\">Garc\u00eda Rodr\u00edguez, Myriam<\/a>\r\n\t\t<\/h2>\r\n\r\n\t\t\t\t\t<div class=\"pgafu-post-date\">\r\n\t\t\t\t\t\t\t<\/div>\r\n\t\t\t\t\t<div class=\"pgafu-post-content\">\r\n\t\t\t\t<div class=\"pgafu-post-short-content\">Doctora en Filosof\u00eda y M\u00e1ster en Estudios Sociales de la Ciencia. Miembro del Grupo de Investigaci\u00f3n \u201cSobre Estudios Sociales de la Ciencia y la Tecnolog\u00eda (CTS)\u201d de la Universidad de Oviedo. Ha impartido distintos cursos sobre filosof\u00eda de la ciencia y estudios sociales de la ciencia y la tecnolog\u00eda en...<\/div>\r\n\t\t\t\t\t\t\t\t\t<a href=\"https:\/\/centroredes.org.ar\/index.php\/myriam-garcia\/\" class=\"readmorebtn\">Read More<\/a>\r\n\t\t\t\t\t\t\t<\/div>\r\n\t\t\t<\/div>\r\n<\/div>\t\t\t\t\t<\/div>\r\n\r\n\t\t\t\t\t\r\n\t\t\t\t\t<div class=\"pgafu-medium-4 pgafu-columns filtr-item pgafu-post-cnt pgafu-39 pgafu-62 pgafu-49 pgafu-46\">\r\n\t\t\t\t\t\r\n<div class=\"pgafu-post-grid\">\r\n\t<div class=\"pgafu-post-grid-content no-thumb-image\">\r\n\t\t\t\t<h2 class=\"pgafu-post-title\">\r\n\t\t\t<a href=\"https:\/\/centroredes.org.ar\/index.php\/lucas-luchilo\/\">Luchilo, Lucas<\/a>\r\n\t\t<\/h2>\r\n\r\n\t\t\t\t\t<div class=\"pgafu-post-date\">\r\n\t\t\t\t\t\t\t<\/div>\r\n\t\t\t\t\t<div class=\"pgafu-post-content\">\r\n\t\t\t\t<div class=\"pgafu-post-short-content\">Profesor de Historia (UBA). Mag\u00edster en Pol\u00edtica y Gesti\u00f3n de la Ciencia y la Tecnolog\u00eda (CEA-UBA). Profesor de grado (UBA y UB) y de posgrado en la Maestr\u00eda en Gesti\u00f3n de la Ciencia, la Tecnolog\u00eda y la Innovaci\u00f3n (UNGS-IDES-Centro REDES) y en el Programa de Especializaci\u00f3n en Gesti\u00f3n de la...<\/div>\r\n\t\t\t\t\t\t\t\t\t<a href=\"https:\/\/centroredes.org.ar\/index.php\/lucas-luchilo\/\" class=\"readmorebtn\">Read More<\/a>\r\n\t\t\t\t\t\t\t<\/div>\r\n\t\t\t<\/div>\r\n<\/div>\t\t\t\t\t<\/div>\r\n\r\n\t\t\t\t\t\r\n\t\t\t\t\t<div class=\"pgafu-medium-4 pgafu-columns filtr-item pgafu-post-cnt pgafu-40 pgafu-62 pgafu-46 pgafu-47\">\r\n\t\t\t\t\t\r\n<div class=\"pgafu-post-grid\">\r\n\t<div class=\"pgafu-post-grid-content no-thumb-image\">\r\n\t\t\t\t<h2 class=\"pgafu-post-title\">\r\n\t\t\t<a href=\"https:\/\/centroredes.org.ar\/index.php\/lautaro-matas\/\">Matas, Lautaro<\/a>\r\n\t\t<\/h2>\r\n\r\n\t\t\t\t\t<div class=\"pgafu-post-date\">\r\n\t\t\t\t\t\t\t<\/div>\r\n\t\t\t\t\t<div class=\"pgafu-post-content\">\r\n\t\t\t\t<div class=\"pgafu-post-short-content\">Estudios de grado en la Licenciatura en Ciencias de la Computaci\u00f3n (UBA). Integrante del equipo t\u00e9cnico de la Red Iberoamericana de Indicadores en Ciencia y Tecnolog\u00eda (RICYT). A cargo del desarrollo de portal Intelligo del Observatorio Iberoamericano de Ciencia, Tecnolog\u00eda y Sociedad, del Centro de Altos Estudios Universitarios de la...<\/div>\r\n\t\t\t\t\t\t\t\t\t<a href=\"https:\/\/centroredes.org.ar\/index.php\/lautaro-matas\/\" class=\"readmorebtn\">Read More<\/a>\r\n\t\t\t\t\t\t\t<\/div>\r\n\t\t\t<\/div>\r\n<\/div>\t\t\t\t\t<\/div>\r\n\r\n\t\t\t\t\t\r\n\t\t\t\t\t<div class=\"pgafu-medium-4 pgafu-columns filtr-item pgafu-post-cnt pgafu-40 pgafu-62 pgafu-46 pgafu-50\">\r\n\t\t\t\t\t\r\n<div class=\"pgafu-post-grid\">\r\n\t<div class=\"pgafu-post-grid-content no-thumb-image\">\r\n\t\t\t\t<h2 class=\"pgafu-post-title\">\r\n\t\t\t<a href=\"https:\/\/centroredes.org.ar\/index.php\/gabriela-neffa\/\">Neffa, Gabriela<\/a>\r\n\t\t<\/h2>\r\n\r\n\t\t\t\t\t<div class=\"pgafu-post-date\">\r\n\t\t\t\t\t\t\t<\/div>\r\n\t\t\t\t\t<div class=\"pgafu-post-content\">\r\n\t\t\t\t<div class=\"pgafu-post-short-content\">Doctora en Ciencias Sociales (UBA). Becaria del CONICET. Lic. en Comunicaci\u00f3n Social (UNLP). Master en Communication, Technologies et Pouvoir, (Universit\u00e9 de la Sorbonne Paris I).<\/div>\r\n\t\t\t\t\t\t\t\t\t<a href=\"https:\/\/centroredes.org.ar\/index.php\/gabriela-neffa\/\" class=\"readmorebtn\">Read More<\/a>\r\n\t\t\t\t\t\t\t<\/div>\r\n\t\t\t<\/div>\r\n<\/div>\t\t\t\t\t<\/div>\r\n\r\n\t\t\t\t\t\r\n\t\t\t\t\t<div class=\"pgafu-medium-4 pgafu-columns filtr-item pgafu-post-cnt pgafu-40 pgafu-62 pgafu-46 pgafu-50\">\r\n\t\t\t\t\t\r\n<div class=\"pgafu-post-grid\">\r\n\t<div class=\"pgafu-post-grid-content no-thumb-image\">\r\n\t\t\t\t<h2 class=\"pgafu-post-title\">\r\n\t\t\t<a href=\"https:\/\/centroredes.org.ar\/index.php\/carmelo-polino\/\">Polino, Carmelo<\/a>\r\n\t\t<\/h2>\r\n\r\n\t\t\t\t\t<div class=\"pgafu-post-date\">\r\n\t\t\t\t\t\t\t<\/div>\r\n\t\t\t\t\t<div class=\"pgafu-post-content\">\r\n\t\t\t\t<div class=\"pgafu-post-short-content\">Coordinador del \u00c1rea de Percepci\u00f3n y Comunicaci\u00f3n de la Ciencia. Investigador del Observatorio de la Ciencia, la Tecnolog\u00eda y la Sociedad del Centro de Altos Estudios Universitarios de la OEI, y de la Red de Indicadores de Ciencia y Tecnolog\u00eda (RICYT). Doctor en filosof\u00eda por la Universidad de Oviedo. Master...<\/div>\r\n\t\t\t\t\t\t\t\t\t<a href=\"https:\/\/centroredes.org.ar\/index.php\/carmelo-polino\/\" class=\"readmorebtn\">Read More<\/a>\r\n\t\t\t\t\t\t\t<\/div>\r\n\t\t\t<\/div>\r\n<\/div>\t\t\t\t\t<\/div>\r\n\r\n\t\t\t\t\t\r\n\t\t\t\t\t<div class=\"pgafu-medium-4 pgafu-columns filtr-item pgafu-post-cnt pgafu-41 pgafu-46 pgafu-50\">\r\n\t\t\t\t\t\r\n<div class=\"pgafu-post-grid\">\r\n\t<div class=\"pgafu-post-grid-content no-thumb-image\">\r\n\t\t\t\t<h2 class=\"pgafu-post-title\">\r\n\t\t\t<a href=\"https:\/\/centroredes.org.ar\/index.php\/cecilia-rosen\/\">Rosen, Cecilia<\/a>\r\n\t\t<\/h2>\r\n\r\n\t\t\t\t\t<div class=\"pgafu-post-date\">\r\n\t\t\t\t\t\t\t<\/div>\r\n\t\t\t\t\t<div class=\"pgafu-post-content\">\r\n\t\t\t\t<div class=\"pgafu-post-short-content\">Es Licenciada en Ciencias de la Comunicaci\u00f3n por la UNAM (M\u00e9xico) y Master en Comunicaci\u00f3n de la Ciencia por el Imperial College (UK). Es becaria doctoral de CONICET para pa\u00edses latinoamericanos en el Centro REDES, y se encuentra finalizando su Doctorado en Ciencias Sociales en la Facultad Latinoamericana de Ciencias...<\/div>\r\n\t\t\t\t\t\t\t\t\t<a href=\"https:\/\/centroredes.org.ar\/index.php\/cecilia-rosen\/\" class=\"readmorebtn\">Read More<\/a>\r\n\t\t\t\t\t\t\t<\/div>\r\n\t\t\t<\/div>\r\n<\/div>\t\t\t\t\t<\/div>\r\n\r\n\t\t\t\t\t\r\n\t\t\t\t\t<div class=\"pgafu-medium-4 pgafu-columns filtr-item pgafu-post-cnt pgafu-40 pgafu-51 pgafu-46\">\r\n\t\t\t\t\t\r\n<div class=\"pgafu-post-grid\">\r\n\t<div class=\"pgafu-post-grid-content no-thumb-image\">\r\n\t\t\t\t<h2 class=\"pgafu-post-title\">\r\n\t\t\t<a href=\"https:\/\/centroredes.org.ar\/index.php\/sannazzaro-jorgelina\/\">Sannazzaro, Jorgelina<\/a>\r\n\t\t<\/h2>\r\n\r\n\t\t\t\t\t<div class=\"pgafu-post-date\">\r\n\t\t\t\t\t\t\t<\/div>\r\n\t\t\t\t\t<div class=\"pgafu-post-content\">\r\n\t\t\t\t<div class=\"pgafu-post-short-content\">Doctora en \u201cEstudios Sociales de la Ciencia y la Tecnolog\u00eda\u201d, de la Universidad de Salamanca (Espa\u00f1a). Titulo tesis: Participaci\u00f3n ciudadana en conflictos medioambientales y construcci\u00f3n de conocimiento de forma colectiva. Titulo obtenido el 16 de diciembre de 2014. Calificaci\u00f3n Sobresaliente. Master Oficial en \u201cEstudios Sociales de la Ciencia y la...<\/div>\r\n\t\t\t\t\t\t\t\t\t<a href=\"https:\/\/centroredes.org.ar\/index.php\/sannazzaro-jorgelina\/\" class=\"readmorebtn\">Read More<\/a>\r\n\t\t\t\t\t\t\t<\/div>\r\n\t\t\t<\/div>\r\n<\/div>\t\t\t\t\t<\/div>\r\n\r\n\t\t\t\t\t\r\n\t\t\t\t\t<div class=\"pgafu-medium-4 pgafu-columns filtr-item pgafu-post-cnt pgafu-40 pgafu-51 pgafu-62 pgafu-46\">\r\n\t\t\t\t\t\r\n<div class=\"pgafu-post-grid\">\r\n\t<div class=\"pgafu-post-grid-content no-thumb-image\">\r\n\t\t\t\t<h2 class=\"pgafu-post-title\">\r\n\t\t\t<a href=\"https:\/\/centroredes.org.ar\/index.php\/gabriela-sued\/\">Sued, Gabriela<\/a>\r\n\t\t<\/h2>\r\n\r\n\t\t\t\t\t<div class=\"pgafu-post-date\">\r\n\t\t\t\t\t\t\t<\/div>\r\n\t\t\t\t\t<div class=\"pgafu-post-content\">\r\n\t\t\t\t<div class=\"pgafu-post-short-content\">Es Magister en Ciencia, Tecnolog\u00eda y Sociedad (Universidad Nacional de Quilmes, 2008), y Lic. y Prof en Letras (Facultad de Filosof\u00eda y Letras, Universidad de Buenos Aires). Es tambi\u00e9n candidata al doctorado en Ciencias Sociales de la Universidad de Buenos Aires. Es Docente regular e investigadora de la Carrera de...<\/div>\r\n\t\t\t\t\t\t\t\t\t<a href=\"https:\/\/centroredes.org.ar\/index.php\/gabriela-sued\/\" class=\"readmorebtn\">Read More<\/a>\r\n\t\t\t\t\t\t\t<\/div>\r\n\t\t\t<\/div>\r\n<\/div>\t\t\t\t\t<\/div>\r\n\r\n\t\t\t\t\t\r\n\t\t\t\t\t<div class=\"pgafu-medium-4 pgafu-columns filtr-item pgafu-post-cnt pgafu-62 pgafu-43 pgafu-46\">\r\n\t\t\t\t\t\r\n<div class=\"pgafu-post-grid\">\r\n\t<div class=\"pgafu-post-grid-content no-thumb-image\">\r\n\t\t\t\t<h2 class=\"pgafu-post-title\">\r\n\t\t\t<a href=\"https:\/\/centroredes.org.ar\/index.php\/maria-laura-yambrucic\/\">Yambrucic, Mar\u00eda Laura<\/a>\r\n\t\t<\/h2>\r\n\r\n\t\t\t\t\t<div class=\"pgafu-post-date\">\r\n\t\t\t\t\t\t\t<\/div>\r\n\t\t\t\t\t<div class=\"pgafu-post-content\">\r\n\t\t\t\t<div class=\"pgafu-post-short-content\">Desde el a\u00f1o 2009 hasta la fecha presta servicios en la Asociaci\u00f3n Civil Grupo REDES. Centro de Estudios sobre Ciencia, Desarrollo y Educaci\u00f3n Superior (Centro REDES \u2013 Unidad Asociada al CONICET). Capacitadora de la aplicaci\u00f3n GeoGebra para los niveles inicial e intermedio. Software libre de matem\u00e1ticas, din\u00e1mico e interactivo, orientado...<\/div>\r\n\t\t\t\t\t\t\t\t\t<a href=\"https:\/\/centroredes.org.ar\/index.php\/maria-laura-yambrucic\/\" class=\"readmorebtn\">Read More<\/a>\r\n\t\t\t\t\t\t\t<\/div>\r\n\t\t\t<\/div>\r\n<\/div>\t\t\t\t\t<\/div>\r\n\r\n\t\t\t\t\t\r\n\t\t\t\t<\/div>\r\n\t\t\t<\/div>\r\n\t\t<\/div>\r\n\r\n\t\t\n","protected":false},"excerpt":{"rendered":"","protected":false},"author":1,"featured_media":0,"parent":0,"menu_order":0,"comment_status":"closed","ping_status":"closed","template":"","meta":{"_acf_changed":false,"_uag_custom_page_level_css":"","footnotes":""},"class_list":["post-299","page","type-page","status-publish","hentry"],"acf":[],"uagb_featured_image_src":{"full":false,"thumbnail":false,"medium":false,"medium_large":false,"large":false,"tf-client-image-size":false,"1536x1536":false,"2048x2048":false,"trp-custom-language-flag":false,"widget-thumbnail":false,"education-zone-banner":false,"education-zone-image-full":false,"education-zone-image":false,"education-zone-recent-post":false,"education-zone-search-result":false,"education-zone-featured-course":false,"education-zone-testimonial":false,"education-zone-blog-full":false,"sow-carousel-default":false},"uagb_author_info":{"display_name":"geminis","author_link":"https:\/\/centroredes.org.ar\/index.php\/author\/geminis\/"},"uagb_comment_info":0,"uagb_excerpt":null,"rttpg_featured_image_url":null,"rttpg_author":{"display_name":"geminis","author_link":"https:\/\/centroredes.org.ar\/index.php\/author\/geminis\/"},"rttpg_comment":0,"rttpg_category":"","rttpg_excerpt":null,"_links":{"self":[{"href":"https:\/\/centroredes.org.ar\/index.php\/wp-json\/wp\/v2\/pages\/299","targetHints":{"allow":["GET"]}}],"collection":[{"href":"https:\/\/centroredes.org.ar\/index.php\/wp-json\/wp\/v2\/pages"}],"about":[{"href":"https:\/\/centroredes.org.ar\/index.php\/wp-json\/wp\/v2\/types\/page"}],"author":[{"embeddable":true,"href":"https:\/\/centroredes.org.ar\/index.php\/wp-json\/wp\/v2\/users\/1"}],"replies":[{"embeddable":true,"href":"https:\/\/centroredes.org.ar\/index.php\/wp-json\/wp\/v2\/comments?post=299"}],"version-history":[{"count":5,"href":"https:\/\/centroredes.org.ar\/index.php\/wp-json\/wp\/v2\/pages\/299\/revisions"}],"predecessor-version":[{"id":1891,"href":"https:\/\/centroredes.org.ar\/index.php\/wp-json\/wp\/v2\/pages\/299\/revisions\/1891"}],"wp:attachment":[{"href":"https:\/\/centroredes.org.ar\/index.php\/wp-json\/wp\/v2\/media?parent=299"}],"curies":[{"name":"wp","href":"https:\/\/api.w.org\/{rel}","templated":true}]}}