{"id":297,"date":"2017-12-20T17:03:29","date_gmt":"2017-12-20T20:03:29","guid":{"rendered":"https:\/\/centroredes.miurl.com.ar\/?page_id=297"},"modified":"2025-12-18T16:44:30","modified_gmt":"2025-12-18T19:44:30","slug":"areas","status":"publish","type":"page","link":"https:\/\/centroredes.org.ar\/index.php\/areas\/","title":{"rendered":"\u00c1reas"},"content":{"rendered":"<p>Las principales \u00e1reas de estudios en las que el Centro REDES desarrolla sus investigaciones son:<\/p>\n<ul style=\"list-style-type: square;\">\n<li>Pol\u00edtica y gesti\u00f3n del conocimiento.<\/li>\n<li>Educaci\u00f3n superior.<\/li>\n<li>Percepci\u00f3n y comunicaci\u00f3n de la ciencia y la tecnologia.<\/li>\n<li>Ciencia, innovaci\u00f3n y sociedad.<\/li>\n<\/ul>\n","protected":false},"excerpt":{"rendered":"<p>Las principales \u00e1reas de estudios en las que el Centro REDES desarrolla sus investigaciones son: Pol\u00edtica y gesti\u00f3n del conocimiento. &hellip; <\/p>\n","protected":false},"author":1,"featured_media":0,"parent":0,"menu_order":0,"comment_status":"closed","ping_status":"closed","template":"","meta":{"_acf_changed":false,"_uag_custom_page_level_css":"","footnotes":""},"class_list":["post-297","page","type-page","status-publish","hentry"],"acf":[],"uagb_featured_image_src":{"full":false,"thumbnail":false,"medium":false,"medium_large":false,"large":false,"tf-client-image-size":false,"1536x1536":false,"2048x2048":false,"trp-custom-language-flag":false,"widget-thumbnail":false,"education-zone-banner":false,"education-zone-image-full":false,"education-zone-image":false,"education-zone-recent-post":false,"education-zone-search-result":false,"education-zone-featured-course":false,"education-zone-testimonial":false,"education-zone-blog-full":false,"sow-carousel-default":false},"uagb_author_info":{"display_name":"geminis","author_link":"https:\/\/centroredes.org.ar\/index.php\/author\/geminis\/"},"uagb_comment_info":0,"uagb_excerpt":"Las principales \u00e1reas de estudios en las que el Centro REDES desarrolla sus investigaciones son: Pol\u00edtica y gesti\u00f3n del conocimiento. &hellip;","rttpg_featured_image_url":null,"rttpg_author":{"display_name":"geminis","author_link":"https:\/\/centroredes.org.ar\/index.php\/author\/geminis\/"},"rttpg_comment":0,"rttpg_category":null,"rttpg_excerpt":"Las principales \u00e1reas de estudios en las que el Centro REDES desarrolla sus investigaciones son: Pol\u00edtica y gesti\u00f3n del conocimiento. &hellip;","_links":{"self":[{"href":"https:\/\/centroredes.org.ar\/index.php\/wp-json\/wp\/v2\/pages\/297","targetHints":{"allow":["GET"]}}],"collection":[{"href":"https:\/\/centroredes.org.ar\/index.php\/wp-json\/wp\/v2\/pages"}],"about":[{"href":"https:\/\/centroredes.org.ar\/index.php\/wp-json\/wp\/v2\/types\/page"}],"author":[{"embeddable":true,"href":"https:\/\/centroredes.org.ar\/index.php\/wp-json\/wp\/v2\/users\/1"}],"replies":[{"embeddable":true,"href":"https:\/\/centroredes.org.ar\/index.php\/wp-json\/wp\/v2\/comments?post=297"}],"version-history":[{"count":5,"href":"https:\/\/centroredes.org.ar\/index.php\/wp-json\/wp\/v2\/pages\/297\/revisions"}],"predecessor-version":[{"id":10278,"href":"https:\/\/centroredes.org.ar\/index.php\/wp-json\/wp\/v2\/pages\/297\/revisions\/10278"}],"wp:attachment":[{"href":"https:\/\/centroredes.org.ar\/index.php\/wp-json\/wp\/v2\/media?parent=297"}],"curies":[{"name":"wp","href":"https:\/\/api.w.org\/{rel}","templated":true}]}}