{"id":1967,"date":"2018-03-04T13:34:15","date_gmt":"2018-03-04T16:34:15","guid":{"rendered":"https:\/\/centroredes.miurl.com.ar\/?page_id=1967"},"modified":"2018-03-04T13:34:15","modified_gmt":"2018-03-04T16:34:15","slug":"formacion-fuentes","status":"publish","type":"page","link":"https:\/\/centroredes.org.ar\/index.php\/formacion-fuentes\/","title":{"rendered":"Cursos de formaci\u00f3n en fuentes e informaci\u00f3n cient\u00edfica."},"content":{"rendered":"<div class=\"no-filters no-description\">\r\n\t\t<div class=\"pgafu-filter-wrp \">\r\n\t\t\t<ul class=\"pgafu-filter\" id=\"pgafu-filtr-1\">\r\n\t\t\t\t<li class=\"pgafu-filtr-cat pgafu-active-filtr\" data-filter=\"*\"><a href=\"javascript:void(0);\">All<\/a><\/li>\r\n\t\t\t\t\t\t\t\t\t<li class=\"pgafu-filtr-cat\" data-filter=\".pgafu-27\"><a href=\"javascript:void(0);\">FORMACI\u00d3N PARA LA DIFUSI\u00d3N Y FUENTES DE CONTENIDOS CIENT\u00cdFICOS<\/a><\/li>\r\n\t\t\t\t\t\t\t<\/ul>\r\n\r\n\t\t\t<div class=\"pgafu-filtr-container\" id=\"pgafu-post-filtr-1\">\r\n\t\t\t\t<div class=\"pgafu-post-grid-main pgafu-post-filter pgafu-design-1 pgafu-image-fit has-no-animation pgafu-clearfix\">\r\n\r\n\t\t\t\t\r\n\t\t\t\t\t<div class=\"pgafu-medium-12 pgafu-columns filtr-item pgafu-post-cnt pgafu-44 pgafu-27 pgafu-1\">\r\n\t\t\t\t\t\n<div class=\"pgafu-post-grid\">\n\t<div class=\"pgafu-post-grid-content \">\n\t\t\t\t\t<div class=\"pgafu-post-image-bg\" style=\"\">\n\t\t\t\t<a href=\"https:\/\/centroredes.org.ar\/index.php\/correccion-de-textos\/\">\n\t\t\t\t\t<img decoding=\"async\" src=\"https:\/\/centroredes.org.ar\/wp-content\/uploads\/2020\/04\/correccion-redes.jpg\" alt=\"Servicio de correcci\u00f3n de textos en espa\u00f1ol.\" \/>\n\t\t\t\t<\/a>\n\t\t\t<\/div>\n\t\t\t\t<h2 class=\"pgafu-post-title\">\n\t\t\t<a href=\"https:\/\/centroredes.org.ar\/index.php\/correccion-de-textos\/\">Servicio de correcci\u00f3n de textos en espa\u00f1ol.<\/a>\n\t\t<\/h2>\n\n\t\t\t\t\t<div class=\"pgafu-post-date\">\n\t\t\t\t\t\t\t<\/div>\n\t\t\t\t\t<div class=\"pgafu-post-content\">\n\t\t\t\t<div class=\"pgafu-post-short-content\">Servicio de correcci\u00f3n de textos dirigido a: estudiantes de todos los niveles, docentes, profesionales y personal de apoyo, que necesiten corregir un texto de elaboraci\u00f3n propia, para presentaciones acad\u00e9micas o publicaciones. Podemos revisar, corregir y depurar tu texto de errores...<\/div>\n\t\t\t\t\n\t\t\t\t\n\t\t\t\t                       \n                        <p class=\"date\">\n                            <i class=\"fa fa-calendar\" aria-hidden=\"true\"><\/i>\n                            <span>Inicia el <b>- Permanente -<\/b><\/span>\n                        <\/p>   \n                                                       \n\t\t\t\t\t\t\t\t\t\t\t\t \n\t\t\t\t\n\t\t\t\t\n\t\t\t\t\t\t\t\t\t<a href=\"https:\/\/centroredes.org.ar\/index.php\/correccion-de-textos\/\" class=\"readmorebtn\">Read More<\/a>\n\t\t\t\t\t\t\t<\/div>\n\t\t\t<\/div>\n<\/div>\t\t\t\t\t<\/div>\r\n\r\n\t\t\t\t\t\r\n\t\t\t\t\t<div class=\"pgafu-medium-12 pgafu-columns filtr-item pgafu-post-cnt pgafu-123 pgafu-44 pgafu-27 pgafu-1\">\r\n\t\t\t\t\t\n<div class=\"pgafu-post-grid\">\n\t<div class=\"pgafu-post-grid-content \">\n\t\t\t\t\t<div class=\"pgafu-post-image-bg\" style=\"\">\n\t\t\t\t<a href=\"https:\/\/centroredes.org.ar\/index.php\/ojs-8\/\">\n\t\t\t\t\t<img decoding=\"async\" src=\"https:\/\/centroredes.org.ar\/wp-content\/uploads\/2019\/02\/index.jpg\" alt=\"OJS &#8211; Gesti\u00f3n de revistas cient\u00edficas con Open Journal System.\" \/>\n\t\t\t\t<\/a>\n\t\t\t<\/div>\n\t\t\t\t<h2 class=\"pgafu-post-title\">\n\t\t\t<a href=\"https:\/\/centroredes.org.ar\/index.php\/ojs-8\/\">OJS &#8211; Gesti\u00f3n de revistas cient\u00edficas con Open Journal System.<\/a>\n\t\t<\/h2>\n\n\t\t\t\t\t<div class=\"pgafu-post-date\">\n\t\t\t\t\t\t\t<\/div>\n\t\t\t\t\t<div class=\"pgafu-post-content\">\n\t\t\t\t<div class=\"pgafu-post-short-content\">OJS Docente a cargo del curso de OJS:\u00a0\u00a0\u00a0\u00a0\u00a0 Lic. Andr\u00e9s Vuotto Nivel del curso:\u00a0 b\u00e1sico\/intermedio Duraci\u00f3n:\u00a0 10 semanasCarga horaria: 60 horas reloj Dedicaci\u00f3n semanal: 6 horas. \u00a0\u00a0IMPORTANTE\u00a0\u00a0: para confirmar la vacante en este curso virtual de OJS, adem\u00e1s de haberse...<\/div>\n\t\t\t\t\n\t\t\t\t\n\t\t\t\t                       \n                        <p class=\"date\">\n                            <i class=\"fa fa-calendar\" aria-hidden=\"true\"><\/i>\n                            <span>Inicia el <b>30\/09\/2025<\/b><\/span>\n                        <\/p>   \n                                                       \n\t\t\t\t\t\t\t\t\t\t\t\t \n\t\t\t\t\n\t\t\t\t\n\t\t\t\t\t\t\t\t\t<a href=\"https:\/\/centroredes.org.ar\/index.php\/ojs-8\/\" class=\"readmorebtn\">Read More<\/a>\n\t\t\t\t\t\t\t<\/div>\n\t\t\t<\/div>\n<\/div>\t\t\t\t\t<\/div>\r\n\r\n\t\t\t\t\t\r\n\t\t\t\t\t<div class=\"pgafu-medium-12 pgafu-columns filtr-item pgafu-post-cnt pgafu-132 pgafu-44 pgafu-27\">\r\n\t\t\t\t\t\n<div class=\"pgafu-post-grid\">\n\t<div class=\"pgafu-post-grid-content \">\n\t\t\t\t\t<div class=\"pgafu-post-image-bg\" style=\"\">\n\t\t\t\t<a href=\"https:\/\/centroredes.org.ar\/index.php\/escritura-creativa\/\">\n\t\t\t\t\t<img decoding=\"async\" src=\"https:\/\/centroredes.org.ar\/wp-content\/uploads\/2020\/03\/escritura-creativa-centro-redes.jpg\" alt=\"Taller de escritura creativa: narrativas breves.\" \/>\n\t\t\t\t<\/a>\n\t\t\t<\/div>\n\t\t\t\t<h2 class=\"pgafu-post-title\">\n\t\t\t<a href=\"https:\/\/centroredes.org.ar\/index.php\/escritura-creativa\/\">Taller de escritura creativa: narrativas breves.<\/a>\n\t\t<\/h2>\n\n\t\t\t\t\t<div class=\"pgafu-post-date\">\n\t\t\t\t\t\t\t<\/div>\n\t\t\t\t\t<div class=\"pgafu-post-content\">\n\t\t\t\t<div class=\"pgafu-post-short-content\">Escritura Creativa Docentes: J\u00e9ssica Laura Sessarego - Nicol\u00e1s Ciccotosto Modalidad: A distancia, curso asincr\u00f3nico dictado a trav\u00e9s de la plataforma de capacitaci\u00f3n del Centro REDES. Duraci\u00f3n: Ocho semanas. Dedicaci\u00f3n semanal estimada: 5 hs reloj semanales. Total 40 hs reloj. Destinado...<\/div>\n\t\t\t\t\n\t\t\t\t\n\t\t\t\t                       \n                        <p class=\"date\">\n                            <i class=\"fa fa-calendar\" aria-hidden=\"true\"><\/i>\n                            <span>Inicia el <b>03\/02\/2026<\/b><\/span>\n                        <\/p>   \n                                                       \n\t\t\t\t\t\t\t\t\t\t\t\t \n\t\t\t\t\n\t\t\t\t\n\t\t\t\t\t\t\t\t\t<a href=\"https:\/\/centroredes.org.ar\/index.php\/escritura-creativa\/\" class=\"readmorebtn\">Read More<\/a>\n\t\t\t\t\t\t\t<\/div>\n\t\t\t<\/div>\n<\/div>\t\t\t\t\t<\/div>\r\n\r\n\t\t\t\t\t\r\n\t\t\t\t\t<div class=\"pgafu-medium-12 pgafu-columns filtr-item pgafu-post-cnt pgafu-132 pgafu-44 pgafu-27\">\r\n\t\t\t\t\t\n<div class=\"pgafu-post-grid\">\n\t<div class=\"pgafu-post-grid-content \">\n\t\t\t\t\t<div class=\"pgafu-post-image-bg\" style=\"\">\n\t\t\t\t<a href=\"https:\/\/centroredes.org.ar\/index.php\/curso-virtual-de-escritura\/\">\n\t\t\t\t\t<img decoding=\"async\" src=\"https:\/\/centroredes.org.ar\/wp-content\/uploads\/2017\/04\/escrituraredes12-1024x633-1.jpg\" alt=\"Escritura de textos acad\u00e9micos breves: el abstract y el paper. Herramientas para una correcta redacci\u00f3n de textos acad\u00e9micos.\" \/>\n\t\t\t\t<\/a>\n\t\t\t<\/div>\n\t\t\t\t<h2 class=\"pgafu-post-title\">\n\t\t\t<a href=\"https:\/\/centroredes.org.ar\/index.php\/curso-virtual-de-escritura\/\">Escritura de textos acad\u00e9micos breves: el abstract y el paper. Herramientas para una correcta redacci\u00f3n de textos acad\u00e9micos.<\/a>\n\t\t<\/h2>\n\n\t\t\t\t\t<div class=\"pgafu-post-date\">\n\t\t\t\t\t\t\t<\/div>\n\t\t\t\t\t<div class=\"pgafu-post-content\">\n\t\t\t\t<div class=\"pgafu-post-short-content\">Curso virtual de escritura de textos acad\u00e9micos \u00a0Docentes a cargo: Lic. Mar\u00eda Montserrat Piccone Mg. Mar\u00eda Sol Piccone Este curso inicia el 17 de marzo de 2026 Carga horaria:\u00a0 84hs. reloj (7hs. por semana) Duraci\u00f3n del curso:\u00a0 3 meses (12...<\/div>\n\t\t\t\t\n\t\t\t\t\n\t\t\t\t                       \n                        <p class=\"date\">\n                            <i class=\"fa fa-calendar\" aria-hidden=\"true\"><\/i>\n                            <span>Inicia el <b>17\/03\/2026<\/b><\/span>\n                        <\/p>   \n                                                       \n\t\t\t\t\t\t\t\t\t\t\t\t \n\t\t\t\t\n\t\t\t\t\n\t\t\t\t\t\t\t\t\t<a href=\"https:\/\/centroredes.org.ar\/index.php\/curso-virtual-de-escritura\/\" class=\"readmorebtn\">Read More<\/a>\n\t\t\t\t\t\t\t<\/div>\n\t\t\t<\/div>\n<\/div>\t\t\t\t\t<\/div>\r\n\r\n\t\t\t\t\t\r\n\t\t\t\t\t<div class=\"pgafu-medium-12 pgafu-columns filtr-item pgafu-post-cnt pgafu-132 pgafu-44 pgafu-28 pgafu-27\">\r\n\t\t\t\t\t\n<div class=\"pgafu-post-grid\">\n\t<div class=\"pgafu-post-grid-content \">\n\t\t\t\t\t<div class=\"pgafu-post-image-bg\" style=\"\">\n\t\t\t\t<a href=\"https:\/\/centroredes.org.ar\/index.php\/autoficcion-y-cronica-literaria\/\">\n\t\t\t\t\t<img decoding=\"async\" src=\"https:\/\/centroredes.org.ar\/wp-content\/uploads\/2020\/05\/autofiction-REDES-888x1024.jpg\" alt=\"Taller de escritura creativa: reescrituras del yo -autoficci\u00f3n y cr\u00f3nicas literarias.\" \/>\n\t\t\t\t<\/a>\n\t\t\t<\/div>\n\t\t\t\t<h2 class=\"pgafu-post-title\">\n\t\t\t<a href=\"https:\/\/centroredes.org.ar\/index.php\/autoficcion-y-cronica-literaria\/\">Taller de escritura creativa: reescrituras del yo -autoficci\u00f3n y cr\u00f3nicas literarias.<\/a>\n\t\t<\/h2>\n\n\t\t\t\t\t<div class=\"pgafu-post-date\">\n\t\t\t\t\t\t\t<\/div>\n\t\t\t\t\t<div class=\"pgafu-post-content\">\n\t\t\t\t<div class=\"pgafu-post-short-content\">Escritura creativa\u00a0 Autoficci\u00f3n y cr\u00f3nica literaria Docente: J\u00e9ssica Laura Sessarego - Nicol\u00e1s Ciccotosto Modalidad: A distancia: a trav\u00e9s de la plataforma virtual de cursos de Centro REDES. Duraci\u00f3n: Seis semanas. Dedicaci\u00f3n semanal estimada: 5 hs reloj semanales. Total 30 hs...<\/div>\n\t\t\t\t\n\t\t\t\t\n\t\t\t\t                       \n                        <p class=\"date\">\n                            <i class=\"fa fa-calendar\" aria-hidden=\"true\"><\/i>\n                            <span>Inicia el <b>07\/04\/2026<\/b><\/span>\n                        <\/p>   \n                                                       \n\t\t\t\t\t\t\t\t\t\t\t\t \n\t\t\t\t\n\t\t\t\t\n\t\t\t\t\t\t\t\t\t<a href=\"https:\/\/centroredes.org.ar\/index.php\/autoficcion-y-cronica-literaria\/\" class=\"readmorebtn\">Read More<\/a>\n\t\t\t\t\t\t\t<\/div>\n\t\t\t<\/div>\n<\/div>\t\t\t\t\t<\/div>\r\n\r\n\t\t\t\t\t\r\n\t\t\t\t\t<div class=\"pgafu-medium-12 pgafu-columns filtr-item pgafu-post-cnt pgafu-132 pgafu-44 pgafu-27 pgafu-1\">\r\n\t\t\t\t\t\n<div class=\"pgafu-post-grid\">\n\t<div class=\"pgafu-post-grid-content \">\n\t\t\t\t\t<div class=\"pgafu-post-image-bg\" style=\"\">\n\t\t\t\t<a href=\"https:\/\/centroredes.org.ar\/index.php\/indexacion-revistas\/\">\n\t\t\t\t\t<img decoding=\"async\" src=\"https:\/\/centroredes.org.ar\/wp-content\/uploads\/2025\/03\/La-indexacion-de-revistas-cientificas-1024x776-1.jpg\" alt=\"Indexaci\u00f3n y visibilidad de revistas cient\u00edficas\" \/>\n\t\t\t\t<\/a>\n\t\t\t<\/div>\n\t\t\t\t<h2 class=\"pgafu-post-title\">\n\t\t\t<a href=\"https:\/\/centroredes.org.ar\/index.php\/indexacion-revistas\/\">Indexaci\u00f3n y visibilidad de revistas cient\u00edficas<\/a>\n\t\t<\/h2>\n\n\t\t\t\t\t<div class=\"pgafu-post-date\">\n\t\t\t\t\t\t\t<\/div>\n\t\t\t\t\t<div class=\"pgafu-post-content\">\n\t\t\t\t<div class=\"pgafu-post-short-content\">Indexaci\u00f3n de revistas Docente:\u00a0\u00a0\u00a0\u00a0\u00a0 Lic. Andr\u00e9s Vuotto Duraci\u00f3n:\u00a0 4 semanas Carga horaria: 20 horas reloj (incluye 4 encuentros sincr\u00f3nicos) Dedicaci\u00f3n semanal estimada: 5 horas. \u00a0\u00a0IMPORTANTE\u00a0\u00a0: para confirmar la vacante en este curso virtual, adem\u00e1s de haberse inscripto es necesario abonar...<\/div>\n\t\t\t\t\n\t\t\t\t\n\t\t\t\t                       \n                        <p class=\"date\">\n                            <i class=\"fa fa-calendar\" aria-hidden=\"true\"><\/i>\n                            <span>Inicia el <b>07\/04\/2026<\/b><\/span>\n                        <\/p>   \n                                                       \n\t\t\t\t\t\t\t\t\t\t\t\t \n\t\t\t\t\n\t\t\t\t\n\t\t\t\t\t\t\t\t\t<a href=\"https:\/\/centroredes.org.ar\/index.php\/indexacion-revistas\/\" class=\"readmorebtn\">Read More<\/a>\n\t\t\t\t\t\t\t<\/div>\n\t\t\t<\/div>\n<\/div>\t\t\t\t\t<\/div>\r\n\r\n\t\t\t\t\t\r\n\t\t\t\t\t<div class=\"pgafu-medium-12 pgafu-columns filtr-item pgafu-post-cnt pgafu-132 pgafu-44 pgafu-27\">\r\n\t\t\t\t\t\n<div class=\"pgafu-post-grid\">\n\t<div class=\"pgafu-post-grid-content \">\n\t\t\t\t\t<div class=\"pgafu-post-image-bg\" style=\"\">\n\t\t\t\t<a href=\"https:\/\/centroredes.org.ar\/index.php\/archivos-audiovisuales\/\">\n\t\t\t\t\t<img decoding=\"async\" src=\"https:\/\/centroredes.org.ar\/wp-content\/uploads\/2026\/03\/IMG-20260228-WA0002-1024x683.jpg\" alt=\"Gesti\u00f3n de archivos audiovisuales: Conceptualizar Obra-Registro-Documento + Analizar y Clasificar para  Acceder y Preservar.\" \/>\n\t\t\t\t<\/a>\n\t\t\t<\/div>\n\t\t\t\t<h2 class=\"pgafu-post-title\">\n\t\t\t<a href=\"https:\/\/centroredes.org.ar\/index.php\/archivos-audiovisuales\/\">Gesti\u00f3n de archivos audiovisuales: Conceptualizar Obra-Registro-Documento + Analizar y Clasificar para  Acceder y Preservar.<\/a>\n\t\t<\/h2>\n\n\t\t\t\t\t<div class=\"pgafu-post-date\">\n\t\t\t\t\t\t\t<\/div>\n\t\t\t\t\t<div class=\"pgafu-post-content\">\n\t\t\t\t<div class=\"pgafu-post-short-content\">Gestion archivos audiovisuales Docentes: Jorge Gagliardi y Fernando Ram\u00edrez LLorens Duraci\u00f3n: ocho semanas (2 meses). Carga horaria: 48 horas en total. Se estiman de 6 hs. reloj por semana de dedicaci\u00f3n por parte de las y los alumnos, divididas en...<\/div>\n\t\t\t\t\n\t\t\t\t\n\t\t\t\t                       \n                        <p class=\"date\">\n                            <i class=\"fa fa-calendar\" aria-hidden=\"true\"><\/i>\n                            <span>Inicia el <b>12\/05\/2026<\/b><\/span>\n                        <\/p>   \n                                                       \n\t\t\t\t\t\t\t\t\t\t\t\t \n\t\t\t\t\n\t\t\t\t\n\t\t\t\t\t\t\t\t\t<a href=\"https:\/\/centroredes.org.ar\/index.php\/archivos-audiovisuales\/\" class=\"readmorebtn\">Read More<\/a>\n\t\t\t\t\t\t\t<\/div>\n\t\t\t<\/div>\n<\/div>\t\t\t\t\t<\/div>\r\n\r\n\t\t\t\t\t\r\n\t\t\t\t<\/div>\r\n\t\t\t<\/div>\r\n\t\t<\/div>\r\n\r\n\t\t<\/div>\n","protected":false},"excerpt":{"rendered":"","protected":false},"author":2,"featured_media":0,"parent":0,"menu_order":0,"comment_status":"closed","ping_status":"closed","template":"","meta":{"_uag_custom_page_level_css":"","footnotes":""},"class_list":["post-1967","page","type-page","status-publish","hentry"],"uagb_featured_image_src":{"full":false,"thumbnail":false,"medium":false,"medium_large":false,"large":false,"tf-client-image-size":false,"1536x1536":false,"2048x2048":false,"trp-custom-language-flag":false,"widget-thumbnail":false,"education-zone-banner":false,"education-zone-image-full":false,"education-zone-image":false,"education-zone-recent-post":false,"education-zone-search-result":false,"education-zone-featured-course":false,"education-zone-testimonial":false,"education-zone-blog-full":false,"sow-carousel-default":false},"uagb_author_info":{"display_name":"Jorge Atrio","author_link":"https:\/\/centroredes.org.ar\/index.php\/author\/centro-redes\/"},"uagb_comment_info":0,"uagb_excerpt":null,"rttpg_featured_image_url":null,"rttpg_author":{"display_name":"Jorge Atrio","author_link":"https:\/\/centroredes.org.ar\/index.php\/author\/centro-redes\/"},"rttpg_comment":0,"rttpg_category":"","rttpg_excerpt":null,"_links":{"self":[{"href":"https:\/\/centroredes.org.ar\/index.php\/wp-json\/wp\/v2\/pages\/1967","targetHints":{"allow":["GET"]}}],"collection":[{"href":"https:\/\/centroredes.org.ar\/index.php\/wp-json\/wp\/v2\/pages"}],"about":[{"href":"https:\/\/centroredes.org.ar\/index.php\/wp-json\/wp\/v2\/types\/page"}],"author":[{"embeddable":true,"href":"https:\/\/centroredes.org.ar\/index.php\/wp-json\/wp\/v2\/users\/2"}],"replies":[{"embeddable":true,"href":"https:\/\/centroredes.org.ar\/index.php\/wp-json\/wp\/v2\/comments?post=1967"}],"version-history":[{"count":1,"href":"https:\/\/centroredes.org.ar\/index.php\/wp-json\/wp\/v2\/pages\/1967\/revisions"}],"predecessor-version":[{"id":1968,"href":"https:\/\/centroredes.org.ar\/index.php\/wp-json\/wp\/v2\/pages\/1967\/revisions\/1968"}],"wp:attachment":[{"href":"https:\/\/centroredes.org.ar\/index.php\/wp-json\/wp\/v2\/media?parent=1967"}],"curies":[{"name":"wp","href":"https:\/\/api.w.org\/{rel}","templated":true}]}}