{"id":1953,"date":"2018-03-04T09:21:00","date_gmt":"2018-03-04T12:21:00","guid":{"rendered":"https:\/\/centroredes.miurl.com.ar\/?page_id=1953"},"modified":"2024-09-24T19:13:52","modified_gmt":"2024-09-24T22:13:52","slug":"metodologias","status":"publish","type":"page","link":"https:\/\/centroredes.org.ar\/index.php\/metodologias\/","title":{"rendered":"Cursos de Metodolog\u00edas de Investigaci\u00f3n"},"content":{"rendered":"<div>\n<div class=\"gdl-page-item\">\n<div class=\"blog-item-holder\">\n<div class=\"sixteen columns blog-item2 gdl-divider\">\n<div class=\"blog-item-inside\">\n<p class=\"blog-thumbnail-title post-title-color gdl-title\"><span style=\"font-size: 10pt; color: #a19f9f;\">Construcci\u00f3n de proyectos en ciencias sociales &#8211; Investigaci\u00f3n cualitativa &#8211; M\u00e9todolog\u00eda y gesti\u00f3n &#8211; Entrevistas &#8211; Grupos Focales &#8211; An\u00e1lisis Documental &#8211; Encuestas<\/span><\/p>\n<\/div>\n<\/div>\n<\/div>\n<\/div>\n<\/div>\n<div class=\"no-filters no-description\">\r\n\t\t<div class=\"pgafu-filter-wrp \">\r\n\t\t\t<ul class=\"pgafu-filter\" id=\"pgafu-filtr-1\">\r\n\t\t\t\t<li class=\"pgafu-filtr-cat pgafu-active-filtr\" data-filter=\"*\"><a href=\"javascript:void(0);\">All<\/a><\/li>\r\n\t\t\t\t\t\t\t\t\t<li class=\"pgafu-filtr-cat\" data-filter=\".pgafu-22\"><a href=\"javascript:void(0);\">ESTUDIOS EN METODOLOG\u00cdAS PARA LA INVESTIGACI\u00d3N<\/a><\/li>\r\n\t\t\t\t\t\t\t<\/ul>\r\n\r\n\t\t\t<div class=\"pgafu-filtr-container\" id=\"pgafu-post-filtr-1\">\r\n\t\t\t\t<div class=\"pgafu-post-grid-main pgafu-post-filter pgafu-design-1 pgafu-image-fit has-no-animation pgafu-clearfix\">\r\n\r\n\t\t\t\t\r\n\t\t\t\t\t<div class=\"pgafu-medium-12 pgafu-columns filtr-item pgafu-post-cnt pgafu-132 pgafu-44 pgafu-28 pgafu-22\">\r\n\t\t\t\t\t\r\n<div class=\"pgafu-post-grid\">\r\n\t<div class=\"pgafu-post-grid-content \">\r\n\t\t\t\t\t<div class=\"pgafu-post-image-bg\" style=\"\">\r\n\t\t\t\t<a href=\"https:\/\/centroredes.org.ar\/index.php\/construccion-de-proyectos\/\">\r\n\t\t\t\t\t<img decoding=\"async\" src=\"https:\/\/centroredes.org.ar\/wp-content\/uploads\/2017\/04\/proyectos01.jpg\" alt=\"Introducci\u00f3n a la formulaci\u00f3n de proyectos de investigaci\u00f3n en Ciencias Sociales y Humanidades.\" \/>\r\n\t\t\t\t<\/a>\r\n\t\t\t<\/div>\r\n\t\t\t\t<h2 class=\"pgafu-post-title\">\r\n\t\t\t<a href=\"https:\/\/centroredes.org.ar\/index.php\/construccion-de-proyectos\/\">Introducci\u00f3n a la formulaci\u00f3n de proyectos de investigaci\u00f3n en Ciencias Sociales y Humanidades.<\/a>\r\n\t\t<\/h2>\r\n\r\n\t\t\t\t\t<div class=\"pgafu-post-date\">\r\n\t\t\t\t\t\t\t<\/div>\r\n\t\t\t\t\t<div class=\"pgafu-post-content\">\r\n\t\t\t\t<div class=\"pgafu-post-short-content\">\n            <div style=\"text-align: center; width: 100%; margin-top: 10px; margin-bottom: 22px;\">\n                <div class=\"card-fecha-redes\" style=\"\n                    display: inline-block;\n                    background-color: #ffffff;\n                    color: #004a99;\n                    padding: 8px 20px;\n                    border-radius: 4px;\n                    font-size: 13.5px;\n                    font-weight: 700;\n                    \/* Borde ultra sutil *\/\n                    border: 1px solid rgba(0, 74, 153, 0.15);\n                    \/* Sombra de despegue (Card Shadow) *\/\n                    box-shadow: 0 10px 20px rgba(0, 0, 0, 0.08), 0 4px 6px rgba(0, 0, 0, 0.05);\n                    text-transform: uppercase;\n                    letter-spacing: 1px;\n                \">\n                    <span style=\"vertical-align: middle; margin-right: 8px; font-size: 16px;\">\ud83d\udcc5<\/span>\n                    <span style=\"vertical-align: middle;\">Inicio: 14\/04\/2026<\/span>\n                <\/div>\n            <\/div><div class=\"resumen-texto\" style=\"text-align: left; line-height: 1.6; color: #555; padding: 0 5px;\">Construcci\u00f3n de proyectos de investigaci\u00f3n en Ciencias Sociales y Humanidades. Docentes a cargo: Dra. Carina Cortassa...<\/div><\/div>\r\n\t\t\t\t\t\t\t\t\t<a href=\"https:\/\/centroredes.org.ar\/index.php\/construccion-de-proyectos\/\" class=\"readmorebtn\">Read More<\/a>\r\n\t\t\t\t\t\t\t<\/div>\r\n\t\t\t<\/div>\r\n<\/div>\t\t\t\t\t<\/div>\r\n\r\n\t\t\t\t\t\r\n\t\t\t\t\t<div class=\"pgafu-medium-12 pgafu-columns filtr-item pgafu-post-cnt pgafu-132 pgafu-44 pgafu-22\">\r\n\t\t\t\t\t\r\n<div class=\"pgafu-post-grid\">\r\n\t<div class=\"pgafu-post-grid-content \">\r\n\t\t\t\t\t<div class=\"pgafu-post-image-bg\" style=\"\">\r\n\t\t\t\t<a href=\"https:\/\/centroredes.org.ar\/index.php\/atlas-ti\/\">\r\n\t\t\t\t\t<img decoding=\"async\" src=\"https:\/\/centroredes.org.ar\/wp-content\/uploads\/2018\/05\/Atlas-ti-3.png\" alt=\"An\u00e1lisis cualitativo con ATLAS.ti 25 y 26 IA (inteligencia artificial) y herramientas para la productividad acad\u00e9mica\" \/>\r\n\t\t\t\t<\/a>\r\n\t\t\t<\/div>\r\n\t\t\t\t<h2 class=\"pgafu-post-title\">\r\n\t\t\t<a href=\"https:\/\/centroredes.org.ar\/index.php\/atlas-ti\/\">An\u00e1lisis cualitativo con ATLAS.ti 25 y 26 IA (inteligencia artificial) y herramientas para la productividad acad\u00e9mica<\/a>\r\n\t\t<\/h2>\r\n\r\n\t\t\t\t\t<div class=\"pgafu-post-date\">\r\n\t\t\t\t\t\t\t<\/div>\r\n\t\t\t\t\t<div class=\"pgafu-post-content\">\r\n\t\t\t\t<div class=\"pgafu-post-short-content\">\n            <div style=\"text-align: center; width: 100%; margin-top: 10px; margin-bottom: 22px;\">\n                <div class=\"card-fecha-redes\" style=\"\n                    display: inline-block;\n                    background-color: #ffffff;\n                    color: #004a99;\n                    padding: 8px 20px;\n                    border-radius: 4px;\n                    font-size: 13.5px;\n                    font-weight: 700;\n                    \/* Borde ultra sutil *\/\n                    border: 1px solid rgba(0, 74, 153, 0.15);\n                    \/* Sombra de despegue (Card Shadow) *\/\n                    box-shadow: 0 10px 20px rgba(0, 0, 0, 0.08), 0 4px 6px rgba(0, 0, 0, 0.05);\n                    text-transform: uppercase;\n                    letter-spacing: 1px;\n                \">\n                    <span style=\"vertical-align: middle; margin-right: 8px; font-size: 16px;\">\ud83d\udcc5<\/span>\n                    <span style=\"vertical-align: middle;\">Inicio: 21\/04\/2026<\/span>\n                <\/div>\n            <\/div><div class=\"resumen-texto\" style=\"text-align: left; line-height: 1.6; color: #555; padding: 0 5px;\">Atlas.ti Docente a cargo: Dr. Ramiro N. Perez RipossioProfessional Trainer ATLAS.ti Duraci\u00f3n del curso:\u00a0 8 semanas...<\/div><\/div>\r\n\t\t\t\t\t\t\t\t\t<a href=\"https:\/\/centroredes.org.ar\/index.php\/atlas-ti\/\" class=\"readmorebtn\">Read More<\/a>\r\n\t\t\t\t\t\t\t<\/div>\r\n\t\t\t<\/div>\r\n<\/div>\t\t\t\t\t<\/div>\r\n\r\n\t\t\t\t\t\r\n\t\t\t\t\t<div class=\"pgafu-medium-12 pgafu-columns filtr-item pgafu-post-cnt pgafu-132 pgafu-44 pgafu-22\">\r\n\t\t\t\t\t\r\n<div class=\"pgafu-post-grid\">\r\n\t<div class=\"pgafu-post-grid-content \">\r\n\t\t\t\t\t<div class=\"pgafu-post-image-bg\" style=\"\">\r\n\t\t\t\t<a href=\"https:\/\/centroredes.org.ar\/index.php\/analisis-documental-y-observacion\/\">\r\n\t\t\t\t\t<img decoding=\"async\" src=\"https:\/\/centroredes.org.ar\/wp-content\/uploads\/2017\/05\/obervacion-02.jpg\" alt=\"T\u00e9cnicas de Investigaci\u00f3n Cualitativa (II): An\u00e1lisis documental y Observaci\u00f3n.\" \/>\r\n\t\t\t\t<\/a>\r\n\t\t\t<\/div>\r\n\t\t\t\t<h2 class=\"pgafu-post-title\">\r\n\t\t\t<a href=\"https:\/\/centroredes.org.ar\/index.php\/analisis-documental-y-observacion\/\">T\u00e9cnicas de Investigaci\u00f3n Cualitativa (II): An\u00e1lisis documental y Observaci\u00f3n.<\/a>\r\n\t\t<\/h2>\r\n\r\n\t\t\t\t\t<div class=\"pgafu-post-date\">\r\n\t\t\t\t\t\t\t<\/div>\r\n\t\t\t\t\t<div class=\"pgafu-post-content\">\r\n\t\t\t\t<div class=\"pgafu-post-short-content\">\n            <div style=\"text-align: center; width: 100%; margin-top: 10px; margin-bottom: 22px;\">\n                <div class=\"card-fecha-redes\" style=\"\n                    display: inline-block;\n                    background-color: #ffffff;\n                    color: #004a99;\n                    padding: 8px 20px;\n                    border-radius: 4px;\n                    font-size: 13.5px;\n                    font-weight: 700;\n                    \/* Borde ultra sutil *\/\n                    border: 1px solid rgba(0, 74, 153, 0.15);\n                    \/* Sombra de despegue (Card Shadow) *\/\n                    box-shadow: 0 10px 20px rgba(0, 0, 0, 0.08), 0 4px 6px rgba(0, 0, 0, 0.05);\n                    text-transform: uppercase;\n                    letter-spacing: 1px;\n                \">\n                    <span style=\"vertical-align: middle; margin-right: 8px; font-size: 16px;\">\ud83d\udcc5<\/span>\n                    <span style=\"vertical-align: middle;\">Inicio: 12\/05\/2026<\/span>\n                <\/div>\n            <\/div><div class=\"resumen-texto\" style=\"text-align: left; line-height: 1.6; color: #555; padding: 0 5px;\">Docentes a cargo: Dra. Carina Cortassa Dr. Andr\u00e9s Wursten Duraci\u00f3n: ocho (8) semanas. \u00a0 \u00a0Este curso...<\/div><\/div>\r\n\t\t\t\t\t\t\t\t\t<a href=\"https:\/\/centroredes.org.ar\/index.php\/analisis-documental-y-observacion\/\" class=\"readmorebtn\">Read More<\/a>\r\n\t\t\t\t\t\t\t<\/div>\r\n\t\t\t<\/div>\r\n<\/div>\t\t\t\t\t<\/div>\r\n\r\n\t\t\t\t\t\r\n\t\t\t\t\t<div class=\"pgafu-medium-12 pgafu-columns filtr-item pgafu-post-cnt pgafu-132 pgafu-44 pgafu-22\">\r\n\t\t\t\t\t\r\n<div class=\"pgafu-post-grid\">\r\n\t<div class=\"pgafu-post-grid-content \">\r\n\t\t\t\t\t<div class=\"pgafu-post-image-bg\" style=\"\">\r\n\t\t\t\t<a href=\"https:\/\/centroredes.org.ar\/index.php\/entrevistas-y-grupos-focales\/\">\r\n\t\t\t\t\t<img decoding=\"async\" src=\"https:\/\/centroredes.org.ar\/wp-content\/uploads\/2017\/05\/Entrevista04.jpg\" alt=\"T\u00e9cnicas de Investigaci\u00f3n Cualitativa (I): Entrevistas en Profundidad y Grupos Focales de Discusi\u00f3n.\" \/>\r\n\t\t\t\t<\/a>\r\n\t\t\t<\/div>\r\n\t\t\t\t<h2 class=\"pgafu-post-title\">\r\n\t\t\t<a href=\"https:\/\/centroredes.org.ar\/index.php\/entrevistas-y-grupos-focales\/\">T\u00e9cnicas de Investigaci\u00f3n Cualitativa (I): Entrevistas en Profundidad y Grupos Focales de Discusi\u00f3n.<\/a>\r\n\t\t<\/h2>\r\n\r\n\t\t\t\t\t<div class=\"pgafu-post-date\">\r\n\t\t\t\t\t\t\t<\/div>\r\n\t\t\t\t\t<div class=\"pgafu-post-content\">\r\n\t\t\t\t<div class=\"pgafu-post-short-content\">\n            <div style=\"text-align: center; width: 100%; margin-top: 10px; margin-bottom: 22px;\">\n                <div class=\"card-fecha-redes\" style=\"\n                    display: inline-block;\n                    background-color: #ffffff;\n                    color: #004a99;\n                    padding: 8px 20px;\n                    border-radius: 4px;\n                    font-size: 13.5px;\n                    font-weight: 700;\n                    \/* Borde ultra sutil *\/\n                    border: 1px solid rgba(0, 74, 153, 0.15);\n                    \/* Sombra de despegue (Card Shadow) *\/\n                    box-shadow: 0 10px 20px rgba(0, 0, 0, 0.08), 0 4px 6px rgba(0, 0, 0, 0.05);\n                    text-transform: uppercase;\n                    letter-spacing: 1px;\n                \">\n                    <span style=\"vertical-align: middle; margin-right: 8px; font-size: 16px;\">\ud83d\udcc5<\/span>\n                    <span style=\"vertical-align: middle;\">Inicio: 12\/05\/2026<\/span>\n                <\/div>\n            <\/div><div class=\"resumen-texto\" style=\"text-align: left; line-height: 1.6; color: #555; padding: 0 5px;\">Docentes a cargo: Dra. Carina Cortassa Dr. Andr\u00e9s Wursten Duraci\u00f3n: ocho (8) semanas. \u00a0 \u00a0Este curso...<\/div><\/div>\r\n\t\t\t\t\t\t\t\t\t<a href=\"https:\/\/centroredes.org.ar\/index.php\/entrevistas-y-grupos-focales\/\" class=\"readmorebtn\">Read More<\/a>\r\n\t\t\t\t\t\t\t<\/div>\r\n\t\t\t<\/div>\r\n<\/div>\t\t\t\t\t<\/div>\r\n\r\n\t\t\t\t\t\r\n\t\t\t\t<\/div>\r\n\t\t\t<\/div>\r\n\t\t<\/div>\r\n\r\n\t\t<\/div>\n","protected":false},"excerpt":{"rendered":"<p>Construcci\u00f3n de proyectos en ciencias sociales &#8211; Investigaci\u00f3n cualitativa &#8211; M\u00e9todolog\u00eda y gesti\u00f3n &#8211; Entrevistas &#8211; Grupos Focales &#8211; An\u00e1lisis &hellip; <\/p>\n","protected":false},"author":2,"featured_media":0,"parent":0,"menu_order":0,"comment_status":"closed","ping_status":"closed","template":"","meta":{"_acf_changed":false,"_uag_custom_page_level_css":"","footnotes":""},"class_list":["post-1953","page","type-page","status-publish","hentry"],"acf":[],"uagb_featured_image_src":{"full":false,"thumbnail":false,"medium":false,"medium_large":false,"large":false,"tf-client-image-size":false,"1536x1536":false,"2048x2048":false,"trp-custom-language-flag":false,"widget-thumbnail":false,"education-zone-banner":false,"education-zone-image-full":false,"education-zone-image":false,"education-zone-recent-post":false,"education-zone-search-result":false,"education-zone-featured-course":false,"education-zone-testimonial":false,"education-zone-blog-full":false,"sow-carousel-default":false},"uagb_author_info":{"display_name":"Jorge Atrio","author_link":"https:\/\/centroredes.org.ar\/index.php\/author\/centro-redes\/"},"uagb_comment_info":0,"uagb_excerpt":"Construcci\u00f3n de proyectos en ciencias sociales &#8211; Investigaci\u00f3n cualitativa &#8211; M\u00e9todolog\u00eda y gesti\u00f3n &#8211; Entrevistas &#8211; Grupos Focales &#8211; An\u00e1lisis &hellip;","rttpg_featured_image_url":null,"rttpg_author":{"display_name":"Jorge Atrio","author_link":"https:\/\/centroredes.org.ar\/index.php\/author\/centro-redes\/"},"rttpg_comment":0,"rttpg_category":"","rttpg_excerpt":"Construcci\u00f3n de proyectos en ciencias sociales &#8211; Investigaci\u00f3n cualitativa &#8211; M\u00e9todolog\u00eda y gesti\u00f3n &#8211; Entrevistas &#8211; Grupos Focales &#8211; An\u00e1lisis &hellip;","_links":{"self":[{"href":"https:\/\/centroredes.org.ar\/index.php\/wp-json\/wp\/v2\/pages\/1953","targetHints":{"allow":["GET"]}}],"collection":[{"href":"https:\/\/centroredes.org.ar\/index.php\/wp-json\/wp\/v2\/pages"}],"about":[{"href":"https:\/\/centroredes.org.ar\/index.php\/wp-json\/wp\/v2\/types\/page"}],"author":[{"embeddable":true,"href":"https:\/\/centroredes.org.ar\/index.php\/wp-json\/wp\/v2\/users\/2"}],"replies":[{"embeddable":true,"href":"https:\/\/centroredes.org.ar\/index.php\/wp-json\/wp\/v2\/comments?post=1953"}],"version-history":[{"count":6,"href":"https:\/\/centroredes.org.ar\/index.php\/wp-json\/wp\/v2\/pages\/1953\/revisions"}],"predecessor-version":[{"id":8705,"href":"https:\/\/centroredes.org.ar\/index.php\/wp-json\/wp\/v2\/pages\/1953\/revisions\/8705"}],"wp:attachment":[{"href":"https:\/\/centroredes.org.ar\/index.php\/wp-json\/wp\/v2\/media?parent=1953"}],"curies":[{"name":"wp","href":"https:\/\/api.w.org\/{rel}","templated":true}]}}