{"id":1884,"date":"2018-03-01T15:18:09","date_gmt":"2018-03-01T18:18:09","guid":{"rendered":"https:\/\/centroredes.miurl.com.ar\/?page_id=1884"},"modified":"2026-01-19T14:13:06","modified_gmt":"2026-01-19T17:13:06","slug":"cursos-de-estadistica","status":"publish","type":"page","link":"https:\/\/centroredes.org.ar\/index.php\/cursos-de-estadistica\/","title":{"rendered":"Cursos de Estad\u00edstica"},"content":{"rendered":"<div class=\"no-filters no-description\">\r\n\t\t<div class=\"pgafu-filter-wrp \">\r\n\t\t\t<ul class=\"pgafu-filter\" id=\"pgafu-filtr-1\">\r\n\t\t\t\t<li class=\"pgafu-filtr-cat pgafu-active-filtr\" data-filter=\"*\"><a href=\"javascript:void(0);\">All<\/a><\/li>\r\n\t\t\t\t\t\t\t\t\t<li class=\"pgafu-filtr-cat\" data-filter=\".pgafu-21\"><a href=\"javascript:void(0);\">ESTAD\u00cdSTICA<\/a><\/li>\r\n\t\t\t\t\t\t\t<\/ul>\r\n\r\n\t\t\t<div class=\"pgafu-filtr-container\" id=\"pgafu-post-filtr-1\">\r\n\t\t\t\t<div class=\"pgafu-post-grid-main pgafu-post-filter pgafu-design-1 pgafu-image-fit has-no-animation pgafu-clearfix\">\r\n\r\n\t\t\t\t\r\n\t\t\t\t\t<div class=\"pgafu-medium-6 pgafu-columns filtr-item pgafu-post-cnt pgafu-132 pgafu-44 pgafu-21\">\r\n\t\t\t\t\t\n<div class=\"pgafu-post-grid\">\n\t<div class=\"pgafu-post-grid-content \">\n\t\t\t\t\t<div class=\"pgafu-post-image-bg\" style=\"\">\n\t\t\t\t<a href=\"https:\/\/centroredes.org.ar\/index.php\/estadistica-parametrica\/\">\n\t\t\t\t\t<img decoding=\"async\" src=\"https:\/\/centroredes.org.ar\/wp-content\/uploads\/2024\/05\/parametrica-Centro-REDES.jpg\" alt=\"An\u00e1lisis de datos con estad\u00edstica param\u00e9trica\" \/>\n\t\t\t\t<\/a>\n\t\t\t<\/div>\n\t\t\t\t<h2 class=\"pgafu-post-title\">\n\t\t\t<a href=\"https:\/\/centroredes.org.ar\/index.php\/estadistica-parametrica\/\">An\u00e1lisis de datos con estad\u00edstica param\u00e9trica<\/a>\n\t\t<\/h2>\n\n\t\t\t\t\t<div class=\"pgafu-post-date\">\n\t\t\t\t\t\t\t<\/div>\n\t\t\t\t\t<div class=\"pgafu-post-content\">\n\t\t\t\t<div class=\"pgafu-post-short-content\">\u00a0Estad\u00edstica param\u00e9trica Docente: Pablo Andr\u00e9s Salgado Modalidad: A distancia, a trav\u00e9s de la plataforma virtual de cursos de Centro REDES. Duraci\u00f3n: Ocho semanas, distribuidas en 4 m\u00f3dulos de aprendizaje Dedicaci\u00f3n semanal estimada: 12 hs reloj semanales. Total 96 hs reloj. Destinado a: Profesionales y t\u00e9cnicos de las diferentes \u00e1reas de la ciencia que requieran de t\u00e9cnicas de estad\u00edstica inferencial aplicando pruebas param\u00e9tricas de uso m\u00e1s...<\/div>\n\t\t\t\t\n\t\t\t\t\n\t\t\t\t                       \n                        <p class=\"date\">\n                            <i class=\"fa fa-calendar\" aria-hidden=\"true\"><\/i>\n                            <span>Inicia el <b>21\/04\/2026<\/b><\/span>\n                        <\/p>   \n                                                       \n\t\t\t\t\t\t\t\t\t\t\t\t \n\t\t\t\t\n\t\t\t\t\n\t\t\t\t\t\t\t\t\t<a href=\"https:\/\/centroredes.org.ar\/index.php\/estadistica-parametrica\/\" class=\"readmorebtn\">Read More<\/a>\n\t\t\t\t\t\t\t<\/div>\n\t\t\t<\/div>\n<\/div>\t\t\t\t\t<\/div>\r\n\r\n\t\t\t\t\t\r\n\t\t\t\t\t<div class=\"pgafu-medium-6 pgafu-columns filtr-item pgafu-post-cnt pgafu-132 pgafu-44 pgafu-21\">\r\n\t\t\t\t\t\n<div class=\"pgafu-post-grid\">\n\t<div class=\"pgafu-post-grid-content \">\n\t\t\t\t\t<div class=\"pgafu-post-image-bg\" style=\"\">\n\t\t\t\t<a href=\"https:\/\/centroredes.org.ar\/index.php\/estadistica-no-parametrica\/\">\n\t\t\t\t\t<img decoding=\"async\" src=\"https:\/\/centroredes.org.ar\/wp-content\/uploads\/2024\/05\/Estadistica-no-parametrica-Centro-REDES-1024x729.jpg\" alt=\"An\u00e1lisis de datos para variables cualitativas y estad\u00edstica no param\u00e9trica\" \/>\n\t\t\t\t<\/a>\n\t\t\t<\/div>\n\t\t\t\t<h2 class=\"pgafu-post-title\">\n\t\t\t<a href=\"https:\/\/centroredes.org.ar\/index.php\/estadistica-no-parametrica\/\">An\u00e1lisis de datos para variables cualitativas y estad\u00edstica no param\u00e9trica<\/a>\n\t\t<\/h2>\n\n\t\t\t\t\t<div class=\"pgafu-post-date\">\n\t\t\t\t\t\t\t<\/div>\n\t\t\t\t\t<div class=\"pgafu-post-content\">\n\t\t\t\t<div class=\"pgafu-post-short-content\">\u00a0Estad\u00edstica no param\u00e9trica Docente: Pablo Andr\u00e9s Salgado Modalidad: A distancia, a trav\u00e9s de la plataforma virtual de cursos de Centro REDES. Duraci\u00f3n: Ocho semanas, distribuidas en 4 m\u00f3dulos de aprendizaje Dedicaci\u00f3n semanal estimada: 12 hs reloj semanales. Total 96 hs reloj. &nbsp; Destinado a: Profesionales y t\u00e9cnicos de las diferentes \u00e1reas de la ciencia que requieran de t\u00e9cnicas de estad\u00edstica inferencial aplicando a comparaci\u00f3n de...<\/div>\n\t\t\t\t\n\t\t\t\t\n\t\t\t\t                       \n                        <p class=\"date\">\n                            <i class=\"fa fa-calendar\" aria-hidden=\"true\"><\/i>\n                            <span>Inicia el <b>21\/04\/2026<\/b><\/span>\n                        <\/p>   \n                                                       \n\t\t\t\t\t\t\t\t\t\t\t\t \n\t\t\t\t\n\t\t\t\t\n\t\t\t\t\t\t\t\t\t<a href=\"https:\/\/centroredes.org.ar\/index.php\/estadistica-no-parametrica\/\" class=\"readmorebtn\">Read More<\/a>\n\t\t\t\t\t\t\t<\/div>\n\t\t\t<\/div>\n<\/div>\t\t\t\t\t<\/div>\r\n\r\n\t\t\t\t\t\r\n\t\t\t\t\t<div class=\"pgafu-medium-6 pgafu-columns filtr-item pgafu-post-cnt pgafu-132 pgafu-44 pgafu-21\">\r\n\t\t\t\t\t\n<div class=\"pgafu-post-grid\">\n\t<div class=\"pgafu-post-grid-content \">\n\t\t\t\t\t<div class=\"pgafu-post-image-bg\" style=\"\">\n\t\t\t\t<a href=\"https:\/\/centroredes.org.ar\/index.php\/estadistica-basica-nivel-uno\/\">\n\t\t\t\t\t<img decoding=\"async\" src=\"https:\/\/centroredes.org.ar\/wp-content\/uploads\/2017\/02\/introduction-to-statistics-homework-help_129468_large.jpg\" alt=\"Elementos b\u00e1sicos de estad\u00edstica y metodolog\u00eda aplicada a la investigaci\u00f3n.\" \/>\n\t\t\t\t<\/a>\n\t\t\t<\/div>\n\t\t\t\t<h2 class=\"pgafu-post-title\">\n\t\t\t<a href=\"https:\/\/centroredes.org.ar\/index.php\/estadistica-basica-nivel-uno\/\">Elementos b\u00e1sicos de estad\u00edstica y metodolog\u00eda aplicada a la investigaci\u00f3n.<\/a>\n\t\t<\/h2>\n\n\t\t\t\t\t<div class=\"pgafu-post-date\">\n\t\t\t\t\t\t\t<\/div>\n\t\t\t\t\t<div class=\"pgafu-post-content\">\n\t\t\t\t<div class=\"pgafu-post-short-content\">Docentes: Pablo Andr\u00e9s Salgado\u00a0 \u00a0\u00a0 Estadistica basica Marcela Bottinelli Mariela Nabergoi El prop\u00f3sito general del curso es el de revisar algunas herramientas estad\u00edsticas y metodol\u00f3gicas para pensar y comprender los procesos de investigaci\u00f3n y de las intervenciones profesionales, desde una mirada m\u00e1s amplia que incluya los diferentes tipos de pr\u00e1cticas profesionales y la investigaci\u00f3n cient\u00edfica, desde la perspectiva de los procesos. Se recorrer\u00e1n las principales...<\/div>\n\t\t\t\t\n\t\t\t\t\n\t\t\t\t                       \n                        <p class=\"date\">\n                            <i class=\"fa fa-calendar\" aria-hidden=\"true\"><\/i>\n                            <span>Inicia el <b>07\/04\/2026<\/b><\/span>\n                        <\/p>   \n                                                       \n\t\t\t\t\t\t\t\t\t\t\t\t \n\t\t\t\t\n\t\t\t\t\n\t\t\t\t\t\t\t\t\t<a href=\"https:\/\/centroredes.org.ar\/index.php\/estadistica-basica-nivel-uno\/\" class=\"readmorebtn\">Read More<\/a>\n\t\t\t\t\t\t\t<\/div>\n\t\t\t<\/div>\n<\/div>\t\t\t\t\t<\/div>\r\n\r\n\t\t\t\t\t\r\n\t\t\t\t\t<div class=\"pgafu-medium-6 pgafu-columns filtr-item pgafu-post-cnt pgafu-132 pgafu-44 pgafu-21\">\r\n\t\t\t\t\t\n<div class=\"pgafu-post-grid\">\n\t<div class=\"pgafu-post-grid-content \">\n\t\t\t\t\t<div class=\"pgafu-post-image-bg\" style=\"\">\n\t\t\t\t<a href=\"https:\/\/centroredes.org.ar\/index.php\/epidemiologia-basica-aplicada\/\">\n\t\t\t\t\t<img decoding=\"async\" src=\"https:\/\/centroredes.org.ar\/wp-content\/uploads\/2017\/04\/Epidemio001.jpg\" alt=\"Epidemiolog\u00eda b\u00e1sica aplicada a las ciencias sociales, de la salud y la educaci\u00f3n.\" \/>\n\t\t\t\t<\/a>\n\t\t\t<\/div>\n\t\t\t\t<h2 class=\"pgafu-post-title\">\n\t\t\t<a href=\"https:\/\/centroredes.org.ar\/index.php\/epidemiologia-basica-aplicada\/\">Epidemiolog\u00eda b\u00e1sica aplicada a las ciencias sociales, de la salud y la educaci\u00f3n.<\/a>\n\t\t<\/h2>\n\n\t\t\t\t\t<div class=\"pgafu-post-date\">\n\t\t\t\t\t\t\t<\/div>\n\t\t\t\t\t<div class=\"pgafu-post-content\">\n\t\t\t\t<div class=\"pgafu-post-short-content\">Epidemiologia basica Docentes: Paula Micone Celina Ocampo Pablo Andr\u00e9s Salgado Duraci\u00f3n: 12 semanas. Dedicaci\u00f3n semanal:\u00a010 hs reloj semanales. Total 120 hs reloj. Destinado a:\u00a0Profesionales de la salud, que deseen desarrollar herramientas para la investigaci\u00f3n con un enfoque poblacional. Fundamentos: La epidemiolog\u00eda estudia los procesos de salud y enfermedad enfoc\u00e1ndose en dos aspectos particulares: la distribuci\u00f3n geogr\u00e1fica y los factores o determinantes asociados.\u00a0 La necesidad de...<\/div>\n\t\t\t\t\n\t\t\t\t\n\t\t\t\t                       \n                        <p class=\"date\">\n                            <i class=\"fa fa-calendar\" aria-hidden=\"true\"><\/i>\n                            <span>Inicia el <b>07\/04\/2026<\/b><\/span>\n                        <\/p>   \n                                                       \n\t\t\t\t\t\t\t\t\t\t\t\t \n\t\t\t\t\n\t\t\t\t\n\t\t\t\t\t\t\t\t\t<a href=\"https:\/\/centroredes.org.ar\/index.php\/epidemiologia-basica-aplicada\/\" class=\"readmorebtn\">Read More<\/a>\n\t\t\t\t\t\t\t<\/div>\n\t\t\t<\/div>\n<\/div>\t\t\t\t\t<\/div>\r\n\r\n\t\t\t\t\t\r\n\t\t\t\t\t<div class=\"pgafu-medium-6 pgafu-columns filtr-item pgafu-post-cnt pgafu-132 pgafu-44 pgafu-28 pgafu-21 pgafu-1\">\r\n\t\t\t\t\t\n<div class=\"pgafu-post-grid\">\n\t<div class=\"pgafu-post-grid-content \">\n\t\t\t\t\t<div class=\"pgafu-post-image-bg\" style=\"\">\n\t\t\t\t<a href=\"https:\/\/centroredes.org.ar\/index.php\/geogebra\/\">\n\t\t\t\t\t<img decoding=\"async\" src=\"https:\/\/centroredes.org.ar\/wp-content\/uploads\/2024\/03\/Geogebra-curso.png\" alt=\"Introducci\u00f3n al GeoGebra, un software que pone a las matem\u00e1ticas al alcance de todos.\" \/>\n\t\t\t\t<\/a>\n\t\t\t<\/div>\n\t\t\t\t<h2 class=\"pgafu-post-title\">\n\t\t\t<a href=\"https:\/\/centroredes.org.ar\/index.php\/geogebra\/\">Introducci\u00f3n al GeoGebra, un software que pone a las matem\u00e1ticas al alcance de todos.<\/a>\n\t\t<\/h2>\n\n\t\t\t\t\t<div class=\"pgafu-post-date\">\n\t\t\t\t\t\t\t<\/div>\n\t\t\t\t\t<div class=\"pgafu-post-content\">\n\t\t\t\t<div class=\"pgafu-post-short-content\">GeoGebra - Docentes:\u00a0 Mar\u00eda Laura Yambrucic Dr. Jorge L. Atrio Duraci\u00f3n: seis (6) semanas. Carga horaria estimada: 48 horas. \u00a0\u00a0\u00a0\u00a0\u00a0 \u00a0 \u00a0 \u00a0 \u00a0\u00a0 Nivel del curso:\u00a0 b\u00e1sico\/intermedio GeoGebra es un software educativo interactivo que combina geometr\u00eda, \u00e1lgebra, hojas de c\u00e1lculo, gr\u00e1ficos, estad\u00edsticas y c\u00e1lculo en un solo programa. Fue desarrollado para ayudar a estudiantes y profesores de todos los niveles. Es una herramienta fundamental,...<\/div>\n\t\t\t\t\n\t\t\t\t\n\t\t\t\t                       \n                        <p class=\"date\">\n                            <i class=\"fa fa-calendar\" aria-hidden=\"true\"><\/i>\n                            <span>Inicia el <b>07\/04\/2026<\/b><\/span>\n                        <\/p>   \n                                                       \n\t\t\t\t\t\t\t\t\t\t\t\t \n\t\t\t\t\n\t\t\t\t\n\t\t\t\t\t\t\t\t\t<a href=\"https:\/\/centroredes.org.ar\/index.php\/geogebra\/\" class=\"readmorebtn\">Read More<\/a>\n\t\t\t\t\t\t\t<\/div>\n\t\t\t<\/div>\n<\/div>\t\t\t\t\t<\/div>\r\n\r\n\t\t\t\t\t\r\n\t\t\t\t\t<div class=\"pgafu-medium-6 pgafu-columns filtr-item pgafu-post-cnt pgafu-132 pgafu-44 pgafu-21\">\r\n\t\t\t\t\t\n<div class=\"pgafu-post-grid\">\n\t<div class=\"pgafu-post-grid-content \">\n\t\t\t\t\t<div class=\"pgafu-post-image-bg\" style=\"\">\n\t\t\t\t<a href=\"https:\/\/centroredes.org.ar\/index.php\/estadistica-basica-nivel-uno-25\/\">\n\t\t\t\t\t<img decoding=\"async\" src=\"https:\/\/centroredes.org.ar\/wp-content\/uploads\/2017\/02\/introduction-to-statistics-homework-help_129468_large.jpg\" alt=\"Nivel 1 &#8211; Elementos b\u00e1sicos de estad\u00edstica y metodolog\u00eda aplicada a la investigaci\u00f3n.\" \/>\n\t\t\t\t<\/a>\n\t\t\t<\/div>\n\t\t\t\t<h2 class=\"pgafu-post-title\">\n\t\t\t<a href=\"https:\/\/centroredes.org.ar\/index.php\/estadistica-basica-nivel-uno-25\/\">Nivel 1 &#8211; Elementos b\u00e1sicos de estad\u00edstica y metodolog\u00eda aplicada a la investigaci\u00f3n.<\/a>\n\t\t<\/h2>\n\n\t\t\t\t\t<div class=\"pgafu-post-date\">\n\t\t\t\t\t\t\t<\/div>\n\t\t\t\t\t<div class=\"pgafu-post-content\">\n\t\t\t\t<div class=\"pgafu-post-short-content\">Docentes: Pablo Andr\u00e9s Salgado\u00a0 Estadistica basica Marcela Bottinelli Mariela Nabergoi El prop\u00f3sito general del curso es el de revisar algunas herramientas estad\u00edsticas y metodol\u00f3gicas para pensar y comprender los procesos de investigaci\u00f3n y de las intervenciones profesionales, desde una mirada m\u00e1s amplia que incluya los diferentes tipos de pr\u00e1cticas profesionales y la investigaci\u00f3n cient\u00edfica, desde la perspectiva de los procesos. Se recorrer\u00e1n las principales herramientas...<\/div>\n\t\t\t\t\n\t\t\t\t\n\t\t\t\t                       \n                        <p class=\"date\">\n                            <i class=\"fa fa-calendar\" aria-hidden=\"true\"><\/i>\n                            <span>Inicia el <b>10\/02\/2026<\/b><\/span>\n                        <\/p>   \n                                                       \n\t\t\t\t\t\t\t\t\t\t\t\t \n\t\t\t\t\n\t\t\t\t\n\t\t\t\t\t\t\t\t\t<a href=\"https:\/\/centroredes.org.ar\/index.php\/estadistica-basica-nivel-uno-25\/\" class=\"readmorebtn\">Read More<\/a>\n\t\t\t\t\t\t\t<\/div>\n\t\t\t<\/div>\n<\/div>\t\t\t\t\t<\/div>\r\n\r\n\t\t\t\t\t\r\n\t\t\t\t\t<div class=\"pgafu-medium-6 pgafu-columns filtr-item pgafu-post-cnt pgafu-132 pgafu-44 pgafu-21\">\r\n\t\t\t\t\t\n<div class=\"pgafu-post-grid\">\n\t<div class=\"pgafu-post-grid-content \">\n\t\t\t\t\t<div class=\"pgafu-post-image-bg\" style=\"\">\n\t\t\t\t<a href=\"https:\/\/centroredes.org.ar\/index.php\/spss-nivel-basico\/\">\n\t\t\t\t\t<img decoding=\"async\" src=\"https:\/\/centroredes.org.ar\/wp-content\/uploads\/2017\/12\/stats.gif\" alt=\"Paquete estad\u00edstico SPSS \u2013 primer nivel\" \/>\n\t\t\t\t<\/a>\n\t\t\t<\/div>\n\t\t\t\t<h2 class=\"pgafu-post-title\">\n\t\t\t<a href=\"https:\/\/centroredes.org.ar\/index.php\/spss-nivel-basico\/\">Paquete estad\u00edstico SPSS \u2013 primer nivel<\/a>\n\t\t<\/h2>\n\n\t\t\t\t\t<div class=\"pgafu-post-date\">\n\t\t\t\t\t\t\t<\/div>\n\t\t\t\t\t<div class=\"pgafu-post-content\">\n\t\t\t\t<div class=\"pgafu-post-short-content\">SPSS nivel b\u00e1sico Docente: Pablo Andr\u00e9s Salgado Duraci\u00f3n: Ocho semanas. Dedicaci\u00f3n semanal: Total 96 hs reloj. Objetivos: Aprender el manejo b\u00e1sico del paquete estad\u00edstico SPSS simplificando su uso y explicando los elementos m\u00e1s importantes y esenciales del programa, exponiendo en forma sencilla y sin f\u00f3rmulas los principales conceptos estad\u00edsticos necesarios para entender los resultados que produce el programa, as\u00ed como algunos elementos de dise\u00f1o de...<\/div>\n\t\t\t\t\n\t\t\t\t\n\t\t\t\t                       \n                        <p class=\"date\">\n                            <i class=\"fa fa-calendar\" aria-hidden=\"true\"><\/i>\n                            <span>Inicia el <b>10\/02\/2026<\/b><\/span>\n                        <\/p>   \n                                                       \n\t\t\t\t\t\t\t\t\t\t\t\t \n\t\t\t\t\n\t\t\t\t\n\t\t\t\t\t\t\t\t\t<a href=\"https:\/\/centroredes.org.ar\/index.php\/spss-nivel-basico\/\" class=\"readmorebtn\">Read More<\/a>\n\t\t\t\t\t\t\t<\/div>\n\t\t\t<\/div>\n<\/div>\t\t\t\t\t<\/div>\r\n\r\n\t\t\t\t\t\r\n\t\t\t\t\t<div class=\"pgafu-medium-6 pgafu-columns filtr-item pgafu-post-cnt pgafu-132 pgafu-44 pgafu-21 pgafu-1\">\r\n\t\t\t\t\t\n<div class=\"pgafu-post-grid\">\n\t<div class=\"pgafu-post-grid-content \">\n\t\t\t\t\t<div class=\"pgafu-post-image-bg\" style=\"\">\n\t\t\t\t<a href=\"https:\/\/centroredes.org.ar\/index.php\/geogebra-8\/\">\n\t\t\t\t\t<img decoding=\"async\" src=\"https:\/\/centroredes.org.ar\/wp-content\/uploads\/2024\/03\/Geogebra-curso.png\" alt=\"Introducci\u00f3n al GeoGebra, un software que pone a las matem\u00e1ticas al alcance de todos.\" \/>\n\t\t\t\t<\/a>\n\t\t\t<\/div>\n\t\t\t\t<h2 class=\"pgafu-post-title\">\n\t\t\t<a href=\"https:\/\/centroredes.org.ar\/index.php\/geogebra-8\/\">Introducci\u00f3n al GeoGebra, un software que pone a las matem\u00e1ticas al alcance de todos.<\/a>\n\t\t<\/h2>\n\n\t\t\t\t\t<div class=\"pgafu-post-date\">\n\t\t\t\t\t\t\t<\/div>\n\t\t\t\t\t<div class=\"pgafu-post-content\">\n\t\t\t\t<div class=\"pgafu-post-short-content\">Docentes:\u00a0 Mar\u00eda Laura Yambrucic Dr. Jorge L. Atrio Duraci\u00f3n: seis (6) semanas. Carga horaria estimada: 48 horas. \u00a0\u00a0\u00a0\u00a0\u00a0 \u00a0 \u00a0 \u00a0 \u00a0\u00a0 Nivel del curso:\u00a0 b\u00e1sico\/intermedio GeoGebra es un software educativo interactivo que combina geometr\u00eda, \u00e1lgebra, hojas de c\u00e1lculo, gr\u00e1ficos, estad\u00edsticas y c\u00e1lculo en un solo programa. Fue desarrollado para ayudar a estudiantes y profesores de todos los niveles. Es una herramienta fundamental, sencilla y...<\/div>\n\t\t\t\t\n\t\t\t\t\n\t\t\t\t                       \n                        <p class=\"date\">\n                            <i class=\"fa fa-calendar\" aria-hidden=\"true\"><\/i>\n                            <span>Inicia el <b>03\/02\/2026<\/b><\/span>\n                        <\/p>   \n                                                       \n\t\t\t\t\t\t\t\t\t\t\t\t \n\t\t\t\t\n\t\t\t\t\n\t\t\t\t\t\t\t\t\t<a href=\"https:\/\/centroredes.org.ar\/index.php\/geogebra-8\/\" class=\"readmorebtn\">Read More<\/a>\n\t\t\t\t\t\t\t<\/div>\n\t\t\t<\/div>\n<\/div>\t\t\t\t\t<\/div>\r\n\r\n\t\t\t\t\t\r\n\t\t\t\t\t<div class=\"pgafu-medium-6 pgafu-columns filtr-item pgafu-post-cnt pgafu-123 pgafu-44 pgafu-21\">\r\n\t\t\t\t\t\n<div class=\"pgafu-post-grid\">\n\t<div class=\"pgafu-post-grid-content \">\n\t\t\t\t\t<div class=\"pgafu-post-image-bg\" style=\"\">\n\t\t\t\t<a href=\"https:\/\/centroredes.org.ar\/index.php\/spss-segundo-nivel\/\">\n\t\t\t\t\t<img decoding=\"async\" src=\"https:\/\/centroredes.org.ar\/wp-content\/uploads\/2017\/04\/SPSS3.jpg\" alt=\"Paquete estad\u00edstico SPSS \u2013 segundo nivel\" \/>\n\t\t\t\t<\/a>\n\t\t\t<\/div>\n\t\t\t\t<h2 class=\"pgafu-post-title\">\n\t\t\t<a href=\"https:\/\/centroredes.org.ar\/index.php\/spss-segundo-nivel\/\">Paquete estad\u00edstico SPSS \u2013 segundo nivel<\/a>\n\t\t<\/h2>\n\n\t\t\t\t\t<div class=\"pgafu-post-date\">\n\t\t\t\t\t\t\t<\/div>\n\t\t\t\t\t<div class=\"pgafu-post-content\">\n\t\t\t\t<div class=\"pgafu-post-short-content\">SPSS segundo nivel Docente: Pablo Andr\u00e9s Salgado Modalidad: A distancia: a trav\u00e9s de la plataforma virtual de cursos de Centro REDES. Duraci\u00f3n: Ocho semanas. Dedicaci\u00f3n semanal estimada: 12 hs reloj semanales. Total 96 hs reloj. Destinado a: Profesionales y t\u00e9cnicos de las diferentes \u00e1reas de las ciencias que requieran de la utilizaci\u00f3n de t\u00e9cnicas b\u00e1sicas y concretas para la exploraci\u00f3n, el an\u00e1lisis descriptivo de datos,...<\/div>\n\t\t\t\t\n\t\t\t\t\n\t\t\t\t                       \n                        <p class=\"date\">\n                            <i class=\"fa fa-calendar\" aria-hidden=\"true\"><\/i>\n                            <span>Inicia el <b>04\/11\/2025<\/b><\/span>\n                        <\/p>   \n                                                       \n\t\t\t\t\t\t\t\t\t\t\t\t \n\t\t\t\t\n\t\t\t\t\n\t\t\t\t\t\t\t\t\t<a href=\"https:\/\/centroredes.org.ar\/index.php\/spss-segundo-nivel\/\" class=\"readmorebtn\">Read More<\/a>\n\t\t\t\t\t\t\t<\/div>\n\t\t\t<\/div>\n<\/div>\t\t\t\t\t<\/div>\r\n\r\n\t\t\t\t\t\r\n\t\t\t\t\t<div class=\"pgafu-medium-6 pgafu-columns filtr-item pgafu-post-cnt pgafu-123 pgafu-44 pgafu-21\">\r\n\t\t\t\t\t\n<div class=\"pgafu-post-grid\">\n\t<div class=\"pgafu-post-grid-content \">\n\t\t\t\t\t<div class=\"pgafu-post-image-bg\" style=\"\">\n\t\t\t\t<a href=\"https:\/\/centroredes.org.ar\/index.php\/spss-tercer-nivel\/\">\n\t\t\t\t\t<img decoding=\"async\" src=\"https:\/\/centroredes.org.ar\/wp-content\/uploads\/2017\/04\/SPSS4.jpg\" alt=\"Paquete estad\u00edstico SPSS \u2013 tercer nivel\" \/>\n\t\t\t\t<\/a>\n\t\t\t<\/div>\n\t\t\t\t<h2 class=\"pgafu-post-title\">\n\t\t\t<a href=\"https:\/\/centroredes.org.ar\/index.php\/spss-tercer-nivel\/\">Paquete estad\u00edstico SPSS \u2013 tercer nivel<\/a>\n\t\t<\/h2>\n\n\t\t\t\t\t<div class=\"pgafu-post-date\">\n\t\t\t\t\t\t\t<\/div>\n\t\t\t\t\t<div class=\"pgafu-post-content\">\n\t\t\t\t<div class=\"pgafu-post-short-content\">SPSS tercer nivel Docente: Pablo Andr\u00e9s Salgado Modalidad: A distancia: a trav\u00e9s de la plataforma virtual de cursos de Centro REDES. Duraci\u00f3n: Ocho semanas. Dedicaci\u00f3n semanal estimada: 12 hs reloj semanales. Total 96 hs reloj. Destinado a:\u00a0 profesionales y t\u00e9cnicos de las diferentes \u00e1reas de las ciencias que requieran de la utilizaci\u00f3n de t\u00e9cnicas b\u00e1sicas y concretas para la exploraci\u00f3n, el an\u00e1lisis descriptivo de datos,...<\/div>\n\t\t\t\t\n\t\t\t\t\n\t\t\t\t                       \n                        <p class=\"date\">\n                            <i class=\"fa fa-calendar\" aria-hidden=\"true\"><\/i>\n                            <span>Inicia el <b>04\/11\/2025<\/b><\/span>\n                        <\/p>   \n                                                       \n\t\t\t\t\t\t\t\t\t\t\t\t \n\t\t\t\t\n\t\t\t\t\n\t\t\t\t\t\t\t\t\t<a href=\"https:\/\/centroredes.org.ar\/index.php\/spss-tercer-nivel\/\" class=\"readmorebtn\">Read More<\/a>\n\t\t\t\t\t\t\t<\/div>\n\t\t\t<\/div>\n<\/div>\t\t\t\t\t<\/div>\r\n\r\n\t\t\t\t\t\r\n\t\t\t\t<\/div>\r\n\t\t\t<\/div>\r\n\t\t<\/div>\r\n\r\n\t\t<\/div>\n","protected":false},"excerpt":{"rendered":"","protected":false},"author":2,"featured_media":0,"parent":0,"menu_order":0,"comment_status":"closed","ping_status":"closed","template":"","meta":{"_uag_custom_page_level_css":"","footnotes":""},"class_list":["post-1884","page","type-page","status-publish","hentry"],"uagb_featured_image_src":{"full":false,"thumbnail":false,"medium":false,"medium_large":false,"large":false,"tf-client-image-size":false,"1536x1536":false,"2048x2048":false,"trp-custom-language-flag":false,"widget-thumbnail":false,"education-zone-banner":false,"education-zone-image-full":false,"education-zone-image":false,"education-zone-recent-post":false,"education-zone-search-result":false,"education-zone-featured-course":false,"education-zone-testimonial":false,"education-zone-blog-full":false,"sow-carousel-default":false},"uagb_author_info":{"display_name":"Jorge Atrio","author_link":"https:\/\/centroredes.org.ar\/index.php\/author\/centro-redes\/"},"uagb_comment_info":0,"uagb_excerpt":null,"rttpg_featured_image_url":null,"rttpg_author":{"display_name":"Jorge Atrio","author_link":"https:\/\/centroredes.org.ar\/index.php\/author\/centro-redes\/"},"rttpg_comment":0,"rttpg_category":"","rttpg_excerpt":null,"_links":{"self":[{"href":"https:\/\/centroredes.org.ar\/index.php\/wp-json\/wp\/v2\/pages\/1884","targetHints":{"allow":["GET"]}}],"collection":[{"href":"https:\/\/centroredes.org.ar\/index.php\/wp-json\/wp\/v2\/pages"}],"about":[{"href":"https:\/\/centroredes.org.ar\/index.php\/wp-json\/wp\/v2\/types\/page"}],"author":[{"embeddable":true,"href":"https:\/\/centroredes.org.ar\/index.php\/wp-json\/wp\/v2\/users\/2"}],"replies":[{"embeddable":true,"href":"https:\/\/centroredes.org.ar\/index.php\/wp-json\/wp\/v2\/comments?post=1884"}],"version-history":[{"count":20,"href":"https:\/\/centroredes.org.ar\/index.php\/wp-json\/wp\/v2\/pages\/1884\/revisions"}],"predecessor-version":[{"id":10372,"href":"https:\/\/centroredes.org.ar\/index.php\/wp-json\/wp\/v2\/pages\/1884\/revisions\/10372"}],"wp:attachment":[{"href":"https:\/\/centroredes.org.ar\/index.php\/wp-json\/wp\/v2\/media?parent=1884"}],"curies":[{"name":"wp","href":"https:\/\/api.w.org\/{rel}","templated":true}]}}