{"id":1076,"date":"2018-01-02T23:19:31","date_gmt":"2018-01-03T02:19:31","guid":{"rendered":"https:\/\/centroredes.miurl.com.ar\/?page_id=1076"},"modified":"2018-01-02T23:19:31","modified_gmt":"2018-01-03T02:19:31","slug":"politica-anti-spam","status":"publish","type":"page","link":"https:\/\/centroredes.org.ar\/index.php\/politica-anti-spam\/","title":{"rendered":"Pol\u00edtica Anti-Spam"},"content":{"rendered":"<p>El Centro REDES adhiere a toda iniciativa que evite la proliferaci\u00f3n de spam y de toda forma de correos no deseados que atente contra el buen uso de la informaci\u00f3n. Sostenemos un enf\u00e1tico posicionamiento en contra de estas pr\u00e1cticas.<\/p>\n<p>Todo aquel que este suscripto y\/o inscripto en nuestro programa de capacitaci\u00f3n puede en ocasiones recibir informaci\u00f3n complementaria de dichas actividades en forma de boletines de difusi\u00f3n. Pero en todo momento y circunstancia est\u00e1 disponible la opci\u00f3n de\u00a0<strong><u>ANULACI\u00d3N<\/u><\/strong>\u00a0o\u00a0<strong><u>CANCELACI\u00d3N<\/u><\/strong>\u00a0de estos env\u00edos de manera sencilla.<\/p>\n<p>Por favor utilice la opci\u00f3n\u00a0<em><a href=\"https:\/\/centroredes.org.ar\/index.php\/baja-lista-distribucion\/\">desuscribirme<\/a><\/em><i>\u00a0<\/i>o la\u00a0funci\u00f3n env\u00ede un correo electr\u00f3nico a:\u00a0<a href=\"mailto:darmedebaja@centroredes.org.ar\">darmedebaja@centroredes.org.ar<\/a>\u00a0en caso de querer darse de baja o para reportar alg\u00fan problema. Tambi\u00e9n son v\u00e1lidas las comunicaciones cursadas a otras direcciones electr\u00f3nicas institucionales, la prioridad del Centro REDES es facilitar las v\u00edas de comunicaci\u00f3n para que el usuario pueda reportar cualquier tipo de inconveniente en este sentido. Nuestro equipo de trabajo le dar\u00e1 curso inmediato a estas solicitudes.<\/p>\n<p>Recomendamos a nuestros usuarios tener en cuenta que los redireccionamientos autom\u00e1ticos de sus casillas a otros correos electr\u00f3nicos, pueden hacer llegar de manera involuntaria una comunicaci\u00f3n a direcciones electr\u00f3nicas no suscriptas. Pero esto no nos exime de continuar trabajando en toda iniciativa que de manera conjunta con nuestros usuarios nos permita sumar calidad y evitar todo tipo de env\u00edos que degraden el buen uso de la red global.<\/p>\n<p><strong>Muchas Gracias !<\/strong><\/p>\n<p>&nbsp;<\/p>\n<hr \/>\n<p>&nbsp;<\/p>\n<p><u>Informaci\u00f3n complementaria para el usuario sobre spam en el correo electr\u00f3nico<\/u>:<\/p>\n<p>El correo masivo supone actualmente la mayor parte de los mensajes electr\u00f3nicos intercambiados en Internet, siendo utilizado para anunciar productos y servicios de dudosa calidad. Rolex, eBay y viagra son los asuntos de los mensajes que compiten por el primer lugar en las clasificaciones de spam.<\/p>\n<p>Usualmente los mensajes indican como remitente del correo una direcci\u00f3n falsa. Por esta raz\u00f3n, no sirve de nada contestar a los mensajes de spam: las respuestas ser\u00e1n recibidas por usuarios que nada tienen que ver con ellos. Por ahora, el servicio de correo electr\u00f3nico no puede identificar los mensajes de forma que se pueda discriminar la verdadera direcci\u00f3n de correo electr\u00f3nico del remitente, de una falsa. Esta situaci\u00f3n que puede resultar chocante en un primer momento, es semejante por ejemplo a la que ocurre con el correo postal ordinario: nada impide poner en una carta o postal una direcci\u00f3n de remitente aleatoria: el correo llegar\u00e1 en cualquier caso. No obstante, hay tecnolog\u00edas desarrolladas en esta direcci\u00f3n: por ejemplo el remitente puede firmar sus mensajes mediante criptograf\u00eda de clave p\u00fablica.<\/p>\n<p>Los filtros autom\u00e1ticos antispam analizan el contenido de los mensajes buscando, por ejemplo, palabras como rolex, viagra, y sex que son las m\u00e1s usuales en los mensajes no deseados. No se recomienda utilizar estas palabras en la correspondencia por correo electr\u00f3nico: el mensaje podr\u00eda ser calificado como no deseado por los sistemas autom\u00e1ticos anti correo masivo.<\/p>\n","protected":false},"excerpt":{"rendered":"<p>El Centro REDES adhiere a toda iniciativa que evite la proliferaci\u00f3n de spam y de toda forma de correos no &hellip; <\/p>\n","protected":false},"author":1,"featured_media":0,"parent":0,"menu_order":0,"comment_status":"closed","ping_status":"closed","template":"","meta":{"_acf_changed":false,"_uag_custom_page_level_css":"","footnotes":""},"class_list":["post-1076","page","type-page","status-publish","hentry"],"acf":[],"uagb_featured_image_src":{"full":false,"thumbnail":false,"medium":false,"medium_large":false,"large":false,"tf-client-image-size":false,"1536x1536":false,"2048x2048":false,"trp-custom-language-flag":false,"widget-thumbnail":false,"education-zone-banner":false,"education-zone-image-full":false,"education-zone-image":false,"education-zone-recent-post":false,"education-zone-search-result":false,"education-zone-featured-course":false,"education-zone-testimonial":false,"education-zone-blog-full":false,"sow-carousel-default":false},"uagb_author_info":{"display_name":"geminis","author_link":"https:\/\/centroredes.org.ar\/index.php\/author\/geminis\/"},"uagb_comment_info":0,"uagb_excerpt":"El Centro REDES adhiere a toda iniciativa que evite la proliferaci\u00f3n de spam y de toda forma de correos no &hellip;","rttpg_featured_image_url":null,"rttpg_author":{"display_name":"geminis","author_link":"https:\/\/centroredes.org.ar\/index.php\/author\/geminis\/"},"rttpg_comment":0,"rttpg_category":null,"rttpg_excerpt":"El Centro REDES adhiere a toda iniciativa que evite la proliferaci\u00f3n de spam y de toda forma de correos no &hellip;","_links":{"self":[{"href":"https:\/\/centroredes.org.ar\/index.php\/wp-json\/wp\/v2\/pages\/1076","targetHints":{"allow":["GET"]}}],"collection":[{"href":"https:\/\/centroredes.org.ar\/index.php\/wp-json\/wp\/v2\/pages"}],"about":[{"href":"https:\/\/centroredes.org.ar\/index.php\/wp-json\/wp\/v2\/types\/page"}],"author":[{"embeddable":true,"href":"https:\/\/centroredes.org.ar\/index.php\/wp-json\/wp\/v2\/users\/1"}],"replies":[{"embeddable":true,"href":"https:\/\/centroredes.org.ar\/index.php\/wp-json\/wp\/v2\/comments?post=1076"}],"version-history":[{"count":1,"href":"https:\/\/centroredes.org.ar\/index.php\/wp-json\/wp\/v2\/pages\/1076\/revisions"}],"predecessor-version":[{"id":1077,"href":"https:\/\/centroredes.org.ar\/index.php\/wp-json\/wp\/v2\/pages\/1076\/revisions\/1077"}],"wp:attachment":[{"href":"https:\/\/centroredes.org.ar\/index.php\/wp-json\/wp\/v2\/media?parent=1076"}],"curies":[{"name":"wp","href":"https:\/\/api.w.org\/{rel}","templated":true}]}}